{"id":19,"date":"2020-09-24T10:12:47","date_gmt":"2020-09-24T14:12:47","guid":{"rendered":"https:\/\/psp-forum.org\/?page_id=19"},"modified":"2025-07-04T10:03:04","modified_gmt":"2025-07-04T14:03:04","slug":"leadership","status":"publish","type":"page","link":"https:\/\/psp-forum.org\/fr\/leadership\/","title":{"rendered":"Leadership"},"content":{"rendered":"<div data-elementor-type=\"wp-page\" data-elementor-id=\"19\" class=\"elementor elementor-19\" data-elementor-post-type=\"page\">\n\t\t\t\t\t\t<section class=\"elementor-section elementor-top-section elementor-element elementor-element-5ecf9c8 elementor-section-height-min-height elementor-section-boxed elementor-section-height-default elementor-section-items-middle\" data-id=\"5ecf9c8\" data-element_type=\"section\" data-e-type=\"section\" data-settings=\"{&quot;background_background&quot;:&quot;classic&quot;}\">\n\t\t\t\t\t\t\t<div class=\"elementor-background-overlay\"><\/div>\n\t\t\t\t\t\t\t<div class=\"elementor-container elementor-column-gap-default\">\n\t\t\t\t\t<div class=\"elementor-column elementor-col-100 elementor-top-column elementor-element elementor-element-bdec86f\" data-id=\"bdec86f\" data-element_type=\"column\" data-e-type=\"column\">\n\t\t\t<div class=\"elementor-widget-wrap elementor-element-populated\">\n\t\t\t\t\t\t<section class=\"elementor-section elementor-inner-section elementor-element elementor-element-9ed32cb elementor-section-height-min-height elementor-section-boxed elementor-section-height-default\" data-id=\"9ed32cb\" data-element_type=\"section\" data-e-type=\"section\">\n\t\t\t\t\t\t<div class=\"elementor-container elementor-column-gap-default\">\n\t\t\t\t\t<div class=\"elementor-column elementor-col-100 elementor-inner-column elementor-element elementor-element-7486992\" data-id=\"7486992\" data-element_type=\"column\" data-e-type=\"column\">\n\t\t\t<div class=\"elementor-widget-wrap elementor-element-populated\">\n\t\t\t\t\t\t<div class=\"elementor-element elementor-element-b44434b elementor-widget elementor-widget-heading\" data-id=\"b44434b\" data-element_type=\"widget\" data-e-type=\"widget\" data-widget_type=\"heading.default\">\n\t\t\t\t<div class=\"elementor-widget-container\">\n\t\t\t\t\t<h1 class=\"elementor-heading-title elementor-size-default\">Leadership<\/h1>\t\t\t\t<\/div>\n\t\t\t\t<\/div>\n\t\t\t\t\t<\/div>\n\t\t<\/div>\n\t\t\t\t\t<\/div>\n\t\t<\/section>\n\t\t\t\t\t<\/div>\n\t\t<\/div>\n\t\t\t\t\t<\/div>\n\t\t<\/section>\n\t\t\t\t<section class=\"elementor-section elementor-top-section elementor-element elementor-element-9316114 elementor-section-height-min-height elementor-section-boxed elementor-section-height-default elementor-section-items-middle\" data-id=\"9316114\" data-element_type=\"section\" data-e-type=\"section\" data-settings=\"{&quot;background_background&quot;:&quot;classic&quot;}\">\n\t\t\t\t\t\t\t<div class=\"elementor-background-overlay\"><\/div>\n\t\t\t\t\t\t\t<div class=\"elementor-container elementor-column-gap-default\">\n\t\t\t\t\t<div class=\"elementor-column elementor-col-100 elementor-top-column elementor-element elementor-element-e50a238\" data-id=\"e50a238\" data-element_type=\"column\" data-e-type=\"column\">\n\t\t\t<div class=\"elementor-widget-wrap elementor-element-populated\">\n\t\t\t\t\t\t<section class=\"elementor-section elementor-inner-section elementor-element elementor-element-5e04c64 elementor-section-boxed elementor-section-height-default elementor-section-height-default\" data-id=\"5e04c64\" data-element_type=\"section\" data-e-type=\"section\">\n\t\t\t\t\t\t<div class=\"elementor-container elementor-column-gap-default\">\n\t\t\t\t\t<div class=\"elementor-column elementor-col-50 elementor-inner-column elementor-element elementor-element-f9d24ed\" data-id=\"f9d24ed\" data-element_type=\"column\" data-e-type=\"column\">\n\t\t\t<div class=\"elementor-widget-wrap elementor-element-populated\">\n\t\t\t\t\t\t<div class=\"elementor-element elementor-element-b7cea01 elementor-widget elementor-widget-heading\" data-id=\"b7cea01\" data-element_type=\"widget\" data-e-type=\"widget\" data-widget_type=\"heading.default\">\n\t\t\t\t<div class=\"elementor-widget-container\">\n\t\t\t\t\t<h2 class=\"elementor-heading-title elementor-size-default\">Steve Gregory<\/h2>\t\t\t\t<\/div>\n\t\t\t\t<\/div>\n\t\t\t\t<div class=\"elementor-element elementor-element-9d028fd elementor-widget elementor-widget-text-editor\" data-id=\"9d028fd\" data-element_type=\"widget\" data-e-type=\"widget\" data-widget_type=\"text-editor.default\">\n\t\t\t\t<div class=\"elementor-widget-container\">\n\t\t\t\t\t\t\t\t\t<h4>Fondateur et pr\u00e9sident<\/h4>\t\t\t\t\t\t\t\t<\/div>\n\t\t\t\t<\/div>\n\t\t\t\t<div class=\"elementor-element elementor-element-77967da elementor-widget elementor-widget-text-editor\" data-id=\"77967da\" data-element_type=\"widget\" data-e-type=\"widget\" data-widget_type=\"text-editor.default\">\n\t\t\t\t<div class=\"elementor-widget-container\">\n\t\t\t\t\t\t\t\t\t<p><strong>Stephen (Steve) Gregory, MSM<\/strong> dirige depuis 1989 la soci\u00e9t\u00e9 IsaiX Technologies Inc. sp\u00e9cialis\u00e9e dans le d\u00e9veloppement organisationnel et la technologie pour la vente. En outre, il si\u00e8ge en tant qu'administrateur au conseil d'administration de deux soci\u00e9t\u00e9s cot\u00e9es \u00e0 la Bourse de Toronto.<\/p><p>En 2006, il a cofond\u00e9 la \"3e Batterie de l'Artillerie de Montr\u00e9al\", un organisme de bienfaisance qui soutient les cadets et les anciens combattants. En 2015, il a cofond\u00e9 The Respect Campaign, qui facilite une initiative nationale de r\u00e9seautage impliquant des forums dans plus de 20 villes canadiennes. Ce r\u00e9seau favorise la collaboration entre les intervenants qui soutiennent la sant\u00e9 mentale de nos hommes et de nos femmes en uniforme. \u00c0 divers titres, il a contribu\u00e9 \u00e0 la collecte de plus de 3 millions de dollars pour les familles de nos soldats, ainsi qu'\u00e0 diverses initiatives de sensibilisation de la communaut\u00e9.<\/p><p>Steve, soutenu par des \u00e9quipes de b\u00e9n\u00e9voles au Canada, en Sicile et aux Pays-Bas, a organis\u00e9 des marches de 325 km \u00e0 travers la Sicile en 2013, 2018 et 2023. Ces marches ont rendu hommage \u00e0 ceux qui ont combattu et sont morts de tous les c\u00f4t\u00e9s au cours de l'op\u00e9ration Husky, la campagne alli\u00e9e en Sicile en 1943. Trois documentaires sur l'op\u00e9ration Husky sont aujourd'hui diffus\u00e9s en Italie et au Canada, perp\u00e9tuant la m\u00e9moire des soldats tomb\u00e9s au combat et l'histoire de la campagne alli\u00e9e. En 2023, Steve et son \u00e9quipe de b\u00e9n\u00e9voles siciliens ont ouvert la Marche pour le souvenir et la paix (Il percorso per il ricordo e la pace), un sentier p\u00e9destre de 325 km enti\u00e8rement cartographi\u00e9, con\u00e7u pour souligner le fait que la Sicile est le premier exemple de consolidation de la paix r\u00e9ussie par les arm\u00e9es alli\u00e9es, \u00e0 la suite de l'invasion de la Sicile et de la lib\u00e9ration de l'Italie en 1943.<\/p>\t\t\t\t\t\t\t\t<\/div>\n\t\t\t\t<\/div>\n\t\t\t\t\t<\/div>\n\t\t<\/div>\n\t\t\t\t<div class=\"elementor-column elementor-col-50 elementor-inner-column elementor-element elementor-element-3a30622\" data-id=\"3a30622\" data-element_type=\"column\" data-e-type=\"column\">\n\t\t\t<div class=\"elementor-widget-wrap elementor-element-populated\">\n\t\t\t\t\t\t<div class=\"elementor-element elementor-element-c406743 elementor-widget elementor-widget-image\" data-id=\"c406743\" data-element_type=\"widget\" data-e-type=\"widget\" data-widget_type=\"image.default\">\n\t\t\t\t<div class=\"elementor-widget-container\">\n\t\t\t\t\t\t\t\t\t\t\t\t\t\t\t<img fetchpriority=\"high\" decoding=\"async\" width=\"413\" height=\"413\" src=\"https:\/\/psp-forum.org\/wp-content\/uploads\/2020\/10\/gregory-steve-small-e1674260666522.jpg\" class=\"attachment-full size-full wp-image-319\" alt=\"\" srcset=\"https:\/\/psp-forum.org\/wp-content\/uploads\/2020\/10\/gregory-steve-small-e1674260666522.jpg 413w, https:\/\/psp-forum.org\/wp-content\/uploads\/2020\/10\/gregory-steve-small-e1674260666522-300x300.jpg 300w, https:\/\/psp-forum.org\/wp-content\/uploads\/2020\/10\/gregory-steve-small-e1674260666522-150x150.jpg 150w, https:\/\/psp-forum.org\/wp-content\/uploads\/2020\/10\/gregory-steve-small-e1674260666522-12x12.jpg 12w\" sizes=\"(max-width: 413px) 100vw, 413px\" \/>\t\t\t\t\t\t\t\t\t\t\t\t\t\t\t<\/div>\n\t\t\t\t<\/div>\n\t\t\t\t\t<\/div>\n\t\t<\/div>\n\t\t\t\t\t<\/div>\n\t\t<\/section>\n\t\t\t\t<div class=\"elementor-element elementor-element-2c38dea elementor-widget elementor-widget-theme-post-title elementor-page-title elementor-widget-heading\" data-id=\"2c38dea\" data-element_type=\"widget\" data-e-type=\"widget\" data-widget_type=\"theme-post-title.default\">\n\t\t\t\t<div class=\"elementor-widget-container\">\n\t\t\t\t\t<h3 class=\"elementor-heading-title elementor-size-default\">Leadership<\/h3>\t\t\t\t<\/div>\n\t\t\t\t<\/div>\n\t\t\t\t<section class=\"elementor-section elementor-inner-section elementor-element elementor-element-5626af0 elementor-section-boxed elementor-section-height-default elementor-section-height-default\" data-id=\"5626af0\" data-element_type=\"section\" data-e-type=\"section\">\n\t\t\t\t\t\t<div class=\"elementor-container elementor-column-gap-default\">\n\t\t\t\t\t<div class=\"elementor-column elementor-col-50 elementor-inner-column elementor-element elementor-element-71fe756\" data-id=\"71fe756\" data-element_type=\"column\" data-e-type=\"column\">\n\t\t\t<div class=\"elementor-widget-wrap elementor-element-populated\">\n\t\t\t\t\t\t<div class=\"elementor-element elementor-element-de6a266 elementor-widget elementor-widget-image\" data-id=\"de6a266\" data-element_type=\"widget\" data-e-type=\"widget\" data-widget_type=\"image.default\">\n\t\t\t\t<div class=\"elementor-widget-container\">\n\t\t\t\t\t\t\t\t\t\t\t\t\t\t\t<img decoding=\"async\" width=\"457\" height=\"457\" src=\"https:\/\/psp-forum.org\/wp-content\/uploads\/2024\/01\/Brigadier-general-retraite-Richard-Giguere.jpg\" class=\"attachment-large size-large wp-image-4496\" alt=\"\" srcset=\"https:\/\/psp-forum.org\/wp-content\/uploads\/2024\/01\/Brigadier-general-retraite-Richard-Giguere.jpg 457w, https:\/\/psp-forum.org\/wp-content\/uploads\/2024\/01\/Brigadier-general-retraite-Richard-Giguere-300x300.jpg 300w, https:\/\/psp-forum.org\/wp-content\/uploads\/2024\/01\/Brigadier-general-retraite-Richard-Giguere-150x150.jpg 150w, https:\/\/psp-forum.org\/wp-content\/uploads\/2024\/01\/Brigadier-general-retraite-Richard-Giguere-12x12.jpg 12w\" sizes=\"(max-width: 457px) 100vw, 457px\" \/>\t\t\t\t\t\t\t\t\t\t\t\t\t\t\t<\/div>\n\t\t\t\t<\/div>\n\t\t\t\t\t<\/div>\n\t\t<\/div>\n\t\t\t\t<div class=\"elementor-column elementor-col-50 elementor-inner-column elementor-element elementor-element-ff18ea6\" data-id=\"ff18ea6\" data-element_type=\"column\" data-e-type=\"column\">\n\t\t\t<div class=\"elementor-widget-wrap elementor-element-populated\">\n\t\t\t\t\t\t<div class=\"elementor-element elementor-element-896f4be elementor-widget elementor-widget-heading\" data-id=\"896f4be\" data-element_type=\"widget\" data-e-type=\"widget\" data-widget_type=\"heading.default\">\n\t\t\t\t<div class=\"elementor-widget-container\">\n\t\t\t\t\t<h2 class=\"elementor-heading-title elementor-size-default\">Bg\u00e9n (ret) Richard Gigu\u00e8re<\/h2>\t\t\t\t<\/div>\n\t\t\t\t<\/div>\n\t\t\t\t<div class=\"elementor-element elementor-element-3272672 elementor-widget elementor-widget-text-editor\" data-id=\"3272672\" data-element_type=\"widget\" data-e-type=\"widget\" data-widget_type=\"text-editor.default\">\n\t\t\t\t<div class=\"elementor-widget-container\">\n\t\t\t\t\t\t\t\t\t<p>Le Bg\u00e9n (ret) Richard Gigu\u00e8re a plus de 35 ans d'exp\u00e9rience dans l'arm\u00e9e canadienne.  D\u00e9ploy\u00e9 en Allemagne, en Ha\u00efti, \u00e0 Kaboul et \u00e0 Kandahar, il a \u00e9galement \u00e9t\u00e9 attach\u00e9 militaire \u00e0 Washington.  Il a eu le privil\u00e8ge de commander le 2e Bataillon du Royal 22e R\u00e9giment et la Citadelle de Qu\u00e9bec, le Secteur du Qu\u00e9bec de la Force terrestre et la Force op\u00e9rationnelle interarm\u00e9es (Est), ainsi que le Coll\u00e8ge des Forces canadiennes \u00e0 Toronto.\u00a0<\/p><p>Apr\u00e8s sa retraite militaire, il est devenu expert en r\u00e9sidence \u00e0 l'\u00c9cole sup\u00e9rieure d'\u00e9tudes internationales de l'Universit\u00e9 Laval, professeur associ\u00e9 \u00e0 l'\u00c9cole nationale d'administration publique (ENAP) et charg\u00e9 de cours \u00e0 l'Universit\u00e9 du Qu\u00e9bec \u00e0 Chicoutimi.  Dipl\u00f4m\u00e9 de l'\u00c9cole de guerre de Paris, il est titulaire d'un baccalaur\u00e9at en \u00e9tudes militaires et strat\u00e9giques du Coll\u00e8ge militaire royal de Saint-Jean et d'un dipl\u00f4me d'\u00e9tudes sup\u00e9rieures sp\u00e9cialis\u00e9es en \u00e9tudes strat\u00e9giques de l'Universit\u00e9 Paris XIII (Sorbonne Paris-Nord).  Il a suivi une formation \u00e0 la Harvard Kennedy School et \u00e0 la United States Joint and Combined Warfighting School \u00e0 Norfolk, en Virginie.\u00a0\u00a0<\/p><p>En 2019, il a \u00e9t\u00e9 nomm\u00e9 colonel honoraire du R\u00e9giment du Saguenay, une unit\u00e9 d'infanterie de la R\u00e9serve de l'arm\u00e9e canadienne.<\/p>\t\t\t\t\t\t\t\t<\/div>\n\t\t\t\t<\/div>\n\t\t\t\t\t<\/div>\n\t\t<\/div>\n\t\t\t\t\t<\/div>\n\t\t<\/section>\n\t\t\t\t<section class=\"elementor-section elementor-inner-section elementor-element elementor-element-4550ac4 elementor-section-boxed elementor-section-height-default elementor-section-height-default\" data-id=\"4550ac4\" data-element_type=\"section\" data-e-type=\"section\">\n\t\t\t\t\t\t<div class=\"elementor-container elementor-column-gap-default\">\n\t\t\t\t\t<div class=\"elementor-column elementor-col-50 elementor-inner-column elementor-element elementor-element-316d7df\" data-id=\"316d7df\" data-element_type=\"column\" data-e-type=\"column\">\n\t\t\t<div class=\"elementor-widget-wrap elementor-element-populated\">\n\t\t\t\t\t\t<div class=\"elementor-element elementor-element-6971a3b elementor-widget elementor-widget-heading\" data-id=\"6971a3b\" data-element_type=\"widget\" data-e-type=\"widget\" data-widget_type=\"heading.default\">\n\t\t\t\t<div class=\"elementor-widget-container\">\n\t\t\t\t\t<h2 class=\"elementor-heading-title elementor-size-default\">John Mac E. Hannan, CD<\/h2>\t\t\t\t<\/div>\n\t\t\t\t<\/div>\n\t\t\t\t<div class=\"elementor-element elementor-element-6464f9f elementor-widget elementor-widget-text-editor\" data-id=\"6464f9f\" data-element_type=\"widget\" data-e-type=\"widget\" data-widget_type=\"text-editor.default\">\n\t\t\t\t<div class=\"elementor-widget-container\">\n\t\t\t\t\t\t\t\t\t<h4>Directeur des partenariats internationaux du Forum international pour la paix, la s\u00e9curit\u00e9 et la prosp\u00e9rit\u00e9<\/h4>\t\t\t\t\t\t\t\t<\/div>\n\t\t\t\t<\/div>\n\t\t\t\t<div class=\"elementor-element elementor-element-fd448b4 elementor-widget elementor-widget-text-editor\" data-id=\"fd448b4\" data-element_type=\"widget\" data-e-type=\"widget\" data-widget_type=\"text-editor.default\">\n\t\t\t\t<div class=\"elementor-widget-container\">\n\t\t\t\t\t\t\t\t\t<p><span style=\"font-weight: 400;\">John est le directeur des partenariats internationaux du Forum international pour la paix, la s\u00e9curit\u00e9 et la prosp\u00e9rit\u00e9 depuis 2020.\u00a0 Il a eu une carri\u00e8re de 30 ans en tant que consultant en gestion internationale, et continue de servir en tant qu'officier dans les Forces arm\u00e9es canadiennes.\u00a0 Son \u00e9pouse Marianna et lui r\u00e9sident \u00e0 Kirkland, au Qu\u00e9bec, et ils ont deux filles adultes.<\/span><\/p>\t\t\t\t\t\t\t\t<\/div>\n\t\t\t\t<\/div>\n\t\t\t\t\t<\/div>\n\t\t<\/div>\n\t\t\t\t<div class=\"elementor-column elementor-col-50 elementor-inner-column elementor-element elementor-element-166c07f\" data-id=\"166c07f\" data-element_type=\"column\" data-e-type=\"column\">\n\t\t\t<div class=\"elementor-widget-wrap elementor-element-populated\">\n\t\t\t\t\t\t<div class=\"elementor-element elementor-element-a0a5d9e elementor-widget elementor-widget-image\" data-id=\"a0a5d9e\" data-element_type=\"widget\" data-e-type=\"widget\" data-widget_type=\"image.default\">\n\t\t\t\t<div class=\"elementor-widget-container\">\n\t\t\t\t\t\t\t\t\t\t\t\t\t\t\t<img decoding=\"async\" width=\"500\" height=\"485\" src=\"https:\/\/psp-forum.org\/wp-content\/uploads\/2023\/10\/John-Hannon-500-x-485.jpg\" class=\"attachment-full size-full wp-image-4418\" alt=\"\" srcset=\"https:\/\/psp-forum.org\/wp-content\/uploads\/2023\/10\/John-Hannon-500-x-485.jpg 500w, https:\/\/psp-forum.org\/wp-content\/uploads\/2023\/10\/John-Hannon-500-x-485-300x291.jpg 300w, https:\/\/psp-forum.org\/wp-content\/uploads\/2023\/10\/John-Hannon-500-x-485-12x12.jpg 12w\" sizes=\"(max-width: 500px) 100vw, 500px\" \/>\t\t\t\t\t\t\t\t\t\t\t\t\t\t\t<\/div>\n\t\t\t\t<\/div>\n\t\t\t\t\t<\/div>\n\t\t<\/div>\n\t\t\t\t\t<\/div>\n\t\t<\/section>\n\t\t\t\t<section class=\"elementor-section elementor-inner-section elementor-element elementor-element-905e09c elementor-section-boxed elementor-section-height-default elementor-section-height-default\" data-id=\"905e09c\" data-element_type=\"section\" data-e-type=\"section\">\n\t\t\t\t\t\t<div class=\"elementor-container elementor-column-gap-default\">\n\t\t\t\t\t<div class=\"elementor-column elementor-col-50 elementor-inner-column elementor-element elementor-element-5d3ce36\" data-id=\"5d3ce36\" data-element_type=\"column\" data-e-type=\"column\">\n\t\t\t<div class=\"elementor-widget-wrap\">\n\t\t\t\t\t\t\t<\/div>\n\t\t<\/div>\n\t\t\t\t<div class=\"elementor-column elementor-col-50 elementor-inner-column elementor-element elementor-element-3b873f0\" data-id=\"3b873f0\" data-element_type=\"column\" data-e-type=\"column\">\n\t\t\t<div class=\"elementor-widget-wrap elementor-element-populated\">\n\t\t\t\t\t\t<div class=\"elementor-element elementor-element-3872931 elementor-widget elementor-widget-heading\" data-id=\"3872931\" data-element_type=\"widget\" data-e-type=\"widget\" data-widget_type=\"heading.default\">\n\t\t\t\t<div class=\"elementor-widget-container\">\n\t\t\t\t\t<h2 class=\"elementor-heading-title elementor-size-default\">Major Provenza<\/h2>\t\t\t\t<\/div>\n\t\t\t\t<\/div>\n\t\t\t\t<div class=\"elementor-element elementor-element-33a4b09 elementor-widget elementor-widget-text-editor\" data-id=\"33a4b09\" data-element_type=\"widget\" data-e-type=\"widget\" data-widget_type=\"text-editor.default\">\n\t\t\t\t<div class=\"elementor-widget-container\">\n\t\t\t\t\t\t\t\t\t<p>Bio \u00e0 suivre<\/p>\t\t\t\t\t\t\t\t<\/div>\n\t\t\t\t<\/div>\n\t\t\t\t\t<\/div>\n\t\t<\/div>\n\t\t\t\t\t<\/div>\n\t\t<\/section>\n\t\t\t\t<div class=\"elementor-element elementor-element-a0a2bbf elementor-widget elementor-widget-spacer\" data-id=\"a0a2bbf\" data-element_type=\"widget\" data-e-type=\"widget\" data-widget_type=\"spacer.default\">\n\t\t\t\t<div class=\"elementor-widget-container\">\n\t\t\t\t\t\t\t<div class=\"elementor-spacer\">\n\t\t\t<div class=\"elementor-spacer-inner\"><\/div>\n\t\t<\/div>\n\t\t\t\t\t\t<\/div>\n\t\t\t\t<\/div>\n\t\t\t\t\t<\/div>\n\t\t<\/div>\n\t\t\t\t\t<\/div>\n\t\t<\/section>\n\t\t\t\t<\/div>","protected":false},"excerpt":{"rendered":"<p>Leadership Steve Gregory Founder and Chairman Stephen (Steve) Gregory, MSM has led IsaiX Technologies Inc., a firm specializes in organizational development and technology for sales, since 1989. In addition, he sits as a director on the boards of two TSX-listed public companies. In 2006, he co-founded the \u201c3rd Battery of Montreal Artillery,\u201d a charity which [&hellip;]<\/p>\n","protected":false},"author":3,"featured_media":2755,"parent":0,"menu_order":0,"comment_status":"closed","ping_status":"closed","template":"elementor_header_footer","meta":{"footnotes":""},"class_list":["post-19","page","type-page","status-publish","has-post-thumbnail","hentry","entry","has-media"],"_links":{"self":[{"href":"https:\/\/psp-forum.org\/fr\/wp-json\/wp\/v2\/pages\/19","targetHints":{"allow":["GET"]}}],"collection":[{"href":"https:\/\/psp-forum.org\/fr\/wp-json\/wp\/v2\/pages"}],"about":[{"href":"https:\/\/psp-forum.org\/fr\/wp-json\/wp\/v2\/types\/page"}],"author":[{"embeddable":true,"href":"https:\/\/psp-forum.org\/fr\/wp-json\/wp\/v2\/users\/3"}],"replies":[{"embeddable":true,"href":"https:\/\/psp-forum.org\/fr\/wp-json\/wp\/v2\/comments?post=19"}],"version-history":[{"count":5,"href":"https:\/\/psp-forum.org\/fr\/wp-json\/wp\/v2\/pages\/19\/revisions"}],"predecessor-version":[{"id":5633,"href":"https:\/\/psp-forum.org\/fr\/wp-json\/wp\/v2\/pages\/19\/revisions\/5633"}],"wp:featuredmedia":[{"embeddable":true,"href":"https:\/\/psp-forum.org\/fr\/wp-json\/wp\/v2\/media\/2755"}],"wp:attachment":[{"href":"https:\/\/psp-forum.org\/fr\/wp-json\/wp\/v2\/media?parent=19"}],"curies":[{"name":"wp","href":"https:\/\/api.w.org\/{rel}","templated":true}]}}