{"id":2481,"date":"2021-11-13T08:30:40","date_gmt":"2021-11-13T13:30:40","guid":{"rendered":"https:\/\/psp-forum.org\/?page_id=2481"},"modified":"2022-03-15T23:08:14","modified_gmt":"2022-03-16T03:08:14","slug":"summary-of-student-contest-rules","status":"publish","type":"page","link":"https:\/\/psp-forum.org\/fr\/summary-of-student-contest-rules\/","title":{"rendered":"Summary of Student Contest Rules"},"content":{"rendered":"<div data-elementor-type=\"wp-page\" data-elementor-id=\"2481\" class=\"elementor elementor-2481\" data-elementor-post-type=\"page\">\n\t\t\t\t\t\t<section class=\"elementor-section elementor-top-section elementor-element elementor-element-10cd17ce elementor-section-height-min-height elementor-section-boxed elementor-section-height-default elementor-section-items-middle\" data-id=\"10cd17ce\" data-element_type=\"section\" data-e-type=\"section\" data-settings=\"{&quot;background_background&quot;:&quot;classic&quot;}\">\n\t\t\t\t\t\t\t<div class=\"elementor-background-overlay\"><\/div>\n\t\t\t\t\t\t\t<div class=\"elementor-container elementor-column-gap-default\">\n\t\t\t\t\t<div class=\"elementor-column elementor-col-100 elementor-top-column elementor-element elementor-element-374f30c0\" data-id=\"374f30c0\" data-element_type=\"column\" data-e-type=\"column\">\n\t\t\t<div class=\"elementor-widget-wrap elementor-element-populated\">\n\t\t\t\t\t\t<div class=\"elementor-element elementor-element-a18f000 elementor-widget elementor-widget-spacer\" data-id=\"a18f000\" data-element_type=\"widget\" data-e-type=\"widget\" data-widget_type=\"spacer.default\">\n\t\t\t\t<div class=\"elementor-widget-container\">\n\t\t\t\t\t\t\t<div class=\"elementor-spacer\">\n\t\t\t<div class=\"elementor-spacer-inner\"><\/div>\n\t\t<\/div>\n\t\t\t\t\t\t<\/div>\n\t\t\t\t<\/div>\n\t\t\t\t<div class=\"elementor-element elementor-element-5103266d elementor-widget elementor-widget-heading\" data-id=\"5103266d\" data-element_type=\"widget\" data-e-type=\"widget\" data-widget_type=\"heading.default\">\n\t\t\t\t<div class=\"elementor-widget-container\">\n\t\t\t\t\t<h1 class=\"elementor-heading-title elementor-size-default\">R\u00e9sum\u00e9 du r\u00e8glement du concours pour \u00e9tudiants - 29 octobre 2021<\/h1>\t\t\t\t<\/div>\n\t\t\t\t<\/div>\n\t\t\t\t<div class=\"elementor-element elementor-element-961528f elementor-widget elementor-widget-spacer\" data-id=\"961528f\" data-element_type=\"widget\" data-e-type=\"widget\" data-widget_type=\"spacer.default\">\n\t\t\t\t<div class=\"elementor-widget-container\">\n\t\t\t\t\t\t\t<div class=\"elementor-spacer\">\n\t\t\t<div class=\"elementor-spacer-inner\"><\/div>\n\t\t<\/div>\n\t\t\t\t\t\t<\/div>\n\t\t\t\t<\/div>\n\t\t\t\t\t<\/div>\n\t\t<\/div>\n\t\t\t\t\t<\/div>\n\t\t<\/section>\n\t\t\t\t<section class=\"elementor-section elementor-top-section elementor-element elementor-element-6d0b92f elementor-section-boxed elementor-section-height-default elementor-section-height-default\" data-id=\"6d0b92f\" data-element_type=\"section\" data-e-type=\"section\">\n\t\t\t\t\t\t<div class=\"elementor-container elementor-column-gap-default\">\n\t\t\t\t\t<div class=\"elementor-column elementor-col-100 elementor-top-column elementor-element elementor-element-4042051\" data-id=\"4042051\" data-element_type=\"column\" data-e-type=\"column\">\n\t\t\t<div class=\"elementor-widget-wrap elementor-element-populated\">\n\t\t\t\t\t\t<div class=\"elementor-element elementor-element-eec0f11 elementor-widget elementor-widget-text-editor\" data-id=\"eec0f11\" data-element_type=\"widget\" data-e-type=\"widget\" data-widget_type=\"text-editor.default\">\n\t\t\t\t<div class=\"elementor-widget-container\">\n\t\t\t\t\t\t\t\t\t<ol><li style=\"font-weight: 400;\" aria-level=\"1\"><span style=\"font-weight: 400;\">1.\tLe concours est ouvert aux \u00e9l\u00e8ves du secondaire qui sont actuellement en 10e - 12e ann\u00e9e ou \u00e9quivalent.<\/span><\/li><li style=\"font-weight: 400;\" aria-level=\"1\"><span style=\"font-weight: 400;\">2.\tLes \u00e9l\u00e8ves sont invit\u00e9s \u00e0 soumettre soit un essai de 750 \u00e0 1 500 mots ou une vid\u00e9o d'une dur\u00e9e maximale de 2 \u00e0 3 minutes, au format MP4, qui s'appuient sur l'un des trois th\u00e8mes du Forum de cette ann\u00e9e :<\/span><ol><li style=\"font-weight: 400;\" aria-level=\"2\"><span style=\"font-weight: 400;\">D\u00e9crire l'importance historique des efforts civils des Alli\u00e9s et de l'Italie pour r\u00e9tablir la paix, assurer la s\u00e9curit\u00e9 et jeter les bases de la prosp\u00e9rit\u00e9 dans la soci\u00e9t\u00e9 sicilienne imm\u00e9diatement apr\u00e8s la bataille de Sicile en 1943 ;<\/span><\/li><li style=\"font-weight: 400;\" aria-level=\"2\"><span style=\"font-weight: 400;\">D\u00e9crire l'importance pour la paix, la s\u00e9curit\u00e9 et la prosp\u00e9rit\u00e9 d'une op\u00e9ration r\u00e9cente de l'ONU, de l'OTAN ou de la coalition, en mettant en \u00e9vidence la coop\u00e9ration et le leadership civils et militaires ; ou<\/span><\/li><li style=\"font-weight: 400;\" aria-level=\"2\"><span style=\"font-weight: 400;\">Explorer l'impact des collaborations entre les gouvernements et les organisations civiles et la profession des armes, dans l'\u00e9tablissement d'une paix positive.<\/span><\/li><\/ol><\/li><li style=\"font-weight: 400;\" aria-level=\"1\"><span style=\"font-weight: 400;\">Les \u00e9l\u00e8ves ne peuvent soumettre un dossier que dans une seule cat\u00e9gorie.<\/span><\/li><li style=\"font-weight: 400;\" aria-level=\"1\" class=\"translation-block\">La date limite d'inscription et de soumission au concours est le <b>15 janvier 2022.  Aucune inscription ne sera accept\u00e9e ou prise en compte apr\u00e8s cette date.<\/b><\/li><li style=\"font-weight: 400;\" aria-level=\"1\"><span style=\"font-weight: 400;\">Les \u00e9coles secondaires participantes ne sont pas limit\u00e9es dans le nombre de soumissions d'\u00e9l\u00e8ves. Toutefois, une seule soumission par \u00e9l\u00e8ve ou groupe d'\u00e9l\u00e8ves est autoris\u00e9e et les \u00e9l\u00e8ves doivent choisir la cat\u00e9gorie dans laquelle ils souhaitent s'inscrire, car les inscriptions dans les deux cat\u00e9gories ne sont pas autoris\u00e9es.<\/span><\/li><li style=\"font-weight: 400;\" aria-level=\"1\"><span style=\"font-weight: 400;\">Toutes les soumissions doivent \u00eatre approuv\u00e9es par le directeur d\u2019\u00e9cole ou son repr\u00e9sentant avant d'\u00eatre envoy\u00e9es.  Les inscriptions re\u00e7ues sans cette approbation ne seront pas accept\u00e9es ou prises en compte.<\/span><\/li><li style=\"font-weight: 400;\" aria-level=\"1\" class=\"translation-block\">La s\u00e9lection des finalistes pour les essais et les vid\u00e9os sera effectu\u00e9e par un jury dont la d\u00e9cision sera d\u00e9finitive et sans appel.<\/li><li style=\"font-weight: 400;\" aria-level=\"1\"><span style=\"font-weight: 400;\">Il est entendu par tous les participants que toute contribution soumise est consid\u00e9r\u00e9e comme la propri\u00e9t\u00e9 de l'IFPSP \u00e0 des fins de publication.<\/span><\/li><li style=\"font-weight: 400;\" aria-level=\"1\"><span style=\"font-weight: 400;\">Les finalistes de l'option essai peuvent \u00eatre invit\u00e9s \u00e0 devenir un pan\u00e9liste vedette dans l'un des trois panels.  Les finalistes de la cat\u00e9gorie vid\u00e9o se verront offrir la possibilit\u00e9 de pr\u00e9senter leur vid\u00e9o lors du panel 4.<\/span><\/li><li style=\"font-weight: 400;\" aria-level=\"1\"><span style=\"font-weight: 400;\">Les soumissions de groupe ne sont autoris\u00e9es que si le groupe ne compte pas plus de trois \u00e9tudiants. Cependant, seul un membre du groupe sera s\u00e9lectionn\u00e9 pour pr\u00e9senter la contribution du groupe lors du Forum.<\/span><\/li><li style=\"font-weight: 400;\" aria-level=\"1\"><span style=\"font-weight: 400;\">L'annonce des gagnants de la premi\u00e8re, deuxi\u00e8me et troisi\u00e8me place pour les cat\u00e9gories essai et vid\u00e9o sera faite \u00e0 la fin du panel 4.<\/span><\/li><li style=\"font-weight: 400;\" aria-level=\"1\"><span style=\"font-weight: 400;\">L'IFPSP publiera tous les essais et vid\u00e9os m\u00e9ritants sur le site Web du Forum, en mettant en \u00e9vidence le nom des auteurs.<\/span><\/li><\/ol>\t\t\t\t\t\t\t\t<\/div>\n\t\t\t\t<\/div>\n\t\t\t\t<section class=\"elementor-section elementor-inner-section elementor-element elementor-element-d719b67 elementor-section-boxed elementor-section-height-default elementor-section-height-default\" data-id=\"d719b67\" data-element_type=\"section\" data-e-type=\"section\">\n\t\t\t\t\t\t<div class=\"elementor-container elementor-column-gap-default\">\n\t\t\t\t\t<div class=\"elementor-column elementor-col-50 elementor-inner-column elementor-element elementor-element-dcb5753\" data-id=\"dcb5753\" data-element_type=\"column\" data-e-type=\"column\">\n\t\t\t<div class=\"elementor-widget-wrap elementor-element-populated\">\n\t\t\t\t\t\t<div class=\"elementor-element elementor-element-200e95e7 elementor-align-center elementor-widget elementor-widget-button\" data-id=\"200e95e7\" data-element_type=\"widget\" data-e-type=\"widget\" data-widget_type=\"button.default\">\n\t\t\t\t<div class=\"elementor-widget-container\">\n\t\t\t\t\t\t\t\t\t<div class=\"elementor-button-wrapper\">\n\t\t\t\t\t<a class=\"elementor-button elementor-button-link elementor-size-sm elementor-animation-grow\" href=\"https:\/\/psp-forum.org\/wp-content\/uploads\/2021\/11\/Student-Contest-Rules-RM-8-Nov-FR.docx.pdf\" target=\"_blank\">\n\t\t\t\t\t\t<span class=\"elementor-button-content-wrapper\">\n\t\t\t\t\t\t\t\t\t<span class=\"elementor-button-text\">T\u00e9l\u00e9charger le r\u00e9sum\u00e9 du concours<\/span>\n\t\t\t\t\t<\/span>\n\t\t\t\t\t<\/a>\n\t\t\t\t<\/div>\n\t\t\t\t\t\t\t\t<\/div>\n\t\t\t\t<\/div>\n\t\t\t\t\t<\/div>\n\t\t<\/div>\n\t\t\t\t<div class=\"elementor-column elementor-col-50 elementor-inner-column elementor-element elementor-element-f65747d\" data-id=\"f65747d\" data-element_type=\"column\" data-e-type=\"column\">\n\t\t\t<div class=\"elementor-widget-wrap elementor-element-populated\">\n\t\t\t\t\t\t<div class=\"elementor-element elementor-element-465e6d5 elementor-align-center elementor-widget elementor-widget-button\" data-id=\"465e6d5\" data-element_type=\"widget\" data-e-type=\"widget\" data-widget_type=\"button.default\">\n\t\t\t\t<div class=\"elementor-widget-container\">\n\t\t\t\t\t\t\t\t\t<div class=\"elementor-button-wrapper\">\n\t\t\t\t\t<a class=\"elementor-button elementor-button-link elementor-size-sm elementor-animation-grow\" href=\"https:\/\/psp-forum.org\/wp-content\/uploads\/2021\/09\/Reglement-du-concours-PSP-2022.docx-1-1.pdf\" target=\"_blank\">\n\t\t\t\t\t\t<span class=\"elementor-button-content-wrapper\">\n\t\t\t\t\t\t\t\t\t<span class=\"elementor-button-text\">T\u00e9l\u00e9charger la version compl\u00e8te<\/span>\n\t\t\t\t\t<\/span>\n\t\t\t\t\t<\/a>\n\t\t\t\t<\/div>\n\t\t\t\t\t\t\t\t<\/div>\n\t\t\t\t<\/div>\n\t\t\t\t\t<\/div>\n\t\t<\/div>\n\t\t\t\t\t<\/div>\n\t\t<\/section>\n\t\t\t\t<div class=\"elementor-element elementor-element-3bf68a04 elementor-align-center elementor-widget elementor-widget-button\" data-id=\"3bf68a04\" data-element_type=\"widget\" data-e-type=\"widget\" data-widget_type=\"button.default\">\n\t\t\t\t<div class=\"elementor-widget-container\">\n\t\t\t\t\t\t\t\t\t<div class=\"elementor-button-wrapper\">\n\t\t\t\t\t<a class=\"elementor-button elementor-button-link elementor-size-lg elementor-animation-grow\" href=\"https:\/\/psp-forum.org\/fr\/register\/\">\n\t\t\t\t\t\t<span class=\"elementor-button-content-wrapper\">\n\t\t\t\t\t\t\t\t\t<span class=\"elementor-button-text\">Je veux participer<\/span>\n\t\t\t\t\t<\/span>\n\t\t\t\t\t<\/a>\n\t\t\t\t<\/div>\n\t\t\t\t\t\t\t\t<\/div>\n\t\t\t\t<\/div>\n\t\t\t\t\t<\/div>\n\t\t<\/div>\n\t\t\t\t\t<\/div>\n\t\t<\/section>\n\t\t\t\t<\/div>","protected":false},"excerpt":{"rendered":"<p>Summary of Student Contest Rules \u2013 29 October 2021 The contest is open to high school students who are currently in grades 10 to 12 or equivalent. Students are invited to submit one of either an essay of between 750 and 1,500 words, or a video of between 2 and 3 minutes, maximum, in length [&hellip;]<\/p>\n","protected":false},"author":3,"featured_media":2755,"parent":0,"menu_order":0,"comment_status":"closed","ping_status":"closed","template":"elementor_header_footer","meta":{"footnotes":""},"class_list":["post-2481","page","type-page","status-publish","has-post-thumbnail","hentry","entry","has-media"],"_links":{"self":[{"href":"https:\/\/psp-forum.org\/fr\/wp-json\/wp\/v2\/pages\/2481","targetHints":{"allow":["GET"]}}],"collection":[{"href":"https:\/\/psp-forum.org\/fr\/wp-json\/wp\/v2\/pages"}],"about":[{"href":"https:\/\/psp-forum.org\/fr\/wp-json\/wp\/v2\/types\/page"}],"author":[{"embeddable":true,"href":"https:\/\/psp-forum.org\/fr\/wp-json\/wp\/v2\/users\/3"}],"replies":[{"embeddable":true,"href":"https:\/\/psp-forum.org\/fr\/wp-json\/wp\/v2\/comments?post=2481"}],"version-history":[{"count":0,"href":"https:\/\/psp-forum.org\/fr\/wp-json\/wp\/v2\/pages\/2481\/revisions"}],"wp:featuredmedia":[{"embeddable":true,"href":"https:\/\/psp-forum.org\/fr\/wp-json\/wp\/v2\/media\/2755"}],"wp:attachment":[{"href":"https:\/\/psp-forum.org\/fr\/wp-json\/wp\/v2\/media?parent=2481"}],"curies":[{"name":"wp","href":"https:\/\/api.w.org\/{rel}","templated":true}]}}