{"id":3884,"date":"2023-06-24T15:49:35","date_gmt":"2023-06-24T19:49:35","guid":{"rendered":"https:\/\/psp-forum.org\/?page_id=3884"},"modified":"2023-06-29T09:00:23","modified_gmt":"2023-06-29T13:00:23","slug":"the-sicily","status":"publish","type":"page","link":"https:\/\/psp-forum.org\/fr\/the-sicily\/","title":{"rendered":"La Sicile"},"content":{"rendered":"<div data-elementor-type=\"wp-page\" data-elementor-id=\"3884\" class=\"elementor elementor-3884\" data-elementor-post-type=\"page\">\n\t\t\t\t\t\t<section class=\"elementor-section elementor-top-section elementor-element elementor-element-10cd17ce elementor-section-height-min-height elementor-section-boxed elementor-section-height-default elementor-section-items-middle\" data-id=\"10cd17ce\" data-element_type=\"section\" data-e-type=\"section\" data-settings=\"{&quot;background_background&quot;:&quot;classic&quot;}\">\n\t\t\t\t\t\t\t<div class=\"elementor-background-overlay\"><\/div>\n\t\t\t\t\t\t\t<div class=\"elementor-container elementor-column-gap-default\">\n\t\t\t\t\t<div class=\"elementor-column elementor-col-100 elementor-top-column elementor-element elementor-element-374f30c0\" data-id=\"374f30c0\" data-element_type=\"column\" data-e-type=\"column\">\n\t\t\t<div class=\"elementor-widget-wrap elementor-element-populated\">\n\t\t\t\t\t\t<section class=\"elementor-section elementor-inner-section elementor-element elementor-element-54ce1719 elementor-section-height-min-height elementor-section-boxed elementor-section-height-default\" data-id=\"54ce1719\" data-element_type=\"section\" data-e-type=\"section\">\n\t\t\t\t\t\t<div class=\"elementor-container elementor-column-gap-default\">\n\t\t\t\t\t<div class=\"elementor-column elementor-col-100 elementor-inner-column elementor-element elementor-element-2462335a\" data-id=\"2462335a\" data-element_type=\"column\" data-e-type=\"column\">\n\t\t\t<div class=\"elementor-widget-wrap elementor-element-populated\">\n\t\t\t\t\t\t<div class=\"elementor-element elementor-element-5103266d elementor-widget elementor-widget-heading\" data-id=\"5103266d\" data-element_type=\"widget\" data-e-type=\"widget\" data-widget_type=\"heading.default\">\n\t\t\t\t<div class=\"elementor-widget-container\">\n\t\t\t\t\t<h1 class=\"elementor-heading-title elementor-size-default\">La Sicile<\/h1>\t\t\t\t<\/div>\n\t\t\t\t<\/div>\n\t\t\t\t<div class=\"elementor-element elementor-element-90eb888 elementor-widget elementor-widget-heading\" data-id=\"90eb888\" data-element_type=\"widget\" data-e-type=\"widget\" data-widget_type=\"heading.default\">\n\t\t\t\t<div class=\"elementor-widget-container\">\n\t\t\t\t\t<h2 class=\"elementor-heading-title elementor-size-default\">Conf\u00e9rence sur la paix, la s\u00e9curit\u00e9 et la prosp\u00e9rit\u00e9<\/h2>\t\t\t\t<\/div>\n\t\t\t\t<\/div>\n\t\t\t\t\t<\/div>\n\t\t<\/div>\n\t\t\t\t\t<\/div>\n\t\t<\/section>\n\t\t\t\t<div class=\"elementor-element elementor-element-961528f elementor-widget elementor-widget-spacer\" data-id=\"961528f\" data-element_type=\"widget\" data-e-type=\"widget\" data-widget_type=\"spacer.default\">\n\t\t\t\t<div class=\"elementor-widget-container\">\n\t\t\t\t\t\t\t<div class=\"elementor-spacer\">\n\t\t\t<div class=\"elementor-spacer-inner\"><\/div>\n\t\t<\/div>\n\t\t\t\t\t\t<\/div>\n\t\t\t\t<\/div>\n\t\t\t\t\t<\/div>\n\t\t<\/div>\n\t\t\t\t\t<\/div>\n\t\t<\/section>\n\t\t\t\t<section class=\"elementor-section elementor-top-section elementor-element elementor-element-6d0b92f elementor-section-boxed elementor-section-height-default elementor-section-height-default\" data-id=\"6d0b92f\" data-element_type=\"section\" data-e-type=\"section\">\n\t\t\t\t\t\t<div class=\"elementor-container elementor-column-gap-default\">\n\t\t\t\t\t<div class=\"elementor-column elementor-col-100 elementor-top-column elementor-element elementor-element-4042051\" data-id=\"4042051\" data-element_type=\"column\" data-e-type=\"column\">\n\t\t\t<div class=\"elementor-widget-wrap elementor-element-populated\">\n\t\t\t\t\t\t<div class=\"elementor-element elementor-element-a9266c7 elementor-widget elementor-widget-video\" data-id=\"a9266c7\" data-element_type=\"widget\" data-e-type=\"widget\" data-settings=\"{&quot;youtube_url&quot;:&quot;https:\\\/\\\/youtu.be\\\/bf0kpjbAg6M&quot;,&quot;video_type&quot;:&quot;youtube&quot;,&quot;controls&quot;:&quot;yes&quot;}\" data-widget_type=\"video.default\">\n\t\t\t\t<div class=\"elementor-widget-container\">\n\t\t\t\t\t\t\t<div class=\"elementor-wrapper elementor-open-inline\">\n\t\t\t<div class=\"elementor-video\"><\/div>\t\t<\/div>\n\t\t\t\t\t\t<\/div>\n\t\t\t\t<\/div>\n\t\t\t\t<div class=\"elementor-element elementor-element-63f5461 elementor-widget elementor-widget-heading\" data-id=\"63f5461\" data-element_type=\"widget\" data-e-type=\"widget\" data-widget_type=\"heading.default\">\n\t\t\t\t<div class=\"elementor-widget-container\">\n\t\t\t\t\t<h2 class=\"elementor-heading-title elementor-size-default\">Ordre du jour<\/h2>\t\t\t\t<\/div>\n\t\t\t\t<\/div>\n\t\t\t\t<section class=\"elementor-section elementor-inner-section elementor-element elementor-element-1eeda64 elementor-section-boxed elementor-section-height-default elementor-section-height-default\" data-id=\"1eeda64\" data-element_type=\"section\" data-e-type=\"section\">\n\t\t\t\t\t\t<div class=\"elementor-container elementor-column-gap-default\">\n\t\t\t\t\t<div class=\"elementor-column elementor-col-100 elementor-inner-column elementor-element elementor-element-963c0a1\" data-id=\"963c0a1\" data-element_type=\"column\" data-e-type=\"column\">\n\t\t\t<div class=\"elementor-widget-wrap elementor-element-populated\">\n\t\t\t\t\t\t<div class=\"elementor-element elementor-element-e007c72 elementor-widget elementor-widget-text-editor\" data-id=\"e007c72\" data-element_type=\"widget\" data-e-type=\"widget\" data-widget_type=\"text-editor.default\">\n\t\t\t\t<div class=\"elementor-widget-container\">\n\t\t\t\t\t\t\t\t\t<h2><span style=\"color: #000000;\"><strong>Vendredi 7 juillet 2023<\/strong><\/span><\/h2><h4>0930 Session VIP et d'ouverture<\/h4><ul><li>Remarques pr\u00e9liminaires de M. Steve Gregory, fondateur de l'IFPSP<\/li><li>Repr\u00e9sentant de la r\u00e9gion sicilienne<\/li><li>Commandant de l'arm\u00e9e en Sicile, le g\u00e9n\u00e9ral de division Maurizio Angelo Scardino<\/li><li>Repr\u00e9sentant de la ville de Catane<\/li><li>Le tr\u00e8s honorable Edward Llewellyn, ambassadeur du Royaume-Uni en Italie<\/li><li>M. Tony Loffreda, s\u00e9nateur canadien repr\u00e9sentant la province de Qu\u00e9bec<\/li><li>Repr\u00e9sentant de l'ambassade des \u00c9tats-Unis en Italie<\/li><li>Repr\u00e9sentant de l'ambassade en Allemagne<\/li><li>Joseph Lonardo, avocat g\u00e9n\u00e9ral, The National Italian American Foundation<\/li><\/ul><h4>1030 Le point de vue italien sur la campagne de 1943<\/h4><ul><li>Dr Alfio Caruso : L'impact des \u00e9v\u00e9nements de 1943 sur la population civile<\/li><li>Dr Salvatore Platania : Le d\u00e9barquement vu par la population sicilienne<\/li><li>Dr Marco Gimillaro : La perception des forces arm\u00e9es en Sicile<\/li><li>Prof Federico Ciavattone : Federico Ciavattone : La perception des volontaires de l'Arditi et des parachutistes<\/li><\/ul><h4>1130 Session historique mod\u00e9r\u00e9e par Justin Maciejewski, directeur du Mus\u00e9e national de l'Arm\u00e9e<\/h4><ul><li>Dr John Curatola, Mus\u00e9e national de la Seconde Guerre mondiale.<\/li><li>Dr Tim Cook, Mus\u00e9e canadien de la guerre<\/li><li>Fr\u00e8res Waymand du Mus\u00e9e national de la Seconde Guerre mondiale<\/li><li>Charles Djou, directeur de l'American Battle Monument Commission (ABMC)<\/li><\/ul><h4>1330 Brunch offert par la ville m\u00e9tropolitaine de Catane<\/h4><h4>1430 Dr Joseph Quinn, Their Finest Hour, Universit\u00e9 d'Oxford<\/h4><h4>1500 Reconstruction d'apr\u00e8s-guerre et paix (salle C3) :<\/h4><ul><li><strong>Monsieur Steve Gregory<\/strong> animera la session avec des experts internationaux, dont le <strong>Dr Martin Nassua<\/strong> de l'Institut allemand de d\u00e9fense et d'\u00e9tudes strat\u00e9giques <strong>Helmut-Schmidt<\/strong> Universit\u00e4t\/Universit\u00e4t der Bundeswehr Hamburg et le <strong>Capitaine Sara Isgro<\/strong> Capitaine Sara Isgro sur la reconstruction et la paix.\net de la paix sur le th\u00e8me de l'AMGOT et du programme de reconstruction : AMGOT et le programme de reconstruction.<\/li><\/ul><h4>1600 L'Association sicilienne des v\u00e9hicules \u00e0 moteur<\/h4><ul><li>Professeur Angelo Privitera<\/li><li>Dr Federico Magiavacchi<\/li><li>Dr Franco Scalisi<\/li><\/ul><h4>Cette pr\u00e9sentation sera suivie d'une visite du parking militaire ext\u00e9rieur et des avenues du complexe \"Le Ciminiere\".<\/h4><h4>1715 Fin de la premi\u00e8re journ\u00e9e<\/h4><h4>Le programme peut \u00eatre modifi\u00e9 par les organisateurs de la conf\u00e9rence.<\/h4><h4>\u00a0<\/h4><h2><strong><span style=\"color: #000000;\">Samedi 8 juillet 2023<\/span><\/strong><\/h2><h4>\u00a0<\/h4><h4>0900 L'approche britannique de la comm\u00e9moration pr\u00e9sent\u00e9e par Edmund O'Sullivan<\/h4><ul><li>Gavin Mortimer, auteur et historien<\/li><li>Ian Pearson de la Durham Light Infantry (DLI) Association sur la DLI en Sicile<\/li><li>Mark Howard, historien ind\u00e9pendant, photographie de la Sicile en 1943<\/li><li>Steve Erskine, chercheur au Green Howards Museum sur les Green Howards<\/li><li>Richard O'Sullivan, du mus\u00e9e des London Irish Rifles, sur la 38e brigade (irlandaise)<\/li><li>Michael Leese sur le g\u00e9n\u00e9ral Oliver Leese<\/li><\/ul><h4>1100 Caf\u00e9<\/h4><h4>1130 L'approche italienne de la comm\u00e9moration<\/h4><ul><li>Angelo Plumari, historien sicilien, sur le langage de la comm\u00e9moration<\/li><li>Salvatore Maltese, directeur du Museo Storico dello Sbarco en Sicile 1943<\/li><li>Antonello Forestiere, historien sicilien<\/li><li>Arch. Daniela Villari, sur Catane : Un \"hier et aujourd'hui\" racont\u00e9 \u00e0 travers des photographies<\/li><\/ul><h4>1330 Brunch offert par la ville m\u00e9tropolitaine de Catane<\/h4><h4>1430 Brainstorming : Une approche nationale de la comm\u00e9moration<\/h4><ul><li>Introduction par le g\u00e9n\u00e9ral de division Scardino<\/li><li>Le public sera charg\u00e9 de travailler en petits groupes pour appliquer une m\u00e9thodologie d'analyse SWOT (forces, faiblesses, opportunit\u00e9s, menaces), afin d'explorer, \u00e0 travers trois sessions de travail, la faisabilit\u00e9 et les avantages d'un syst\u00e8me national de comm\u00e9moration.<\/li><li>Facilitateur : M. Robert Desourdis<\/li><\/ul><h4>1630 Sintesi del workshop<\/h4><h4>1645 Remarques finales de Steve Gregory<\/h4><h4>18h00 Pr\u00e9sentation et projection en avant-premi\u00e8re nationale du film documentaire (salle C1-1200) :<\/h4><ul><li>Pour la libert\u00e9. La guerre secr\u00e8te de l'OSS en Italie 1943-1945<\/li><li>\u00c9crit et r\u00e9alis\u00e9 par Ezio Costanzo, (90 minutes en langue italienne avec sous-titres en anglais)<\/li><\/ul><h4>2030 Concert de cl\u00f4ture dans l'amphith\u00e9\u00e2tre<\/h4><h4>Le concert sera donn\u00e9 par la fanfare militaire Banda Aosta.<\/h4><h4>\u00a0<\/h4><h2>Autres activit\u00e9s<\/h2><h3><strong><span style=\"color: #000000;\">Dimanche 9 juillet<\/span><\/strong><\/h3><h4>1200 Service du souvenir au cimeti\u00e8re militaire de Catane<\/h4><h4>18h00 Service comm\u00e9moratif au cimeti\u00e8re militaire de Syracuse<\/h4><h4>2000 Service comm\u00e9moratif au cimeti\u00e8re de Pachino<\/h4><h4>\u00a0<\/h4><h3><strong><span style=\"color: #000000;\">Lundi 10 juillet<\/span><\/strong><\/h3><h4>0545 D\u00e9barquement \u00e0 Pachino pour la 1re Division canadienne, \u00e0 Avola pour la 8e Arm\u00e9e et \u00e0 Gela\/Licata pour la 7e Arm\u00e9e.<\/h4><h4>0630 D\u00e9p\u00f4t d'une gerbe au m\u00e9morial Caduti de Pachino<\/h4><h4>1030 Les d\u00e9l\u00e9gu\u00e9s britanniques et canadiens se rendent \u00e0 Pachino.<\/h4><h4>19h00 \u00c9v\u00e9nement comm\u00e9moratif \u00e0 Pachino pour la 1 \u00e8re Division et la 1 \u00e8re Brigade blind\u00e9e du Canada<\/h4><h4>\u00a0<\/h4><h4>L'entr\u00e9e \u00e0 la conf\u00e9rence est gratuite pour les d\u00e9l\u00e9gu\u00e9s inscrits.<\/h4><h2><strong><a href=\"https:\/\/www.eventbrite.co.uk\/e\/the-sicily-peace-security-prosperity-conference-tickets-536972999697\" target=\"_blank\" rel=\"noopener\">Vous pouvez vous inscrire ici<\/a><\/strong><\/h2>\t\t\t\t\t\t\t\t<\/div>\n\t\t\t\t<\/div>\n\t\t\t\t\t<\/div>\n\t\t<\/div>\n\t\t\t\t\t<\/div>\n\t\t<\/section>\n\t\t\t\t<div class=\"elementor-element elementor-element-99dc593 elementor-widget elementor-widget-heading\" data-id=\"99dc593\" data-element_type=\"widget\" data-e-type=\"widget\" data-widget_type=\"heading.default\">\n\t\t\t\t<div class=\"elementor-widget-container\">\n\t\t\t\t\t<h4 class=\"elementor-heading-title elementor-size-default\">\n<\/h4>\t\t\t\t<\/div>\n\t\t\t\t<\/div>\n\t\t\t\t\t<\/div>\n\t\t<\/div>\n\t\t\t\t\t<\/div>\n\t\t<\/section>\n\t\t\t\t<\/div>","protected":false},"excerpt":{"rendered":"<p>The Sicily Peace, Security &#038; Prosperity Conference Agenda Friday, 7 July 2023 0930 VIP and opening Session Opening remarks by Mr Steve Gregory, founder of the IFPSP Sicilian Region Representative Army Commander in Sicily, Major General Maurizio Angelo Scardino Representative of the City of Catania The Rt Hon Edward Llewellyn, UK Ambassador to Italy Mr [&hellip;]<\/p>\n","protected":false},"author":3,"featured_media":2755,"parent":0,"menu_order":0,"comment_status":"closed","ping_status":"closed","template":"elementor_header_footer","meta":{"footnotes":""},"class_list":["post-3884","page","type-page","status-publish","has-post-thumbnail","hentry","entry","has-media"],"_links":{"self":[{"href":"https:\/\/psp-forum.org\/fr\/wp-json\/wp\/v2\/pages\/3884","targetHints":{"allow":["GET"]}}],"collection":[{"href":"https:\/\/psp-forum.org\/fr\/wp-json\/wp\/v2\/pages"}],"about":[{"href":"https:\/\/psp-forum.org\/fr\/wp-json\/wp\/v2\/types\/page"}],"author":[{"embeddable":true,"href":"https:\/\/psp-forum.org\/fr\/wp-json\/wp\/v2\/users\/3"}],"replies":[{"embeddable":true,"href":"https:\/\/psp-forum.org\/fr\/wp-json\/wp\/v2\/comments?post=3884"}],"version-history":[{"count":5,"href":"https:\/\/psp-forum.org\/fr\/wp-json\/wp\/v2\/pages\/3884\/revisions"}],"predecessor-version":[{"id":3925,"href":"https:\/\/psp-forum.org\/fr\/wp-json\/wp\/v2\/pages\/3884\/revisions\/3925"}],"wp:featuredmedia":[{"embeddable":true,"href":"https:\/\/psp-forum.org\/fr\/wp-json\/wp\/v2\/media\/2755"}],"wp:attachment":[{"href":"https:\/\/psp-forum.org\/fr\/wp-json\/wp\/v2\/media?parent=3884"}],"curies":[{"name":"wp","href":"https:\/\/api.w.org\/{rel}","templated":true}]}}