{"id":4174,"date":"2023-09-11T13:40:44","date_gmt":"2023-09-11T17:40:44","guid":{"rendered":"https:\/\/psp-forum.org\/?page_id=4174"},"modified":"2023-09-20T19:51:55","modified_gmt":"2023-09-20T23:51:55","slug":"un-international-day-of-peace","status":"publish","type":"page","link":"https:\/\/psp-forum.org\/fr\/un-international-day-of-peace\/","title":{"rendered":"Journ\u00e9e internationale de la paix des Nations Unies"},"content":{"rendered":"<div data-elementor-type=\"wp-page\" data-elementor-id=\"4174\" class=\"elementor elementor-4174\" data-elementor-post-type=\"page\">\n\t\t\t\t\t\t<section class=\"elementor-section elementor-top-section elementor-element elementor-element-2453563f elementor-section-height-min-height elementor-section-boxed elementor-section-height-default elementor-section-items-middle\" data-id=\"2453563f\" data-element_type=\"section\" data-e-type=\"section\" data-settings=\"{&quot;background_background&quot;:&quot;classic&quot;}\">\n\t\t\t\t\t\t\t<div class=\"elementor-background-overlay\"><\/div>\n\t\t\t\t\t\t\t<div class=\"elementor-container elementor-column-gap-default\">\n\t\t\t\t\t<div class=\"elementor-column elementor-col-100 elementor-top-column elementor-element elementor-element-3b21a695\" data-id=\"3b21a695\" data-element_type=\"column\" data-e-type=\"column\">\n\t\t\t<div class=\"elementor-widget-wrap elementor-element-populated\">\n\t\t\t\t\t\t<section class=\"elementor-section elementor-inner-section elementor-element elementor-element-5730ae56 elementor-section-height-min-height elementor-section-boxed elementor-section-height-default\" data-id=\"5730ae56\" data-element_type=\"section\" data-e-type=\"section\">\n\t\t\t\t\t\t<div class=\"elementor-container elementor-column-gap-default\">\n\t\t\t\t\t<div class=\"elementor-column elementor-col-100 elementor-inner-column elementor-element elementor-element-1bb01d50\" data-id=\"1bb01d50\" data-element_type=\"column\" data-e-type=\"column\">\n\t\t\t<div class=\"elementor-widget-wrap elementor-element-populated\">\n\t\t\t\t\t\t<div class=\"elementor-element elementor-element-2d0f441a elementor-widget elementor-widget-heading\" data-id=\"2d0f441a\" data-element_type=\"widget\" data-e-type=\"widget\" data-widget_type=\"heading.default\">\n\t\t\t\t<div class=\"elementor-widget-container\">\n\t\t\t\t\t<h1 class=\"elementor-heading-title elementor-size-default\">Journ\u00e9e internationale de la paix des Nations unies - 21 septembre<\/h1>\t\t\t\t<\/div>\n\t\t\t\t<\/div>\n\t\t\t\t\t<\/div>\n\t\t<\/div>\n\t\t\t\t\t<\/div>\n\t\t<\/section>\n\t\t\t\t\t<\/div>\n\t\t<\/div>\n\t\t\t\t\t<\/div>\n\t\t<\/section>\n\t\t\t\t<section class=\"elementor-section elementor-top-section elementor-element elementor-element-e6c36aa elementor-section-boxed elementor-section-height-default elementor-section-height-default\" data-id=\"e6c36aa\" data-element_type=\"section\" data-e-type=\"section\">\n\t\t\t\t\t\t<div class=\"elementor-container elementor-column-gap-narrow\">\n\t\t\t\t\t<div class=\"elementor-column elementor-col-100 elementor-top-column elementor-element elementor-element-c15a52c\" data-id=\"c15a52c\" data-element_type=\"column\" data-e-type=\"column\">\n\t\t\t<div class=\"elementor-widget-wrap elementor-element-populated\">\n\t\t\t\t\t\t<div class=\"elementor-element elementor-element-c9b49aa elementor-widget elementor-widget-heading\" data-id=\"c9b49aa\" data-element_type=\"widget\" data-e-type=\"widget\" data-widget_type=\"heading.default\">\n\t\t\t\t<div class=\"elementor-widget-container\">\n\t\t\t\t\t<h2 class=\"elementor-heading-title elementor-size-default\">Devenez un agent du changement :<\/h2>\t\t\t\t<\/div>\n\t\t\t\t<\/div>\n\t\t\t\t<section class=\"elementor-section elementor-inner-section elementor-element elementor-element-c244c81 elementor-section-boxed elementor-section-height-default elementor-section-height-default\" data-id=\"c244c81\" data-element_type=\"section\" data-e-type=\"section\">\n\t\t\t\t\t\t<div class=\"elementor-container elementor-column-gap-default\">\n\t\t\t\t\t<div class=\"elementor-column elementor-col-50 elementor-inner-column elementor-element elementor-element-03c40c0\" data-id=\"03c40c0\" data-element_type=\"column\" data-e-type=\"column\">\n\t\t\t<div class=\"elementor-widget-wrap elementor-element-populated\">\n\t\t\t\t\t\t<div class=\"elementor-element elementor-element-4058b41 elementor-widget elementor-widget-image\" data-id=\"4058b41\" data-element_type=\"widget\" data-e-type=\"widget\" data-widget_type=\"image.default\">\n\t\t\t\t<div class=\"elementor-widget-container\">\n\t\t\t\t\t\t\t\t\t\t\t\t\t\t\t<img fetchpriority=\"high\" decoding=\"async\" width=\"277\" height=\"300\" src=\"https:\/\/psp-forum.org\/wp-content\/uploads\/2023\/09\/Elizabeth-Spehar-277x300.png\" class=\"attachment-medium size-medium wp-image-4187\" alt=\"\" srcset=\"https:\/\/psp-forum.org\/wp-content\/uploads\/2023\/09\/Elizabeth-Spehar-277x300.png 277w, https:\/\/psp-forum.org\/wp-content\/uploads\/2023\/09\/Elizabeth-Spehar-11x12.png 11w, https:\/\/psp-forum.org\/wp-content\/uploads\/2023\/09\/Elizabeth-Spehar.png 346w\" sizes=\"(max-width: 277px) 100vw, 277px\" \/>\t\t\t\t\t\t\t\t\t\t\t\t\t\t\t<\/div>\n\t\t\t\t<\/div>\n\t\t\t\t\t<\/div>\n\t\t<\/div>\n\t\t\t\t<div class=\"elementor-column elementor-col-50 elementor-inner-column elementor-element elementor-element-6b8b9f1\" data-id=\"6b8b9f1\" data-element_type=\"column\" data-e-type=\"column\">\n\t\t\t<div class=\"elementor-widget-wrap elementor-element-populated\">\n\t\t\t\t\t\t<div class=\"elementor-element elementor-element-20e1271 elementor-widget elementor-widget-text-editor\" data-id=\"20e1271\" data-element_type=\"widget\" data-e-type=\"widget\" data-widget_type=\"text-editor.default\">\n\t\t\t\t<div class=\"elementor-widget-container\">\n\t\t\t\t\t\t\t\t\t<h1>Elizabeth Spehar<\/h1><h2>Sous-secr\u00e9taire g\u00e9n\u00e9ral des Nations unies charg\u00e9 du soutien \u00e0 la consolidation de la paix<\/h2>\t\t\t\t\t\t\t\t<\/div>\n\t\t\t\t<\/div>\n\t\t\t\t\t<\/div>\n\t\t<\/div>\n\t\t\t\t\t<\/div>\n\t\t<\/section>\n\t\t\t\t<div class=\"elementor-element elementor-element-0912c7a elementor-widget elementor-widget-video\" data-id=\"0912c7a\" data-element_type=\"widget\" data-e-type=\"widget\" data-settings=\"{&quot;youtube_url&quot;:&quot;https:\\\/\\\/youtu.be\\\/qVD1OClFumw?si=DH6LeHGTRGvnVCX1&quot;,&quot;video_type&quot;:&quot;youtube&quot;,&quot;controls&quot;:&quot;yes&quot;}\" data-widget_type=\"video.default\">\n\t\t\t\t<div class=\"elementor-widget-container\">\n\t\t\t\t\t<style>.elementor-element-0912c7a{display:none !important}<\/style>\t\t\t\t<\/div>\n\t\t\t\t<\/div>\n\t\t\t\t<div class=\"elementor-element elementor-element-6203a5b elementor-widget elementor-widget-video\" data-id=\"6203a5b\" data-element_type=\"widget\" data-e-type=\"widget\" data-settings=\"{&quot;youtube_url&quot;:&quot;https:\\\/\\\/youtu.be\\\/rgVwKLgBNAE?si=1U7hKQdNtrqqo876&quot;,&quot;video_type&quot;:&quot;youtube&quot;,&quot;controls&quot;:&quot;yes&quot;}\" data-no-translation=\"\" data-widget_type=\"video.default\">\n\t\t\t\t<div class=\"elementor-widget-container\">\n\t\t\t\t\t\t\t<div class=\"elementor-wrapper elementor-open-inline\">\n\t\t\t<div class=\"elementor-video\"><\/div>\t\t<\/div>\n\t\t\t\t\t\t<\/div>\n\t\t\t\t<\/div>\n\t\t\t\t<div class=\"elementor-element elementor-element-61ece15 elementor-widget elementor-widget-text-editor\" data-id=\"61ece15\" data-element_type=\"widget\" data-e-type=\"widget\" data-widget_type=\"text-editor.default\">\n\t\t\t\t<div class=\"elementor-widget-container\">\n\t\t\t\t\t\t\t\t\t<ul><li>\u00c9crivez un message de soutien \u00e0 Elizabeth Spehar sur l'importance de la jeunesse dans la lutte contre le racisme et la d\u00e9sinformation. Veuillez envoyer votre courriel \u00e0 internationalforumforpsp@gmail.com<\/li><li><a href=\"https:\/\/psp-forum.org\/fr\/international-student-essay-and-video-contest\/\">Faites entendre votre voix sur la sc\u00e8ne mondiale en participant \u00e0 la 4e \u00e9dition du concours \u00e9tudiant du Forum international pour la paix, la s\u00e9curit\u00e9 et la prosp\u00e9rit\u00e9 du 17 au 20 mars 2024.<\/a><\/li><li><a href=\"https:\/\/psp-forum.org\/fr\/quebec-virtual-conference-2\/\">Participez au colloque virtuel de Qu\u00e9bec 2024 le 12 avril 2024 pour apprendre \u00e0 prot\u00e9ger la paix et la s\u00e9curit\u00e9 durables.<\/a><\/li><li><strong style=\"color: #333333; font-family: Raleway, sans-serif; font-size: 36px;\"><a href=\"https:\/\/www.un.org\/fr\/observances\/international-day-peace\" target=\"_blank\" rel=\"noopener\">En savoir plus sur la Journ\u00e9e internationale de la paix des Nations unies<\/a><\/strong><\/li><\/ul>\t\t\t\t\t\t\t\t<\/div>\n\t\t\t\t<\/div>\n\t\t\t\t<div class=\"elementor-element elementor-element-fa86f3f elementor-widget elementor-widget-text-editor\" data-id=\"fa86f3f\" data-element_type=\"widget\" data-e-type=\"widget\" data-widget_type=\"text-editor.default\">\n\t\t\t\t<div class=\"elementor-widget-container\">\n\t\t\t\t\t\t\t\t\t<center><strong>Cliquez pour t\u00e9l\u00e9charger le poster<\/strong><\/center>\t\t\t\t\t\t\t\t<\/div>\n\t\t\t\t<\/div>\n\t\t\t\t<div class=\"elementor-element elementor-element-6adc934 elementor-widget elementor-widget-image\" data-id=\"6adc934\" data-element_type=\"widget\" data-e-type=\"widget\" data-no-translation=\"\" data-widget_type=\"image.default\">\n\t\t\t\t<div class=\"elementor-widget-container\">\n\t\t\t\t\t<style>.elementor-element-6adc934{display:none !important}<\/style>\t\t\t\t<\/div>\n\t\t\t\t<\/div>\n\t\t\t\t<div class=\"elementor-element elementor-element-afe3bf2 elementor-widget elementor-widget-image\" data-id=\"afe3bf2\" data-element_type=\"widget\" data-e-type=\"widget\" data-no-translation=\"\" data-widget_type=\"image.default\">\n\t\t\t\t<div class=\"elementor-widget-container\">\n\t\t\t\t\t\t\t\t\t\t\t\t\t\t\t\t<a href=\"https:\/\/psp-forum.org\/wp-content\/uploads\/2023\/09\/UN-poster-IFPSP-20-09-2023-v2-FR.pdf\">\n\t\t\t\t\t\t\t<img decoding=\"async\" width=\"194\" height=\"300\" src=\"https:\/\/psp-forum.org\/wp-content\/uploads\/2023\/09\/UN-poster-IFPSP-20-09-2023-v2-FRv2-194x300.jpg\" class=\"attachment-medium size-medium wp-image-4363\" alt=\"\" srcset=\"https:\/\/psp-forum.org\/wp-content\/uploads\/2023\/09\/UN-poster-IFPSP-20-09-2023-v2-FRv2-194x300.jpg 194w, https:\/\/psp-forum.org\/wp-content\/uploads\/2023\/09\/UN-poster-IFPSP-20-09-2023-v2-FRv2-662x1024.jpg 662w, https:\/\/psp-forum.org\/wp-content\/uploads\/2023\/09\/UN-poster-IFPSP-20-09-2023-v2-FRv2-768x1187.jpg 768w, https:\/\/psp-forum.org\/wp-content\/uploads\/2023\/09\/UN-poster-IFPSP-20-09-2023-v2-FRv2-8x12.jpg 8w, https:\/\/psp-forum.org\/wp-content\/uploads\/2023\/09\/UN-poster-IFPSP-20-09-2023-v2-FRv2.jpg 828w\" sizes=\"(max-width: 194px) 100vw, 194px\" \/>\t\t\t\t\t\t\t\t<\/a>\n\t\t\t\t\t\t\t\t\t\t\t\t\t\t\t<\/div>\n\t\t\t\t<\/div>\n\t\t\t\t<div class=\"elementor-element elementor-element-5d6b605 elementor-widget elementor-widget-image\" data-id=\"5d6b605\" data-element_type=\"widget\" data-e-type=\"widget\" data-no-translation=\"\" data-widget_type=\"image.default\">\n\t\t\t\t<div class=\"elementor-widget-container\">\n\t\t\t\t\t<style>.elementor-element-5d6b605{display:none !important}<\/style>\t\t\t\t<\/div>\n\t\t\t\t<\/div>\n\t\t\t\t\t<\/div>\n\t\t<\/div>\n\t\t\t\t\t<\/div>\n\t\t<\/section>\n\t\t\t\t<\/div>","protected":false},"excerpt":{"rendered":"<p>United Nations International Day of Peace &#8211; September 21 Become an agent of change: Elizabeth Spehar UN Assistant Secretary-General for Peacebuilding Support https:\/\/youtu.be\/qVD1OClFumw?si=DH6LeHGTRGvnVCX1https:\/\/youtu.be\/rgVwKLgBNAE?si=1U7hKQdNtrqqo876 Write a message of support to Elizabeth Spehar on the importance of youth in fighting racism and misinformation. Please send your email to internationalforumforpsp@gmail.com Make your voice heard on the world stage [&hellip;]<\/p>\n","protected":false},"author":3,"featured_media":2755,"parent":0,"menu_order":0,"comment_status":"closed","ping_status":"closed","template":"elementor_header_footer","meta":{"footnotes":""},"class_list":["post-4174","page","type-page","status-publish","has-post-thumbnail","hentry","entry","has-media"],"_links":{"self":[{"href":"https:\/\/psp-forum.org\/fr\/wp-json\/wp\/v2\/pages\/4174","targetHints":{"allow":["GET"]}}],"collection":[{"href":"https:\/\/psp-forum.org\/fr\/wp-json\/wp\/v2\/pages"}],"about":[{"href":"https:\/\/psp-forum.org\/fr\/wp-json\/wp\/v2\/types\/page"}],"author":[{"embeddable":true,"href":"https:\/\/psp-forum.org\/fr\/wp-json\/wp\/v2\/users\/3"}],"replies":[{"embeddable":true,"href":"https:\/\/psp-forum.org\/fr\/wp-json\/wp\/v2\/comments?post=4174"}],"version-history":[{"count":5,"href":"https:\/\/psp-forum.org\/fr\/wp-json\/wp\/v2\/pages\/4174\/revisions"}],"predecessor-version":[{"id":4380,"href":"https:\/\/psp-forum.org\/fr\/wp-json\/wp\/v2\/pages\/4174\/revisions\/4380"}],"wp:featuredmedia":[{"embeddable":true,"href":"https:\/\/psp-forum.org\/fr\/wp-json\/wp\/v2\/media\/2755"}],"wp:attachment":[{"href":"https:\/\/psp-forum.org\/fr\/wp-json\/wp\/v2\/media?parent=4174"}],"curies":[{"name":"wp","href":"https:\/\/api.w.org\/{rel}","templated":true}]}}