{"id":4218,"date":"2023-09-12T09:54:14","date_gmt":"2023-09-12T13:54:14","guid":{"rendered":"https:\/\/psp-forum.org\/?page_id=4218"},"modified":"2023-09-12T14:32:33","modified_gmt":"2023-09-12T18:32:33","slug":"quebec-virtual-conference-2","status":"publish","type":"page","link":"https:\/\/psp-forum.org\/fr\/quebec-virtual-conference-2\/","title":{"rendered":"Conf\u00e9rence virtuelle du Qu\u00e9bec"},"content":{"rendered":"\t\t<div data-elementor-type=\"wp-page\" data-elementor-id=\"4218\" class=\"elementor elementor-4218\" data-elementor-post-type=\"page\">\n\t\t\t\t\t\t<section class=\"elementor-section elementor-top-section elementor-element elementor-element-2453563f elementor-section-height-min-height elementor-section-boxed elementor-section-height-default elementor-section-items-middle\" data-id=\"2453563f\" data-element_type=\"section\" data-e-type=\"section\" data-settings=\"{&quot;background_background&quot;:&quot;classic&quot;}\">\n\t\t\t\t\t\t\t<div class=\"elementor-background-overlay\"><\/div>\n\t\t\t\t\t\t\t<div class=\"elementor-container elementor-column-gap-default\">\n\t\t\t\t\t<div class=\"elementor-column elementor-col-100 elementor-top-column elementor-element elementor-element-3b21a695\" data-id=\"3b21a695\" data-element_type=\"column\" data-e-type=\"column\">\n\t\t\t<div class=\"elementor-widget-wrap elementor-element-populated\">\n\t\t\t\t\t\t<section class=\"elementor-section elementor-inner-section elementor-element elementor-element-5730ae56 elementor-section-height-min-height elementor-section-boxed elementor-section-height-default\" data-id=\"5730ae56\" data-element_type=\"section\" data-e-type=\"section\">\n\t\t\t\t\t\t<div class=\"elementor-container elementor-column-gap-default\">\n\t\t\t\t\t<div class=\"elementor-column elementor-col-100 elementor-inner-column elementor-element elementor-element-1bb01d50\" data-id=\"1bb01d50\" data-element_type=\"column\" data-e-type=\"column\">\n\t\t\t<div class=\"elementor-widget-wrap elementor-element-populated\">\n\t\t\t\t\t\t<div class=\"elementor-element elementor-element-2d0f441a elementor-widget elementor-widget-heading\" data-id=\"2d0f441a\" data-element_type=\"widget\" data-e-type=\"widget\" data-widget_type=\"heading.default\">\n\t\t\t\t<div class=\"elementor-widget-container\">\n\t\t\t\t\t<h1 class=\"elementor-heading-title elementor-size-default\">Quebec Virtual Conference 2024<\/h1>\t\t\t\t<\/div>\n\t\t\t\t<\/div>\n\t\t\t\t\t<\/div>\n\t\t<\/div>\n\t\t\t\t\t<\/div>\n\t\t<\/section>\n\t\t\t\t\t<\/div>\n\t\t<\/div>\n\t\t\t\t\t<\/div>\n\t\t<\/section>\n\t\t\t\t<section class=\"elementor-section elementor-top-section elementor-element elementor-element-e6c36aa elementor-section-boxed elementor-section-height-default elementor-section-height-default\" data-id=\"e6c36aa\" data-element_type=\"section\" data-e-type=\"section\">\n\t\t\t\t\t\t<div class=\"elementor-container elementor-column-gap-default\">\n\t\t\t\t\t<div class=\"elementor-column elementor-col-100 elementor-top-column elementor-element elementor-element-c15a52c\" data-id=\"c15a52c\" data-element_type=\"column\" data-e-type=\"column\">\n\t\t\t<div class=\"elementor-widget-wrap elementor-element-populated\">\n\t\t\t\t\t\t<div class=\"elementor-element elementor-element-c9b49aa elementor-widget elementor-widget-heading\" data-id=\"c9b49aa\" data-element_type=\"widget\" data-e-type=\"widget\" data-widget_type=\"heading.default\">\n\t\t\t\t<div class=\"elementor-widget-container\">\n\t\t\t\t\t<h2 class=\"elementor-heading-title elementor-size-default\">Sustainable Peace and Security<\/h2>\t\t\t\t<\/div>\n\t\t\t\t<\/div>\n\t\t\t\t<div class=\"elementor-element elementor-element-61ece15 elementor-widget elementor-widget-text-editor\" data-id=\"61ece15\" data-element_type=\"widget\" data-e-type=\"widget\" data-widget_type=\"text-editor.default\">\n\t\t\t\t<div class=\"elementor-widget-container\">\n\t\t\t\t\t\t\t\t\t<h4>Introduction<\/h4><p>On April 12th, 2024, the International Forum for Peace, Security &amp; Prosperity (IFPSP), l\u2019\u00c9cole sup\u00e9rieure d\u2019\u00e9tudes internationales de l\u2019Universit\u00e9 Laval, the Royal Military College Alumni Association (RMCA), and La Fondation des Voltigeurs de Qu\u00e9bec will present Canadian youth with a conference about sustainable peace and security.<\/p><p>\u201cOne of the great lessons of history is that liberty, which is the very air of a free society, does not happen by itself.\u201d<br \/><em>Andrew Scotland, English Speaking History, Book I, Cassell and Co Ltd Educational Department, Toronto, 1957.<\/em><\/p><p>Our youth must learn this great truth. This is the objective of the Qu\u00e9bec 2024 Conference.<\/p><h4>Learning Objectives<\/h4><ol><li>To introduce the concept of Positive Peace and the eight pillars that underpin successful democracies, while connecting the importance of these pillars in attainment of the UN\u2019s goal # 16, &#8220;Peace, Justice and Strong Institutions&#8221; for a country&#8217;s sustainable development.<\/li><li>Through an analysis of the 1775 Battle of Qu\u00e9bec to reflect on the precariousness of our freedom and\u00a0 the difficult choices for the population, despite the risks against the American invasion.<\/li><li>To make the link between lasting peace at home and our democratic institutions, and to recall the civic obligation to remember the sacrifice of our peacemakers, past and present.<\/li><\/ol><p><strong>Length of Activity:<\/strong>\u00a0 1\/2 day; delivery in a virtual mode to the participating schools<\/p><p><strong>Target Audience:<\/strong> Students from Secondary levels 3 to 5 &amp; Collegial<\/p><h4>Scientific committee (renowned scholars and experts)<\/h4><ul><li>Keynote Speaker : <strong>Mr. Ren\u00e9 Chartrand<\/strong>, historian and former curator of Parks Canada national historic sites<\/li><li><strong>Brigadier-General Richard Gigu\u00e8re (ret)<\/strong>, \u00c9cole sup\u00e9rieure d\u2019\u00e9tudes internationales de l\u2019Universit\u00e9 Laval<\/li><li><strong>Commander Jean-Charles Nadeau (ret)<\/strong>, Historian<\/li><li><strong>Professor Ian Parenteau<\/strong>, Political Sciences, Coll\u00e8ge militaire royal de Saint-Jean<\/li><li><strong>Professor Caroline D\u2019Amours<\/strong>, History Department, Royal Military College, Kingston<\/li><li><strong>Mr. Michel Arsenault<\/strong>, History teacher,\u00a0 Externat Saint-Jean-Eudes, Qu\u00e9bec<\/li><li><strong>Mr. Richard B\u00e9rub\u00e9<\/strong>, History teacher, Coll\u00e8ge Fran\u00e7ois-de-Laval, Qu\u00e9bec<\/li><li>Invited teachers and students<\/li><\/ul><h4>Programming and educational approach (detailed program and references at Annex A)<\/h4><ul><li>The event will focus on interactive learning in classroom ( tabletop simulations), with animation by Officer Cadets from Royal Military College Saint-Jean, under supervision of the teachers<\/li><li>Prework &#8211; A video (15 min) to be handed to the schools, featuring the concept of Positive Peace, and depicting the dynamics on both sides during the 1775 American Invasion and answering\u00a0 : <strong>&#8220;How has the risky choice of our ancestors brought lasting peace and prosperity to Canada?&#8221;<\/strong><ul><li>Geopolitical situation between London and the 13 American colonies leading up to the 1775 Invasion, and the difficult choice of the Canadian and American populations.<\/li><li>An overview of the battle on 31 December 1775 in Qu\u00e9bec Lower Town.<\/li><li>The major impact on defence preparations at Quebec during the two-month resistance of British troops and militia from the Montr\u00e9al area at Fort-Saint-Jean on the Richelieu River.<\/li><li>The Institute for Economics and Peace (IEP) explaining Positive Peace, the 8 pillars sustaining it.<\/li><li>Canada&#8217;s contemporary alliances and its obligation of reciprocity in the geopolitical environment familiar to our youth (UN, NATO, NORAD).<\/li><\/ul><\/li><\/ul><p><strong>Logistics and Finance:<\/strong> Free for schools; a suitable gathering place is required for the students in the school.<\/p><h4><a href=\"https:\/\/psp-forum.org\/wp-content\/uploads\/2023\/09\/Quebec-2024-Virtual-Conference-on-Sustainable-Peace-Security-12-April-2024-fnl-230907.pdf\">Download the Info Sheet Here<\/a><\/h4>\t\t\t\t\t\t\t\t<\/div>\n\t\t\t\t<\/div>\n\t\t\t\t<div class=\"elementor-element elementor-element-4ab1c0b elementor-widget elementor-widget-text-editor\" data-id=\"4ab1c0b\" data-element_type=\"widget\" data-e-type=\"widget\" data-widget_type=\"text-editor.default\">\n\t\t\t\t<div class=\"elementor-widget-container\">\n\t\t\t\t\t\t\t\t\tFill in the form below to register and for Updates as they become available\n\n&nbsp;\n\n<div id=\"mc_embed_shell\">\n      <link href=\"\/\/cdn-images.mailchimp.com\/embedcode\/classic-061523.css\" rel=\"stylesheet\" type=\"text\/css\">\n  <style type=\"text\/css\">\n        #mc_embed_signup{background:#fff; false;clear:left; font:14px Helvetica,Arial,sans-serif; width: 600px;}\n        \/* Add your own Mailchimp form style overrides in your site stylesheet or in this style block.\n           We recommend moving this block and the preceding CSS link to the HEAD of your HTML file. *\/\n<\/style>\n<div id=\"mc_embed_signup\">\n    <form action=\"https:\/\/remembrancewalk.us17.list-manage.com\/subscribe\/post?u=4e5136fb936431db7e669c333&amp;id=5703ba001b&amp;f_id=0002bce0f0\" method=\"post\" id=\"mc-embedded-subscribe-form\" name=\"mc-embedded-subscribe-form\" class=\"validate\" target=\"_self\" novalidate=\"\">\n        <div id=\"mc_embed_signup_scroll\"><h2>Registration Form<\/h2>\n            <div class=\"indicates-required\"><span class=\"asterisk\">*<\/span> indicates required<\/div>\n            <div class=\"mc-field-group\"><label for=\"mce-FNAME\">First Name <\/label><input type=\"text\" name=\"FNAME\" class=\" text\" id=\"mce-FNAME\" value=\"\"><\/div><div class=\"mc-field-group\"><label for=\"mce-LNAME\">Last Name <\/label><input type=\"text\" name=\"LNAME\" class=\" text\" id=\"mce-LNAME\" value=\"\"><\/div><div class=\"mc-field-group\"><label for=\"mce-EMAIL\">Email Address <span class=\"asterisk\">*<\/span><\/label><input type=\"email\" name=\"EMAIL\" class=\"required email\" id=\"mce-EMAIL\" required=\"\" value=\"\"><\/div><div class=\"mc-field-group\"><label for=\"mce-MMERGE7\">Country <\/label><input type=\"text\" name=\"MMERGE7\" class=\" text\" id=\"mce-MMERGE7\" value=\"\"><\/div><div class=\"mc-field-group\"><label for=\"mce-ORG\">Organization\/School <\/label><input type=\"text\" name=\"ORG\" class=\" text\" id=\"mce-ORG\" value=\"\"><\/div><div class=\"mc-field-group input-group\"><strong>Group or Single Registration <\/strong><ul><li><input type=\"checkbox\" name=\"group[336006][1]\" id=\"mce-group[336006]-336006-0\" value=\"\"><label for=\"mce-group[336006]-336006-0\">Single Registration<\/label><\/li><li><input type=\"checkbox\" name=\"group[336006][2]\" id=\"mce-group[336006]-336006-1\" value=\"\"><label for=\"mce-group[336006]-336006-1\">Registering on behalf of a a group<\/label><\/li><\/ul><\/div><div class=\"mc-field-group\"><label for=\"mce-MMERGE6\">How many people are in your group? <\/label><input type=\"number\" name=\"MMERGE6\" class=\" number\" id=\"mce-MMERGE6\" value=\"\"><\/div>\n<div hidden=\"\"><input type=\"hidden\" name=\"tags\" value=\"6584466\"><\/div>\n        <div id=\"mce-responses\" class=\"clear\">\n            <div class=\"response\" id=\"mce-error-response\" style=\"display: none;\"><\/div>\n            <div class=\"response\" id=\"mce-success-response\" style=\"display: none;\"><\/div>\n        <\/div><div aria-hidden=\"true\" style=\"position: absolute; left: -5000px;\"><input type=\"text\" name=\"b_4e5136fb936431db7e669c333_5703ba001b\" tabindex=\"-1\" value=\"\"><\/div><div class=\"clear\"><input type=\"submit\" name=\"subscribe\" id=\"mc-embedded-subscribe\" class=\"button\" value=\"Register\"><\/div>\n    <\/div>\n<\/form>\n<\/div>\n<\/div>\n\t\t\t\t\t\t\t\t<\/div>\n\t\t\t\t<\/div>\n\t\t\t\t\t<\/div>\n\t\t<\/div>\n\t\t\t\t\t<\/div>\n\t\t<\/section>\n\t\t\t\t<\/div>\n\t\t","protected":false},"excerpt":{"rendered":"<p>Quebec Virtual Conference 2024 Sustainable Peace and Security Introduction On April 12th, 2024, the International Forum for Peace, Security &amp; Prosperity (IFPSP), l\u2019\u00c9cole sup\u00e9rieure d\u2019\u00e9tudes internationales de l\u2019Universit\u00e9 Laval, the Royal Military College Alumni Association (RMCA), and La Fondation des Voltigeurs de Qu\u00e9bec will present Canadian youth with a conference about sustainable peace and security. [&hellip;]<\/p>\n","protected":false},"author":3,"featured_media":2755,"parent":0,"menu_order":0,"comment_status":"closed","ping_status":"closed","template":"elementor_header_footer","meta":{"footnotes":""},"class_list":["post-4218","page","type-page","status-publish","has-post-thumbnail","hentry","entry","has-media"],"_links":{"self":[{"href":"https:\/\/psp-forum.org\/fr\/wp-json\/wp\/v2\/pages\/4218","targetHints":{"allow":["GET"]}}],"collection":[{"href":"https:\/\/psp-forum.org\/fr\/wp-json\/wp\/v2\/pages"}],"about":[{"href":"https:\/\/psp-forum.org\/fr\/wp-json\/wp\/v2\/types\/page"}],"author":[{"embeddable":true,"href":"https:\/\/psp-forum.org\/fr\/wp-json\/wp\/v2\/users\/3"}],"replies":[{"embeddable":true,"href":"https:\/\/psp-forum.org\/fr\/wp-json\/wp\/v2\/comments?post=4218"}],"version-history":[{"count":5,"href":"https:\/\/psp-forum.org\/fr\/wp-json\/wp\/v2\/pages\/4218\/revisions"}],"predecessor-version":[{"id":4264,"href":"https:\/\/psp-forum.org\/fr\/wp-json\/wp\/v2\/pages\/4218\/revisions\/4264"}],"wp:featuredmedia":[{"embeddable":true,"href":"https:\/\/psp-forum.org\/fr\/wp-json\/wp\/v2\/media\/2755"}],"wp:attachment":[{"href":"https:\/\/psp-forum.org\/fr\/wp-json\/wp\/v2\/media?parent=4218"}],"curies":[{"name":"wp","href":"https:\/\/api.w.org\/{rel}","templated":true}]}}