{"id":4248,"date":"2023-09-12T14:01:13","date_gmt":"2023-09-12T18:01:13","guid":{"rendered":"https:\/\/psp-forum.org\/?page_id=4248"},"modified":"2024-10-17T15:25:15","modified_gmt":"2024-10-17T19:25:15","slug":"pre-forum-briefing","status":"publish","type":"page","link":"https:\/\/psp-forum.org\/fr\/pre-forum-briefing\/","title":{"rendered":"Briefing pr\u00e9-Forum"},"content":{"rendered":"<div data-elementor-type=\"wp-page\" data-elementor-id=\"4248\" class=\"elementor elementor-4248\" data-elementor-post-type=\"page\">\n\t\t\t\t\t\t<section class=\"elementor-section elementor-top-section elementor-element elementor-element-2453563f elementor-section-height-min-height elementor-section-boxed elementor-section-height-default elementor-section-items-middle\" data-id=\"2453563f\" data-element_type=\"section\" data-e-type=\"section\" data-settings=\"{&quot;background_background&quot;:&quot;classic&quot;}\">\n\t\t\t\t\t\t\t<div class=\"elementor-background-overlay\"><\/div>\n\t\t\t\t\t\t\t<div class=\"elementor-container elementor-column-gap-default\">\n\t\t\t\t\t<div class=\"elementor-column elementor-col-100 elementor-top-column elementor-element elementor-element-3b21a695\" data-id=\"3b21a695\" data-element_type=\"column\" data-e-type=\"column\">\n\t\t\t<div class=\"elementor-widget-wrap elementor-element-populated\">\n\t\t\t\t\t\t<section class=\"elementor-section elementor-inner-section elementor-element elementor-element-5730ae56 elementor-section-height-min-height elementor-section-boxed elementor-section-height-default\" data-id=\"5730ae56\" data-element_type=\"section\" data-e-type=\"section\">\n\t\t\t\t\t\t<div class=\"elementor-container elementor-column-gap-default\">\n\t\t\t\t\t<div class=\"elementor-column elementor-col-100 elementor-inner-column elementor-element elementor-element-1bb01d50\" data-id=\"1bb01d50\" data-element_type=\"column\" data-e-type=\"column\">\n\t\t\t<div class=\"elementor-widget-wrap elementor-element-populated\">\n\t\t\t\t\t\t<div class=\"elementor-element elementor-element-2d0f441a elementor-widget elementor-widget-heading\" data-id=\"2d0f441a\" data-element_type=\"widget\" data-e-type=\"widget\" data-widget_type=\"heading.default\">\n\t\t\t\t<div class=\"elementor-widget-container\">\n\t\t\t\t\t<h1 class=\"elementor-heading-title elementor-size-default\">Briefing pr\u00e9-Forum - 24 octobre 2024<\/h1>\t\t\t\t<\/div>\n\t\t\t\t<\/div>\n\t\t\t\t\t<\/div>\n\t\t<\/div>\n\t\t\t\t\t<\/div>\n\t\t<\/section>\n\t\t\t\t\t<\/div>\n\t\t<\/div>\n\t\t\t\t\t<\/div>\n\t\t<\/section>\n\t\t\t\t<section class=\"elementor-section elementor-top-section elementor-element elementor-element-e6c36aa elementor-section-boxed elementor-section-height-default elementor-section-height-default\" data-id=\"e6c36aa\" data-element_type=\"section\" data-e-type=\"section\">\n\t\t\t\t\t\t<div class=\"elementor-container elementor-column-gap-default\">\n\t\t\t\t\t<div class=\"elementor-column elementor-col-100 elementor-top-column elementor-element elementor-element-c15a52c\" data-id=\"c15a52c\" data-element_type=\"column\" data-e-type=\"column\">\n\t\t\t<div class=\"elementor-widget-wrap elementor-element-populated\">\n\t\t\t\t\t\t<div class=\"elementor-element elementor-element-c9b49aa elementor-widget elementor-widget-heading\" data-id=\"c9b49aa\" data-element_type=\"widget\" data-e-type=\"widget\" data-widget_type=\"heading.default\">\n\t\t\t\t<div class=\"elementor-widget-container\">\n\t\t\t\t\t<h2 class=\"elementor-heading-title elementor-size-default\">Briefing pr\u00e9-forum pour les universit\u00e9s et les acad\u00e9mies<\/h2>\t\t\t\t<\/div>\n\t\t\t\t<\/div>\n\t\t\t\t<div class=\"elementor-element elementor-element-61ece15 elementor-widget elementor-widget-text-editor\" data-id=\"61ece15\" data-element_type=\"widget\" data-e-type=\"widget\" data-widget_type=\"text-editor.default\">\n\t\t\t\t<div class=\"elementor-widget-container\">\n\t\t\t\t\t\t\t\t\t<h4>Le Forum Internationale pour la Paix, la S\u00e9curit\u00e9 et la Prosp\u00e9rit\u00e9 vous invite \u00e0 une r\u00e9union Zoom programm\u00e9e.<\/h4><p><b>Date : 24 octobre 2024 <\/b><\/p><p><b>Heure : 09:00 (9:00 am) heure de Montr\u00e9al <\/b><\/p><p><b>Lien zoom : <a href=\"https:\/\/respectcanada.zoom.us\/j\/84734121740?pwd=ZZI5bKPUGmOR07sSrq3CK815QlZ3cR.1\" target=\"_blank\" rel=\"noopener\">https:\/\/respectcanada.zoom.us\/j\/84734121740?pwd=ZZI5bKPUGmOR07sSrq3CK815QlZ3cR.1<\/a><\/b><\/p><p><b>ID de la r\u00e9union : 847 3412 1740<\/b><\/p><p><b>Code secret : 199544<\/b><\/p><p><strong>ORDRE DU JOUR DE LA R\u00c9UNION PR\u00c9VUE<\/strong><\/p><p>0900 - 0905 : Bienvenue et pr\u00e9sentation des intervenants - Steve Gregory \/ John Hannan<br \/>0905 - 0908 : Description de la mission et de la raison d'\u00eatre du forum - Steve Gregory<br \/>0908 - 0910 : Introduction du th\u00e8me du Forum 2024 et du raisonnement qui le sous-tend - Prof. Howard Coombs<br \/>0910 - 0920 : Elaboration des panels et statut des pan\u00e9listes - Prof. Gerri Matthews-Smith, Prof. Alexandre Pelletier, Prof.<br \/>0920 - 0925 : Introduction du concours d'affiches acad\u00e9miques pour les cadets militaires et les \u00e9tudiants universitaires civils - Prof. Howard Coombs<br \/>0925-0930 : Pr\u00e9sentation des documents Martello et d\u00e9tails de la soumission - Prof. Ian Parenteau<br \/>0930 - 0932 : Mise \u00e0 jour sur la sensibilisation des acad\u00e9mies militaires et des universit\u00e9s - John Hannan<br \/>0932- 0940 : Pr\u00e9sentation des activit\u00e9s pr\u00e9vues par jour - Steve Gregory<br \/>0940 - 0945 : Questions \/ Remerciements - Steve Gregory<\/p>\t\t\t\t\t\t\t\t<\/div>\n\t\t\t\t<\/div>\n\t\t\t\t\t<\/div>\n\t\t<\/div>\n\t\t\t\t\t<\/div>\n\t\t<\/section>\n\t\t\t\t<\/div>","protected":false},"excerpt":{"rendered":"<p>Pre-Forum Briefing &#8211; October 24, 2024 Pre-Forum Briefing for Universities and Academies The International Forum for Peace, Security &amp; Prosperity invites you to join our planned Zoom Conference Call Date: 24 Oct., 2024 Time: 09:00 (9:00 am) Montreal Time Zoom link: https:\/\/respectcanada.zoom.us\/j\/84734121740?pwd=ZZI5bKPUGmOR07sSrq3CK815QlZ3cR.1 Meeting ID: 847 3412 1740 Secret Code: 199544 PLANNED MEETING AGENDA 0900 \u2013 [&hellip;]<\/p>\n","protected":false},"author":3,"featured_media":2755,"parent":0,"menu_order":0,"comment_status":"closed","ping_status":"closed","template":"elementor_header_footer","meta":{"footnotes":""},"class_list":["post-4248","page","type-page","status-publish","has-post-thumbnail","hentry","entry","has-media"],"_links":{"self":[{"href":"https:\/\/psp-forum.org\/fr\/wp-json\/wp\/v2\/pages\/4248","targetHints":{"allow":["GET"]}}],"collection":[{"href":"https:\/\/psp-forum.org\/fr\/wp-json\/wp\/v2\/pages"}],"about":[{"href":"https:\/\/psp-forum.org\/fr\/wp-json\/wp\/v2\/types\/page"}],"author":[{"embeddable":true,"href":"https:\/\/psp-forum.org\/fr\/wp-json\/wp\/v2\/users\/3"}],"replies":[{"embeddable":true,"href":"https:\/\/psp-forum.org\/fr\/wp-json\/wp\/v2\/comments?post=4248"}],"version-history":[{"count":5,"href":"https:\/\/psp-forum.org\/fr\/wp-json\/wp\/v2\/pages\/4248\/revisions"}],"predecessor-version":[{"id":5458,"href":"https:\/\/psp-forum.org\/fr\/wp-json\/wp\/v2\/pages\/4248\/revisions\/5458"}],"wp:featuredmedia":[{"embeddable":true,"href":"https:\/\/psp-forum.org\/fr\/wp-json\/wp\/v2\/media\/2755"}],"wp:attachment":[{"href":"https:\/\/psp-forum.org\/fr\/wp-json\/wp\/v2\/media?parent=4248"}],"curies":[{"name":"wp","href":"https:\/\/api.w.org\/{rel}","templated":true}]}}