{"id":4341,"date":"2023-09-15T08:01:02","date_gmt":"2023-09-15T12:01:02","guid":{"rendered":"https:\/\/psp-forum.org\/?page_id=4341"},"modified":"2023-09-15T08:19:14","modified_gmt":"2023-09-15T12:19:14","slug":"thank-you","status":"publish","type":"page","link":"https:\/\/psp-forum.org\/fr\/thank-you\/","title":{"rendered":"Thank You \/ Merci \/ Grazie"},"content":{"rendered":"<div data-elementor-type=\"wp-page\" data-elementor-id=\"4341\" class=\"elementor elementor-4341\" data-elementor-post-type=\"page\">\n\t\t\t\t\t\t<section class=\"elementor-section elementor-top-section elementor-element elementor-element-2453563f elementor-section-height-min-height elementor-section-boxed elementor-section-height-default elementor-section-items-middle\" data-id=\"2453563f\" data-element_type=\"section\" data-e-type=\"section\" data-settings=\"{&quot;background_background&quot;:&quot;classic&quot;}\">\n\t\t\t\t\t\t\t<div class=\"elementor-background-overlay\"><\/div>\n\t\t\t\t\t\t\t<div class=\"elementor-container elementor-column-gap-default\">\n\t\t\t\t\t<div class=\"elementor-column elementor-col-100 elementor-top-column elementor-element elementor-element-3b21a695\" data-id=\"3b21a695\" data-element_type=\"column\" data-e-type=\"column\">\n\t\t\t<div class=\"elementor-widget-wrap elementor-element-populated\">\n\t\t\t\t\t\t<section class=\"elementor-section elementor-inner-section elementor-element elementor-element-5730ae56 elementor-section-height-min-height elementor-section-boxed elementor-section-height-default\" data-id=\"5730ae56\" data-element_type=\"section\" data-e-type=\"section\">\n\t\t\t\t\t\t<div class=\"elementor-container elementor-column-gap-default\">\n\t\t\t\t\t<div class=\"elementor-column elementor-col-100 elementor-inner-column elementor-element elementor-element-1bb01d50\" data-id=\"1bb01d50\" data-element_type=\"column\" data-e-type=\"column\">\n\t\t\t<div class=\"elementor-widget-wrap elementor-element-populated\">\n\t\t\t\t\t\t<div class=\"elementor-element elementor-element-2d0f441a elementor-widget elementor-widget-heading\" data-id=\"2d0f441a\" data-element_type=\"widget\" data-e-type=\"widget\" data-widget_type=\"heading.default\">\n\t\t\t\t<div class=\"elementor-widget-container\">\n\t\t\t\t\t<h1 class=\"elementor-heading-title elementor-size-default\">Thank You \/ Merci \/ Grazie<\/h1>\t\t\t\t<\/div>\n\t\t\t\t<\/div>\n\t\t\t\t\t<\/div>\n\t\t<\/div>\n\t\t\t\t\t<\/div>\n\t\t<\/section>\n\t\t\t\t\t<\/div>\n\t\t<\/div>\n\t\t\t\t\t<\/div>\n\t\t<\/section>\n\t\t\t\t<section class=\"elementor-section elementor-top-section elementor-element elementor-element-e6c36aa elementor-section-boxed elementor-section-height-default elementor-section-height-default\" data-id=\"e6c36aa\" data-element_type=\"section\" data-e-type=\"section\">\n\t\t\t\t\t\t<div class=\"elementor-container elementor-column-gap-default\">\n\t\t\t\t\t<div class=\"elementor-column elementor-col-100 elementor-top-column elementor-element elementor-element-c15a52c\" data-id=\"c15a52c\" data-element_type=\"column\" data-e-type=\"column\">\n\t\t\t<div class=\"elementor-widget-wrap elementor-element-populated\">\n\t\t\t\t\t\t<div class=\"elementor-element elementor-element-c9b49aa elementor-widget elementor-widget-heading\" data-id=\"c9b49aa\" data-element_type=\"widget\" data-e-type=\"widget\" data-widget_type=\"heading.default\">\n\t\t\t\t<div class=\"elementor-widget-container\">\n\t\t\t\t\t<h2 class=\"elementor-heading-title elementor-size-default\">Merci de votre attention<\/h2>\t\t\t\t<\/div>\n\t\t\t\t<\/div>\n\t\t\t\t<div class=\"elementor-element elementor-element-61ece15 elementor-widget elementor-widget-text-editor\" data-id=\"61ece15\" data-element_type=\"widget\" data-e-type=\"widget\" data-widget_type=\"text-editor.default\">\n\t\t\t\t<div class=\"elementor-widget-container\">\n\t\t\t\t\t\t\t\t\t<p>Merci de vous inscrire.<\/p><p>Veuillez suivre les \u00e9tapes ci-dessous pour confirmer votre inscription :<\/p><p>1. V\u00e9rifiez votre courrier \u00e9lectronique<br \/>2. Cliquez sur le lien de confirmation figurant dans votre courrier \u00e9lectronique<br \/>3. Suivez les instructions de la page de confirmation<\/p><p>Vous pouvez vous d\u00e9sinscrire \u00e0 tout moment.<\/p><p>Nous vous remercions \u00e0 nouveau pour votre int\u00e9r\u00eat. Nous travaillons avec diligence pour organiser des \u00e9v\u00e9nements de grande qualit\u00e9 pour vous. Nous vous enverrons des informations suppl\u00e9mentaires d\u00e8s qu'elles seront disponibles.<\/p><p>Je vous prie d'agr\u00e9er, Monsieur le Pr\u00e9sident, l'expression de mes sentiments distingu\u00e9s,<br \/><em>L'\u00e9quipe du Forum international pour la paix, la s\u00e9curit\u00e9 et la prosp\u00e9rit\u00e9<\/em><\/p>\t\t\t\t\t\t\t\t<\/div>\n\t\t\t\t<\/div>\n\t\t\t\t\t<\/div>\n\t\t<\/div>\n\t\t\t\t\t<\/div>\n\t\t<\/section>\n\t\t\t\t<section class=\"elementor-section elementor-top-section elementor-element elementor-element-e5f0a26 elementor-section-boxed elementor-section-height-default elementor-section-height-default\" data-id=\"e5f0a26\" data-element_type=\"section\" data-e-type=\"section\">\n\t\t\t\t\t\t<div class=\"elementor-container elementor-column-gap-default\">\n\t\t\t\t\t<div class=\"elementor-column elementor-col-100 elementor-top-column elementor-element elementor-element-89a4f9b\" data-id=\"89a4f9b\" data-element_type=\"column\" data-e-type=\"column\">\n\t\t\t<div class=\"elementor-widget-wrap elementor-element-populated\">\n\t\t\t\t\t\t<div class=\"elementor-element elementor-element-59bc14b elementor-widget elementor-widget-heading\" data-id=\"59bc14b\" data-element_type=\"widget\" data-e-type=\"widget\" data-widget_type=\"heading.default\">\n\t\t\t\t<div class=\"elementor-widget-container\">\n\t\t\t\t\t<h2 class=\"elementor-heading-title elementor-size-default\">Merci de votre compr\u00e9hension.<\/h2>\t\t\t\t<\/div>\n\t\t\t\t<\/div>\n\t\t\t\t<div class=\"elementor-element elementor-element-796d1e2 elementor-widget elementor-widget-text-editor\" data-id=\"796d1e2\" data-element_type=\"widget\" data-e-type=\"widget\" data-widget_type=\"text-editor.default\">\n\t\t\t\t<div class=\"elementor-widget-container\">\n\t\t\t\t\t\t\t\t\t<p>Nous vous remercions de votre inscription.<\/p><p>Veuillez suivre les \u00e9tapes ci-dessous pour confirmer votre inscription :<\/p><p>1. V\u00e9rifiez votre e-mail<br \/>2. Cliquez sur le lien de confirmation figurant dans votre courrier \u00e9lectronique<br \/>3. Suivez les instructions de la page de confirmation<\/p><p>Vous pouvez vous d\u00e9sinscrire \u00e0 tout moment.<\/p><p>Nous vous remercions \u00e0 nouveau pour votre int\u00e9r\u00eat. Nous travaillons avec diligence pour organiser des \u00e9v\u00e9nements de haute qualit\u00e9 pour vous. Nous vous enverrons des informations suppl\u00e9mentaires d\u00e8s qu'elles seront disponibles.<\/p><p>Cordialement,<br \/>L'\u00e9quipe du Forum international pour la paix, la s\u00e9curit\u00e9 et la prosp\u00e9rit\u00e9<\/p>\t\t\t\t\t\t\t\t<\/div>\n\t\t\t\t<\/div>\n\t\t\t\t\t<\/div>\n\t\t<\/div>\n\t\t\t\t\t<\/div>\n\t\t<\/section>\n\t\t\t\t<section class=\"elementor-section elementor-top-section elementor-element elementor-element-a012f9b elementor-section-boxed elementor-section-height-default elementor-section-height-default\" data-id=\"a012f9b\" data-element_type=\"section\" data-e-type=\"section\">\n\t\t\t\t\t\t<div class=\"elementor-container elementor-column-gap-default\">\n\t\t\t\t\t<div class=\"elementor-column elementor-col-100 elementor-top-column elementor-element elementor-element-5ef449c\" data-id=\"5ef449c\" data-element_type=\"column\" data-e-type=\"column\">\n\t\t\t<div class=\"elementor-widget-wrap elementor-element-populated\">\n\t\t\t\t\t\t<div class=\"elementor-element elementor-element-390efd8 elementor-widget elementor-widget-heading\" data-id=\"390efd8\" data-element_type=\"widget\" data-e-type=\"widget\" data-widget_type=\"heading.default\">\n\t\t\t\t<div class=\"elementor-widget-container\">\n\t\t\t\t\t<h2 class=\"elementor-heading-title elementor-size-default\">Grazie<\/h2>\t\t\t\t<\/div>\n\t\t\t\t<\/div>\n\t\t\t\t<div class=\"elementor-element elementor-element-f60e4d2 elementor-widget elementor-widget-text-editor\" data-id=\"f60e4d2\" data-element_type=\"widget\" data-e-type=\"widget\" data-widget_type=\"text-editor.default\">\n\t\t\t\t<div class=\"elementor-widget-container\">\n\t\t\t\t\t\t\t\t\t<p>Merci de vous \u00eatre inscrits.<\/p><p>Pour confirmer l'enregistrement, suivez la proc\u00e9dure indiqu\u00e9e ci-dessous :<\/p><p>1. Contr\u00f4ler l'e-mail<br \/>2. Cliquez sur le lien de confirmation contenu dans l'e-mail.<br \/>3. Seguire le istruzioni della pagina di conferma<\/p><p>Il est possible d'annuler l'inscription \u00e0 tout moment.<\/p><p>Merci encore pour votre int\u00e9r\u00eat. Nous travaillons sans rel\u00e2che \u00e0 l'organisation d'\u00e9v\u00e9nements de grande qualit\u00e9 pour vous. Nous vous invitons \u00e0 nous communiquer des informations suppl\u00e9mentaires qui ne sont pas encore disponibles.<\/p><p>Cordiali saluti,<br \/><em>\u00c9quipe du Forum international pour la paix, la s\u00e9curit\u00e9 et la prosp\u00e9rit\u00e9<\/em><\/p>\t\t\t\t\t\t\t\t<\/div>\n\t\t\t\t<\/div>\n\t\t\t\t\t<\/div>\n\t\t<\/div>\n\t\t\t\t\t<\/div>\n\t\t<\/section>\n\t\t\t\t<\/div>","protected":false},"excerpt":{"rendered":"<p>Thank You \/ Merci \/ Grazie Thank You Thank you for registering. Please follow the steps below to confirm your registration: 1. Check your email2. Click on the confirmation link in your email3. Follow the instructions on the confirmation page You can unsubscribe at any time. Thank you again for your interest. We are working [&hellip;]<\/p>\n","protected":false},"author":3,"featured_media":2755,"parent":0,"menu_order":0,"comment_status":"closed","ping_status":"closed","template":"elementor_header_footer","meta":{"footnotes":""},"class_list":["post-4341","page","type-page","status-publish","has-post-thumbnail","hentry","entry","has-media"],"_links":{"self":[{"href":"https:\/\/psp-forum.org\/fr\/wp-json\/wp\/v2\/pages\/4341","targetHints":{"allow":["GET"]}}],"collection":[{"href":"https:\/\/psp-forum.org\/fr\/wp-json\/wp\/v2\/pages"}],"about":[{"href":"https:\/\/psp-forum.org\/fr\/wp-json\/wp\/v2\/types\/page"}],"author":[{"embeddable":true,"href":"https:\/\/psp-forum.org\/fr\/wp-json\/wp\/v2\/users\/3"}],"replies":[{"embeddable":true,"href":"https:\/\/psp-forum.org\/fr\/wp-json\/wp\/v2\/comments?post=4341"}],"version-history":[{"count":5,"href":"https:\/\/psp-forum.org\/fr\/wp-json\/wp\/v2\/pages\/4341\/revisions"}],"predecessor-version":[{"id":4348,"href":"https:\/\/psp-forum.org\/fr\/wp-json\/wp\/v2\/pages\/4341\/revisions\/4348"}],"wp:featuredmedia":[{"embeddable":true,"href":"https:\/\/psp-forum.org\/fr\/wp-json\/wp\/v2\/media\/2755"}],"wp:attachment":[{"href":"https:\/\/psp-forum.org\/fr\/wp-json\/wp\/v2\/media?parent=4341"}],"curies":[{"name":"wp","href":"https:\/\/api.w.org\/{rel}","templated":true}]}}