{"id":5510,"date":"2025-01-26T16:39:14","date_gmt":"2025-01-26T21:39:14","guid":{"rendered":"https:\/\/psp-forum.org\/?page_id=5510"},"modified":"2025-12-29T10:49:59","modified_gmt":"2025-12-29T15:49:59","slug":"poster-competition","status":"publish","type":"page","link":"https:\/\/psp-forum.org\/fr\/poster-competition\/","title":{"rendered":"Concours d'affiches 2025"},"content":{"rendered":"<div data-elementor-type=\"wp-page\" data-elementor-id=\"5510\" class=\"elementor elementor-5510\" data-elementor-post-type=\"page\">\n\t\t\t\t\t\t<section class=\"elementor-section elementor-top-section elementor-element elementor-element-2453563f elementor-section-height-min-height elementor-section-stretched elementor-section-boxed elementor-section-height-default elementor-section-items-middle\" data-id=\"2453563f\" data-element_type=\"section\" data-e-type=\"section\" data-settings=\"{&quot;background_background&quot;:&quot;classic&quot;,&quot;stretch_section&quot;:&quot;section-stretched&quot;}\">\n\t\t\t\t\t\t\t<div class=\"elementor-background-overlay\"><\/div>\n\t\t\t\t\t\t\t<div class=\"elementor-container elementor-column-gap-default\">\n\t\t\t\t\t<div class=\"elementor-column elementor-col-100 elementor-top-column elementor-element elementor-element-3b21a695\" data-id=\"3b21a695\" data-element_type=\"column\" data-e-type=\"column\">\n\t\t\t<div class=\"elementor-widget-wrap elementor-element-populated\">\n\t\t\t\t\t\t<section class=\"elementor-section elementor-inner-section elementor-element elementor-element-5730ae56 elementor-section-height-min-height elementor-section-content-top elementor-section-boxed elementor-section-height-default\" data-id=\"5730ae56\" data-element_type=\"section\" data-e-type=\"section\">\n\t\t\t\t\t\t<div class=\"elementor-container elementor-column-gap-default\">\n\t\t\t\t\t<div class=\"elementor-column elementor-col-100 elementor-inner-column elementor-element elementor-element-1bb01d50\" data-id=\"1bb01d50\" data-element_type=\"column\" data-e-type=\"column\">\n\t\t\t<div class=\"elementor-widget-wrap elementor-element-populated\">\n\t\t\t\t\t\t<div class=\"elementor-element elementor-element-2d0f441a elementor-widget elementor-widget-heading\" data-id=\"2d0f441a\" data-element_type=\"widget\" data-e-type=\"widget\" data-widget_type=\"heading.default\">\n\t\t\t\t<div class=\"elementor-widget-container\">\n\t\t\t\t\t<h1 class=\"elementor-heading-title elementor-size-default\">Exposition d'affiches<\/h1>\t\t\t\t<\/div>\n\t\t\t\t<\/div>\n\t\t\t\t\t<\/div>\n\t\t<\/div>\n\t\t\t\t\t<\/div>\n\t\t<\/section>\n\t\t\t\t\t<\/div>\n\t\t<\/div>\n\t\t\t\t\t<\/div>\n\t\t<\/section>\n\t\t\t\t<section class=\"elementor-section elementor-top-section elementor-element elementor-element-e6c36aa elementor-section-boxed elementor-section-height-default elementor-section-height-default\" data-id=\"e6c36aa\" data-element_type=\"section\" data-e-type=\"section\">\n\t\t\t\t\t\t<div class=\"elementor-container elementor-column-gap-default\">\n\t\t\t\t\t<div class=\"elementor-column elementor-col-100 elementor-top-column elementor-element elementor-element-dc0a2e8\" data-id=\"dc0a2e8\" data-element_type=\"column\" data-e-type=\"column\">\n\t\t\t<div class=\"elementor-widget-wrap elementor-element-populated\">\n\t\t\t\t\t\t<div class=\"elementor-element elementor-element-ff64c06 elementor-widget elementor-widget-text-editor\" data-id=\"ff64c06\" data-element_type=\"widget\" data-e-type=\"widget\" data-widget_type=\"text-editor.default\">\n\t\t\t\t<div class=\"elementor-widget-container\">\n\t\t\t\t\t\t\t\t\t<h2><span style=\"font-family: Raleway, sans-serif; font-size: 36px; font-weight: 400;\">Vue d'ensemble<\/span><\/h2><p>Le Forum international pour la paix, la s\u00e9curit\u00e9 et la prosp\u00e9rit\u00e9 (IFPSP) 2026 comprendra une exposition d'affiches universitaires con\u00e7ue pour engager les futurs dirigeants dans la recherche, la r\u00e9flexion et le dialogue li\u00e9s aux d\u00e9fis \u00e9mergents en mati\u00e8re de s\u00e9curit\u00e9 mondiale. L'exposition annuelle de posters offre aux \u00e9tudiants l'occasion de pr\u00e9senter visuellement des recherches originales align\u00e9es sur le th\u00e8me du Forum.<\/p><p>Le th\u00e8me du Forum 2026 est le suivant :<br \/><strong>\u201cCr\u00e9er des forces d'adaptation : Renforcer la r\u00e9silience militaire dans un paysage international en mutation\u201d.\u201d<\/strong><\/p><p>Les participants sont encourag\u00e9s \u00e0 analyser les tendances mondiales \u00e9mergentes, \u00e0 \u00e9valuer les risques strat\u00e9giques et \u00e0 proposer des approches innovantes pour renforcer la r\u00e9silience dans les contextes militaires, de s\u00e9curit\u00e9 et de d\u00e9fense modernes.<\/p><p>Les affiches peuvent aborder le th\u00e8me de mani\u00e8re g\u00e9n\u00e9rale ou se concentrer sur l'un des \u00e9l\u00e9ments suivants<strong> trois sous-th\u00e8mes recommand\u00e9s :<\/strong><\/p><p><strong>1<\/strong>. Leadership militaire r\u00e9silient et prise de d\u00e9cision \u00e9thique dans la guerre future<br \/><strong>2<\/strong>. Technologies \u00e9mergentes et adaptation pour l'innovation en mati\u00e8re de d\u00e9fense<br \/><strong>3<\/strong>. Coop\u00e9ration en mati\u00e8re de s\u00e9curit\u00e9, alliances et adaptabilit\u00e9 interculturelle dans les op\u00e9rations militaires mondiales<\/p><p><strong>Admissibilit\u00e9 et attribution des affiches<\/strong><\/p><ul><li>Les d\u00e9l\u00e9gations comptant 25 membres ou moins peuvent pr\u00e9senter une (1) affiche.<\/li><li>Les d\u00e9l\u00e9gations comptant 26 membres ou plus peuvent pr\u00e9senter deux (2) affiches.<\/li><li>Chaque d\u00e9l\u00e9gation doit pr\u00e9s\u00e9lectionner son (ses) poster(s) avant de le(s) soumettre.<\/li><\/ul><p>Les affiches seront expos\u00e9es pendant le Forum international pour la paix, la s\u00e9curit\u00e9 et la prosp\u00e9rit\u00e9 2026 et \u00e9valu\u00e9es par un panel d'universitaires internationaux ainsi que par les participants au Forum.<\/p><p><strong>Instructions pour la soumission<\/strong><\/p><p>Pour faciliter l'\u00e9valuation et la v\u00e9rification de l'impression, toutes les \u00e9quipes doivent soumettre une copie \u00e9lectronique <strong>avant l'arriv\u00e9e.<\/strong><\/p><ul><li><strong>Date limite de soumission \u00e9lectronique : 6 mars 2026<\/strong><\/li><li>Format : Haute r\u00e9solution <strong>PDF (EN ANGLAIS)<\/strong> ou <strong>JPG<\/strong> convient pour l'impression<\/li><li>Envoyer la soumission par courriel \u00e0 <a href=\"mailto:sangsukim1985@kma.ac.kr\">sangsukim1985@kma.ac.kr<\/a><\/li><\/ul><p>Les \u00e9tudiants doivent \u00e9galement apporter une copie num\u00e9rique (sauvegarde USB recommand\u00e9e) lorsqu'ils participent au Forum.<br \/>\u00c0 l'arriv\u00e9e en Sicile, les affiches physiques seront collect\u00e9es et enregistr\u00e9es \u00e0 l'office des publications de l'Union europ\u00e9enne. <strong>Bureau d'accueil du Forum international, a\u00e9roport Falcone Borsellino (Palerme).<\/strong><\/p><p><strong>Exigences en mati\u00e8re de pr\u00e9sentation<\/strong><br \/>Les finalistes s\u00e9lectionn\u00e9s par le jury donneront une conf\u00e9rence de presse. <strong>Pr\u00e9sentation orale de 5 \u00e0 10 minutes<\/strong> sur leur travail lors d'une session d\u00e9di\u00e9e \u00e0 l'IFPSP 2026. Les pr\u00e9sentateurs doivent \u00eatre disponibles \u00e0 c\u00f4t\u00e9 de leur poster pendant la p\u00e9riode de visualisation d\u00e9sign\u00e9e pour r\u00e9pondre aux questions des participants et pour la discussion.<\/p><p><strong>Lignes directrices pour la conception des affiches<\/strong><br \/>Les participants sont encourag\u00e9s \u00e0 respecter les normes \u00e9tablies en mati\u00e8re d'affiches acad\u00e9miques :<\/p><p><strong>Composants du contenu<\/strong><\/p><ul><li>Titre (10-15 mots)<\/li><li>Auteur(s) et affiliation(s) institutionnelle(s)<\/li><li>Introduction (question de recherche et pertinence)<\/li><li>M\u00e9thodologie (br\u00e8ve et visuelle si possible)<\/li><li>R\u00e9sultats (graphiques, tableaux ou images encourag\u00e9s)<\/li><li>Discussion (analyse, implications et comparaison avec les recherches existantes)<\/li><li>Conclusion (message cl\u00e9 \u00e0 retenir)<\/li><li>R\u00e9f\u00e9rences (format r\u00e9duit accept\u00e9)<\/li><li>Remerciements (facultatif)<\/li><\/ul><p><strong>Principes de conception<\/strong><\/p><ul><li>Taille recommand\u00e9e : <strong>A1 (portrait ou paysage) ou 36 x 48 in (91 x 122 cm)<\/strong><\/li><li>Tailles de police sugg\u00e9r\u00e9es :<ul><li style=\"list-style-type: none;\"><ul><li style=\"list-style-type: none;\"><ul><li>Titre : 72-120 pt<\/li><li>Titres de section : 36-48 pt<\/li><li>Corps de texte : 24-32 pt<\/li><\/ul><\/li><\/ul><\/li><\/ul><\/li><li>Assurer :<ul><li style=\"list-style-type: none;\"><ul><li>Contraste \u00e9lev\u00e9 entre le texte et l'arri\u00e8re-plan<\/li><li>Mise en page coh\u00e9rente (structure de 2 \u00e0 4 colonnes recommand\u00e9e)<\/li><li>Suffisamment d'espaces blancs pour assurer la lisibilit\u00e9<\/li><\/ul><\/li><\/ul><\/li><\/ul><p><strong>Options du logiciel<\/strong><br \/>PowerPoint, Adobe Illustrator, InDesign, Canva ou d'autres plateformes de conception graphique conviennent.<\/p><p><strong>Impression et logistique<\/strong><\/p><ul><li>Les affiches doivent \u00eatre imprim\u00e9es \u00e0 l'aide d'un <strong>un service d'impression professionnel.<\/strong><\/li><li>A <strong>finition mate<\/strong> est recommand\u00e9 pour \u00e9viter les reflets lors de la visualisation.<\/li><li>Les affiches doivent \u00eatre transport\u00e9es dans un <strong>tube de protection.<\/strong><\/li><\/ul><p><strong>Crit\u00e8res d'\u00e9valuation\u00a0<br \/><\/strong>Les affiches seront jug\u00e9es sur la base des crit\u00e8res suivants<\/p><ul><li><strong>Pertinence par rapport au th\u00e8me<\/strong> - Alignement sur le th\u00e8me ou les sous-th\u00e8mes de 2026<\/li><li><strong>Clart\u00e9 de la question et de la m\u00e9thode de recherche<\/strong> - Cadre de recherche bien articul\u00e9<\/li><li><strong>Qualit\u00e9 de la communication visuelle<\/strong> - Disposition logique, lisibilit\u00e9, utilisation efficace des chiffres<\/li><li><strong>Originalit\u00e9 et innovation<\/strong> - Nouvelles perspectives, formulation cr\u00e9ative ou approches novatrices<\/li><li><strong>Contribution scientifique<\/strong> - Rigueur, pr\u00e9cision et profondeur de la recherche<br \/>Engagement dans la pr\u00e9sentation - Capacit\u00e9 \u00e0 discuter et \u00e0 d\u00e9fendre la recherche<\/li><\/ul><p><strong>Soutien et questions<\/strong><br \/>Pour toute question concernant les exigences en mati\u00e8re d'affiches ou le processus d'exposition, les participants peuvent s'adresser \u00e0<\/p><p>Major (Dr.) Sangsu Kim <br \/>Courriel : <a href=\"mailto:sangsukim1985@kma.ac.kr\">sangsukim1985@kma.ac.kr<\/a><\/p><p><strong>Ressources utiles<\/strong><\/p><ul><li>Guide de conception d'affiches :<br \/><a href=\"https:\/\/guides.library.utoronto.ca\/utsc-posters\" target=\"_blank\" rel=\"noopener\">https:\/\/guides.library.utoronto.ca\/utsc-posters<\/a><\/li><li>Tutoriel vid\u00e9o : <br \/><a href=\"https:\/\/youtu.be\/5TBs2SL6LLc\" target=\"_blank\" rel=\"noopener\">https:\/\/youtu.be\/5TBs2SL6LLc<\/a><\/li><\/ul><p>Nous nous r\u00e9jouissons de votre participation et de la pr\u00e9sentation de recherches exceptionnelles au Forum international pour la paix, la s\u00e9curit\u00e9 et la prosp\u00e9rit\u00e9 2026.<\/p>\t\t\t\t\t\t\t\t<\/div>\n\t\t\t\t<\/div>\n\t\t\t\t\t<\/div>\n\t\t<\/div>\n\t\t\t\t\t<\/div>\n\t\t<\/section>\n\t\t\t\t<\/div>","protected":false},"excerpt":{"rendered":"<p>Poster Exhibition Overview The International Forum for Peace, Security &amp; Prosperity (IFPSP) 2026 will include an academic poster exhibition designed to engage future leaders in research, reflection, and dialogue related to emerging global security challenges. The annual poster exhibition provides an opportunity for students to visually present original research aligned with the Forum theme. The [&hellip;]<\/p>\n","protected":false},"author":3,"featured_media":2755,"parent":0,"menu_order":0,"comment_status":"closed","ping_status":"closed","template":"","meta":{"footnotes":""},"class_list":["post-5510","page","type-page","status-publish","has-post-thumbnail","hentry","entry","has-media"],"_links":{"self":[{"href":"https:\/\/psp-forum.org\/fr\/wp-json\/wp\/v2\/pages\/5510","targetHints":{"allow":["GET"]}}],"collection":[{"href":"https:\/\/psp-forum.org\/fr\/wp-json\/wp\/v2\/pages"}],"about":[{"href":"https:\/\/psp-forum.org\/fr\/wp-json\/wp\/v2\/types\/page"}],"author":[{"embeddable":true,"href":"https:\/\/psp-forum.org\/fr\/wp-json\/wp\/v2\/users\/3"}],"replies":[{"embeddable":true,"href":"https:\/\/psp-forum.org\/fr\/wp-json\/wp\/v2\/comments?post=5510"}],"version-history":[{"count":5,"href":"https:\/\/psp-forum.org\/fr\/wp-json\/wp\/v2\/pages\/5510\/revisions"}],"predecessor-version":[{"id":5841,"href":"https:\/\/psp-forum.org\/fr\/wp-json\/wp\/v2\/pages\/5510\/revisions\/5841"}],"wp:featuredmedia":[{"embeddable":true,"href":"https:\/\/psp-forum.org\/fr\/wp-json\/wp\/v2\/media\/2755"}],"wp:attachment":[{"href":"https:\/\/psp-forum.org\/fr\/wp-json\/wp\/v2\/media?parent=5510"}],"curies":[{"name":"wp","href":"https:\/\/api.w.org\/{rel}","templated":true}]}}