{"id":5516,"date":"2025-01-26T16:56:02","date_gmt":"2025-01-26T21:56:02","guid":{"rendered":"https:\/\/psp-forum.org\/?page_id=5516"},"modified":"2025-08-05T15:00:10","modified_gmt":"2025-08-05T19:00:10","slug":"martello-papers","status":"publish","type":"page","link":"https:\/\/psp-forum.org\/fr\/martello-papers\/","title":{"rendered":"Papiers Martello"},"content":{"rendered":"<div data-elementor-type=\"wp-page\" data-elementor-id=\"5516\" class=\"elementor elementor-5516\" data-elementor-post-type=\"page\">\n\t\t\t\t\t\t<section class=\"elementor-section elementor-top-section elementor-element elementor-element-2453563f elementor-section-height-min-height elementor-section-boxed elementor-section-height-default elementor-section-items-middle\" data-id=\"2453563f\" data-element_type=\"section\" data-e-type=\"section\" data-settings=\"{&quot;background_background&quot;:&quot;classic&quot;}\">\n\t\t\t\t\t\t\t<div class=\"elementor-background-overlay\"><\/div>\n\t\t\t\t\t\t\t<div class=\"elementor-container elementor-column-gap-default\">\n\t\t\t\t\t<div class=\"elementor-column elementor-col-100 elementor-top-column elementor-element elementor-element-3b21a695\" data-id=\"3b21a695\" data-element_type=\"column\" data-e-type=\"column\">\n\t\t\t<div class=\"elementor-widget-wrap elementor-element-populated\">\n\t\t\t\t\t\t<section class=\"elementor-section elementor-inner-section elementor-element elementor-element-5730ae56 elementor-section-height-min-height elementor-section-content-top elementor-section-boxed elementor-section-height-default\" data-id=\"5730ae56\" data-element_type=\"section\" data-e-type=\"section\">\n\t\t\t\t\t\t<div class=\"elementor-container elementor-column-gap-default\">\n\t\t\t\t\t<div class=\"elementor-column elementor-col-100 elementor-inner-column elementor-element elementor-element-1bb01d50\" data-id=\"1bb01d50\" data-element_type=\"column\" data-e-type=\"column\">\n\t\t\t<div class=\"elementor-widget-wrap elementor-element-populated\">\n\t\t\t\t\t\t<div class=\"elementor-element elementor-element-2d0f441a elementor-widget elementor-widget-heading\" data-id=\"2d0f441a\" data-element_type=\"widget\" data-e-type=\"widget\" data-widget_type=\"heading.default\">\n\t\t\t\t<div class=\"elementor-widget-container\">\n\t\t\t\t\t<h1 class=\"elementor-heading-title elementor-size-default\">Papiers Martello<\/h1>\t\t\t\t<\/div>\n\t\t\t\t<\/div>\n\t\t\t\t\t<\/div>\n\t\t<\/div>\n\t\t\t\t\t<\/div>\n\t\t<\/section>\n\t\t\t\t\t<\/div>\n\t\t<\/div>\n\t\t\t\t\t<\/div>\n\t\t<\/section>\n\t\t\t\t<section class=\"elementor-section elementor-top-section elementor-element elementor-element-e6c36aa elementor-section-boxed elementor-section-height-default elementor-section-height-default\" data-id=\"e6c36aa\" data-element_type=\"section\" data-e-type=\"section\">\n\t\t\t\t\t\t<div class=\"elementor-container elementor-column-gap-default\">\n\t\t\t\t\t<div class=\"elementor-column elementor-col-100 elementor-top-column elementor-element elementor-element-dc0a2e8\" data-id=\"dc0a2e8\" data-element_type=\"column\" data-e-type=\"column\">\n\t\t\t<div class=\"elementor-widget-wrap elementor-element-populated\">\n\t\t\t\t\t\t<div class=\"elementor-element elementor-element-2198181 elementor-widget elementor-widget-text-editor\" data-id=\"2198181\" data-element_type=\"widget\" data-e-type=\"widget\" data-widget_type=\"text-editor.default\">\n\t\t\t\t<div class=\"elementor-widget-container\">\n\t\t\t\t\t\t\t\t\t<h2>Forum international pour la paix, la s\u00e9curit\u00e9 et la prosp\u00e9rit\u00e9 (FIPS) 2026 - Martello Papers<\/h2><p>Le <a href=\"https:\/\/www.queensu.ca\/cidp\/\" target=\"_blank\" rel=\"noopener\">Centre de politique internationale et de d\u00e9fense de l'Universit\u00e9 Queen's (CIDP)<\/a> et le Forum international pour la paix, la s\u00e9curit\u00e9 et la prosp\u00e9rit\u00e9 invitent \u00e0 soumettre des articles qui seront pr\u00e9sent\u00e9s lors du Forum international sur la paix, la s\u00e9curit\u00e9 et la prosp\u00e9rit\u00e9 2026 (IFPSP). Nous encourageons tout particuli\u00e8rement les \u00e9tudiants de premier et deuxi\u00e8me cycles \u00e0 soumettre leurs articles. Le forum aura lieu en format hybride, soit en ligne et en personne \u00e0 Palerme, en Italie, \nDate \u00e0 d\u00e9terminer<\/p><p>Les communications doivent \u00eatre ax\u00e9es sur le th\u00e8me de la conf\u00e9rence : <strong>\u00ab Cr\u00e9er des forces adaptatives : renforcer la r\u00e9silience militaire dans un contexte international en mutation \u00bb<\/strong>\u00a0Ils doivent pr\u00e9senter un mat\u00e9riel original ou une revue d'un domaine significatif, et ne pas avoir \u00e9t\u00e9 publi\u00e9s auparavant. Ils doivent comporter entre 2500 et 5000 mots (r\u00e9f\u00e9rences comprises).<\/p><p><strong>Cette ann\u00e9e, nous proposons deux options de publication :<\/strong><\/p><p><strong>Option A :<\/strong> Les articles seront publi\u00e9s en tant que chapitre au sein des <a href=\"https:\/\/www.queensu.ca\/cidp\/publications\/martello-papers\" target=\"_blank\" rel=\"noopener\">Papiers Martello<\/a>Les articles soumis feront l'objet d'un processus d'\u00e9valuation par les pairs en double aveugle. Pour les \u00e9ditions pr\u00e9c\u00e9dentes de cette s\u00e9rie, voir : <a href=\"https:\/\/www.queensu.ca\/cidp\/publications\/martello-papers\" target=\"_blank\" rel=\"noopener\">https:\/\/www.queensu.ca\/cidp\/publications\/martello-papers<\/a>.<\/p><p><strong>Option de publication B :<\/strong> Les articles seront publi\u00e9s dans une section d\u00e9di\u00e9e du site web de la FIPS. Ils ne seront examin\u00e9s que par les \u00e9quipes \u00e9ditoriales.<\/p><p>Veuillez envoyer votre article \u00e0 <a href=\"mailto:ian.parenteau@cmrsj-rmcsj.ca\">ian.parenteau@cmrsj-rmcsj.ca<\/a> accompagn\u00e9 de votre :<\/p><ul><li>Nom ;<\/li><li>Affiliation ;<\/li><li>pays ;<\/li><li>si vous pr\u00e9f\u00e9rez que votre article soit publi\u00e9 dans l'Option A (Martello Papers) ou dans l'Option B (IFPSP Website).<\/li><\/ul><p><strong>Directives de soumission<\/strong><\/p><ol><li>Les articles doivent \u00eatre r\u00e9dig\u00e9s en anglais ou en fran\u00e7ais ;<\/li><li>Document Microsoft Word (.doc ou .docx) ;<\/li><li>Font - Times New Roman, 12 ;<\/li><li>Double interligne ;<\/li><li>Notes de bas de page - style Chicago ;<\/li><li>Minimiser la mise en forme ; et,<\/li><li>Si des graphiques sont utilis\u00e9s, vous devez disposer des droits d'auteur (autorisation) et fournir une image en haute r\u00e9solution (1 MEG ou 300 dpi).<\/li><\/ol><p>L'\u00e9quipe \u00e9ditoriale d\u00e9cidera de l'option de publication de chaque article en fonction de vos pr\u00e9f\u00e9rences et du nombre total d'articles pr\u00e9sent\u00e9s<\/p><p>Le <strong>la date limite pour les propositions est \u00e0 d\u00e9terminer.<\/strong><\/p><p>Ian Parenteau, \u00e0 l'adresse <a href=\"mailto:ian.parenteau@cmrsj-rmcsj.ca\">ian.parenteau@cmrsj-rmcsj.ca<\/a>est membre du comit\u00e9 acad\u00e9mique responsable des actes de la conf\u00e9rence. Il peut \u00eatre contact\u00e9 pour toute question relative \u00e0 la publication des articles.<\/p>\t\t\t\t\t\t\t\t<\/div>\n\t\t\t\t<\/div>\n\t\t\t\t\t<\/div>\n\t\t<\/div>\n\t\t\t\t\t<\/div>\n\t\t<\/section>\n\t\t\t\t<\/div>","protected":false},"excerpt":{"rendered":"<p>Martello Papers International Forum for Peace, Security and Prosperity (IFPSP) 2026 &#8211; Martello Papers The Queen\u2019s University Centre for International and Defence Policy (CIDP) and the International Forum for Peace, Security, and Prosperity welcome submissions of papers that will be presented during the 2026 International Forum on Peace, Security, and Prosperity (IFPSP). We particularly encourage [&hellip;]<\/p>\n","protected":false},"author":3,"featured_media":2755,"parent":0,"menu_order":0,"comment_status":"closed","ping_status":"closed","template":"elementor_header_footer","meta":{"footnotes":""},"class_list":["post-5516","page","type-page","status-publish","has-post-thumbnail","hentry","entry","has-media"],"_links":{"self":[{"href":"https:\/\/psp-forum.org\/fr\/wp-json\/wp\/v2\/pages\/5516","targetHints":{"allow":["GET"]}}],"collection":[{"href":"https:\/\/psp-forum.org\/fr\/wp-json\/wp\/v2\/pages"}],"about":[{"href":"https:\/\/psp-forum.org\/fr\/wp-json\/wp\/v2\/types\/page"}],"author":[{"embeddable":true,"href":"https:\/\/psp-forum.org\/fr\/wp-json\/wp\/v2\/users\/3"}],"replies":[{"embeddable":true,"href":"https:\/\/psp-forum.org\/fr\/wp-json\/wp\/v2\/comments?post=5516"}],"version-history":[{"count":5,"href":"https:\/\/psp-forum.org\/fr\/wp-json\/wp\/v2\/pages\/5516\/revisions"}],"predecessor-version":[{"id":5788,"href":"https:\/\/psp-forum.org\/fr\/wp-json\/wp\/v2\/pages\/5516\/revisions\/5788"}],"wp:featuredmedia":[{"embeddable":true,"href":"https:\/\/psp-forum.org\/fr\/wp-json\/wp\/v2\/media\/2755"}],"wp:attachment":[{"href":"https:\/\/psp-forum.org\/fr\/wp-json\/wp\/v2\/media?parent=5516"}],"curies":[{"name":"wp","href":"https:\/\/api.w.org\/{rel}","templated":true}]}}