{"id":6357,"date":"2026-05-15T09:58:25","date_gmt":"2026-05-15T13:58:25","guid":{"rendered":"https:\/\/psp-forum.org\/?page_id=6357"},"modified":"2026-05-15T10:52:43","modified_gmt":"2026-05-15T14:52:43","slug":"alumni-program","status":"publish","type":"page","link":"https:\/\/psp-forum.org\/fr\/alumni-program\/","title":{"rendered":"Programme des anciens \u00e9l\u00e8ves"},"content":{"rendered":"<div data-elementor-type=\"wp-page\" data-elementor-id=\"6357\" class=\"elementor elementor-6357\" data-elementor-post-type=\"page\">\n\t\t\t\t\t\t<section class=\"elementor-section elementor-top-section elementor-element elementor-element-9a244bf elementor-section-boxed elementor-section-height-default elementor-section-height-default\" data-id=\"9a244bf\" data-element_type=\"section\" data-e-type=\"section\">\n\t\t\t\t\t\t<div class=\"elementor-container elementor-column-gap-default\">\n\t\t\t\t\t<div class=\"elementor-column elementor-col-100 elementor-top-column elementor-element elementor-element-ed3a029\" data-id=\"ed3a029\" data-element_type=\"column\" data-e-type=\"column\">\n\t\t\t<div class=\"elementor-widget-wrap elementor-element-populated\">\n\t\t\t\t\t\t<div class=\"elementor-element elementor-element-fa38fa7 elementor-widget elementor-widget-heading\" data-id=\"fa38fa7\" data-element_type=\"widget\" data-e-type=\"widget\" data-widget_type=\"heading.default\">\n\t\t\t\t<div class=\"elementor-widget-container\">\n\t\t\t\t\t<h2 class=\"elementor-heading-title elementor-size-default\">Programme des anciens \u00e9l\u00e8ves<\/h2>\t\t\t\t<\/div>\n\t\t\t\t<\/div>\n\t\t\t\t\t<\/div>\n\t\t<\/div>\n\t\t\t\t\t<\/div>\n\t\t<\/section>\n\t\t\t\t<section class=\"elementor-section elementor-top-section elementor-element elementor-element-14b0c4d elementor-section-boxed elementor-section-height-default elementor-section-height-default\" data-id=\"14b0c4d\" data-element_type=\"section\" data-e-type=\"section\">\n\t\t\t\t\t\t<div class=\"elementor-container elementor-column-gap-default\">\n\t\t\t\t\t<div class=\"elementor-column elementor-col-100 elementor-top-column elementor-element elementor-element-7776a3b\" data-id=\"7776a3b\" data-element_type=\"column\" data-e-type=\"column\">\n\t\t\t<div class=\"elementor-widget-wrap elementor-element-populated\">\n\t\t\t\t\t\t<div class=\"elementor-element elementor-element-126bd4f elementor-arrows-position-inside elementor-pagination-position-outside elementor-widget elementor-widget-image-carousel\" data-id=\"126bd4f\" data-element_type=\"widget\" data-e-type=\"widget\" data-settings=\"{&quot;navigation&quot;:&quot;both&quot;,&quot;autoplay&quot;:&quot;yes&quot;,&quot;pause_on_hover&quot;:&quot;yes&quot;,&quot;pause_on_interaction&quot;:&quot;yes&quot;,&quot;autoplay_speed&quot;:5000,&quot;infinite&quot;:&quot;yes&quot;,&quot;speed&quot;:500}\" data-widget_type=\"image-carousel.default\">\n\t\t\t\t<div class=\"elementor-widget-container\">\n\t\t\t\t\t\t\t<div class=\"elementor-image-carousel-wrapper swiper\" role=\"region\" aria-roledescription=\"carousel\" aria-label=\"Carrousel d&#039;images\" dir=\"ltr\">\n\t\t\t<div class=\"elementor-image-carousel swiper-wrapper\" aria-live=\"off\">\n\t\t\t\t\t\t\t\t<div class=\"swiper-slide\" role=\"group\" aria-roledescription=\"slide\" aria-label=\"1 sur 3\"><figure class=\"swiper-slide-inner\"><img decoding=\"async\" class=\"swiper-slide-image\" src=\"https:\/\/psp-forum.org\/wp-content\/uploads\/2026\/05\/CMS_4006-150x150.jpg\" alt=\"CMS_4006\" \/><\/figure><\/div><div class=\"swiper-slide\" role=\"group\" aria-roledescription=\"slide\" aria-label=\"2 sur 3\"><figure class=\"swiper-slide-inner\"><img decoding=\"async\" class=\"swiper-slide-image\" src=\"https:\/\/psp-forum.org\/wp-content\/uploads\/2026\/05\/CMS_4879-150x150.jpg\" alt=\"CMS_4879\" \/><\/figure><\/div><div class=\"swiper-slide\" role=\"group\" aria-roledescription=\"slide\" aria-label=\"3 sur 3\"><figure class=\"swiper-slide-inner\"><img decoding=\"async\" class=\"swiper-slide-image\" src=\"https:\/\/psp-forum.org\/wp-content\/uploads\/2026\/05\/CMS_2857-150x150.jpg\" alt=\"CMS_2857\" \/><\/figure><\/div>\t\t\t<\/div>\n\t\t\t\t\t\t\t\t\t\t\t\t<div class=\"elementor-swiper-button elementor-swiper-button-prev\" role=\"button\" tabindex=\"0\">\n\t\t\t\t\t\t<i aria-hidden=\"true\" class=\"eicon-chevron-left\"><\/i>\t\t\t\t\t<\/div>\n\t\t\t\t\t<div class=\"elementor-swiper-button elementor-swiper-button-next\" role=\"button\" tabindex=\"0\">\n\t\t\t\t\t\t<i aria-hidden=\"true\" class=\"eicon-chevron-right\"><\/i>\t\t\t\t\t<\/div>\n\t\t\t\t\n\t\t\t\t\t\t\t\t\t<div class=\"swiper-pagination\"><\/div>\n\t\t\t\t\t\t\t\t\t<\/div>\n\t\t\t\t\t\t<\/div>\n\t\t\t\t<\/div>\n\t\t\t\t<div class=\"elementor-element elementor-element-ccfc605 elementor-widget elementor-widget-text-editor\" data-id=\"ccfc605\" data-element_type=\"widget\" data-e-type=\"widget\" data-widget_type=\"text-editor.default\">\n\t\t\t\t<div class=\"elementor-widget-container\">\n\t\t\t\t\t\t\t\t\t<p><span data-contrast=\"auto\">C'est avec grand plaisir que nous vous annon\u00e7ons la prochaine cr\u00e9ation de la <\/span><b><span data-contrast=\"auto\">Programme des anciens \u00e9l\u00e8ves IFPSP<\/span><\/b><span data-contrast=\"auto\">, unissant les dipl\u00f4m\u00e9s du Forum international pour la paix, la s\u00e9curit\u00e9 et la prosp\u00e9rit\u00e9 \u2014 officiers de coll\u00e8ges militaires, universitaires et dirigeants \u00e9tudiants de cinq nations fondatrices de l'ONU \u2014 afin de maintenir les liens forg\u00e9s au Forum et de promouvoir collectivement les conditions d'une paix positive et durable.\u00a0<\/span><span data-ccp-props=\"{}\">\u00a0<\/span><\/p><p><span data-contrast=\"auto\">Tout cadet officier, \u00e9tudiant ou boursier ayant particip\u00e9 \u00e0 l'IFPSP en personne est inclus dans le r\u00e9seau.\u00a0<\/span><\/p><p>Veuillez consulter cette page dans le courant du mois pour des mises \u00e0 jour.<\/p>\t\t\t\t\t\t\t\t<\/div>\n\t\t\t\t<\/div>\n\t\t\t\t\t<\/div>\n\t\t<\/div>\n\t\t\t\t\t<\/div>\n\t\t<\/section>\n\t\t\t\t<\/div>","protected":false},"excerpt":{"rendered":"<p>Alumni Program It is with great pleasure that we announce the soon creation of the IFPSP\u00a0Alumni Program, uniting graduates of the International Forum for Peace, Security &amp; Prosperity \u2014 military college officers, academics, and student leaders from five\u00a0UN\u00a0founding\u00a0nations \u2014 to sustain the bonds forged at the Forum and collectively advance the conditions for positive, lasting [&hellip;]<\/p>\n","protected":false},"author":9,"featured_media":0,"parent":0,"menu_order":0,"comment_status":"closed","ping_status":"closed","template":"","meta":{"footnotes":""},"class_list":["post-6357","page","type-page","status-publish","hentry","entry"],"_links":{"self":[{"href":"https:\/\/psp-forum.org\/fr\/wp-json\/wp\/v2\/pages\/6357","targetHints":{"allow":["GET"]}}],"collection":[{"href":"https:\/\/psp-forum.org\/fr\/wp-json\/wp\/v2\/pages"}],"about":[{"href":"https:\/\/psp-forum.org\/fr\/wp-json\/wp\/v2\/types\/page"}],"author":[{"embeddable":true,"href":"https:\/\/psp-forum.org\/fr\/wp-json\/wp\/v2\/users\/9"}],"replies":[{"embeddable":true,"href":"https:\/\/psp-forum.org\/fr\/wp-json\/wp\/v2\/comments?post=6357"}],"version-history":[{"count":5,"href":"https:\/\/psp-forum.org\/fr\/wp-json\/wp\/v2\/pages\/6357\/revisions"}],"predecessor-version":[{"id":6387,"href":"https:\/\/psp-forum.org\/fr\/wp-json\/wp\/v2\/pages\/6357\/revisions\/6387"}],"wp:attachment":[{"href":"https:\/\/psp-forum.org\/fr\/wp-json\/wp\/v2\/media?parent=6357"}],"curies":[{"name":"wp","href":"https:\/\/api.w.org\/{rel}","templated":true}]}}