{"id":19,"date":"2020-09-24T10:12:47","date_gmt":"2020-09-24T14:12:47","guid":{"rendered":"https:\/\/psp-forum.org\/?page_id=19"},"modified":"2025-07-04T10:03:04","modified_gmt":"2025-07-04T14:03:04","slug":"leadership","status":"publish","type":"page","link":"https:\/\/psp-forum.org\/it\/leadership\/","title":{"rendered":"Leadership"},"content":{"rendered":"<div data-elementor-type=\"wp-page\" data-elementor-id=\"19\" class=\"elementor elementor-19\" data-elementor-post-type=\"page\">\n\t\t\t\t\t\t<section class=\"elementor-section elementor-top-section elementor-element elementor-element-5ecf9c8 elementor-section-height-min-height elementor-section-boxed elementor-section-height-default elementor-section-items-middle\" data-id=\"5ecf9c8\" data-element_type=\"section\" data-e-type=\"section\" data-settings=\"{&quot;background_background&quot;:&quot;classic&quot;}\">\n\t\t\t\t\t\t\t<div class=\"elementor-background-overlay\"><\/div>\n\t\t\t\t\t\t\t<div class=\"elementor-container elementor-column-gap-default\">\n\t\t\t\t\t<div class=\"elementor-column elementor-col-100 elementor-top-column elementor-element elementor-element-bdec86f\" data-id=\"bdec86f\" data-element_type=\"column\" data-e-type=\"column\">\n\t\t\t<div class=\"elementor-widget-wrap elementor-element-populated\">\n\t\t\t\t\t\t<section class=\"elementor-section elementor-inner-section elementor-element elementor-element-9ed32cb elementor-section-height-min-height elementor-section-boxed elementor-section-height-default\" data-id=\"9ed32cb\" data-element_type=\"section\" data-e-type=\"section\">\n\t\t\t\t\t\t<div class=\"elementor-container elementor-column-gap-default\">\n\t\t\t\t\t<div class=\"elementor-column elementor-col-100 elementor-inner-column elementor-element elementor-element-7486992\" data-id=\"7486992\" data-element_type=\"column\" data-e-type=\"column\">\n\t\t\t<div class=\"elementor-widget-wrap elementor-element-populated\">\n\t\t\t\t\t\t<div class=\"elementor-element elementor-element-b44434b elementor-widget elementor-widget-heading\" data-id=\"b44434b\" data-element_type=\"widget\" data-e-type=\"widget\" data-widget_type=\"heading.default\">\n\t\t\t\t<div class=\"elementor-widget-container\">\n\t\t\t\t\t<h1 class=\"elementor-heading-title elementor-size-default\">Leadership<\/h1>\t\t\t\t<\/div>\n\t\t\t\t<\/div>\n\t\t\t\t\t<\/div>\n\t\t<\/div>\n\t\t\t\t\t<\/div>\n\t\t<\/section>\n\t\t\t\t\t<\/div>\n\t\t<\/div>\n\t\t\t\t\t<\/div>\n\t\t<\/section>\n\t\t\t\t<section class=\"elementor-section elementor-top-section elementor-element elementor-element-9316114 elementor-section-height-min-height elementor-section-boxed elementor-section-height-default elementor-section-items-middle\" data-id=\"9316114\" data-element_type=\"section\" data-e-type=\"section\" data-settings=\"{&quot;background_background&quot;:&quot;classic&quot;}\">\n\t\t\t\t\t\t\t<div class=\"elementor-background-overlay\"><\/div>\n\t\t\t\t\t\t\t<div class=\"elementor-container elementor-column-gap-default\">\n\t\t\t\t\t<div class=\"elementor-column elementor-col-100 elementor-top-column elementor-element elementor-element-e50a238\" data-id=\"e50a238\" data-element_type=\"column\" data-e-type=\"column\">\n\t\t\t<div class=\"elementor-widget-wrap elementor-element-populated\">\n\t\t\t\t\t\t<section class=\"elementor-section elementor-inner-section elementor-element elementor-element-5e04c64 elementor-section-boxed elementor-section-height-default elementor-section-height-default\" data-id=\"5e04c64\" data-element_type=\"section\" data-e-type=\"section\">\n\t\t\t\t\t\t<div class=\"elementor-container elementor-column-gap-default\">\n\t\t\t\t\t<div class=\"elementor-column elementor-col-50 elementor-inner-column elementor-element elementor-element-f9d24ed\" data-id=\"f9d24ed\" data-element_type=\"column\" data-e-type=\"column\">\n\t\t\t<div class=\"elementor-widget-wrap elementor-element-populated\">\n\t\t\t\t\t\t<div class=\"elementor-element elementor-element-b7cea01 elementor-widget elementor-widget-heading\" data-id=\"b7cea01\" data-element_type=\"widget\" data-e-type=\"widget\" data-widget_type=\"heading.default\">\n\t\t\t\t<div class=\"elementor-widget-container\">\n\t\t\t\t\t<h2 class=\"elementor-heading-title elementor-size-default\">Steve Gregory<\/h2>\t\t\t\t<\/div>\n\t\t\t\t<\/div>\n\t\t\t\t<div class=\"elementor-element elementor-element-9d028fd elementor-widget elementor-widget-text-editor\" data-id=\"9d028fd\" data-element_type=\"widget\" data-e-type=\"widget\" data-widget_type=\"text-editor.default\">\n\t\t\t\t<div class=\"elementor-widget-container\">\n\t\t\t\t\t\t\t\t\t<h4>Fondatore e Presidente<\/h4>\t\t\t\t\t\t\t\t<\/div>\n\t\t\t\t<\/div>\n\t\t\t\t<div class=\"elementor-element elementor-element-77967da elementor-widget elementor-widget-text-editor\" data-id=\"77967da\" data-element_type=\"widget\" data-e-type=\"widget\" data-widget_type=\"text-editor.default\">\n\t\t\t\t<div class=\"elementor-widget-container\">\n\t\t\t\t\t\t\t\t\t<p><strong>Stephen (Steve) Gregory, MSM<\/strong> dal 1989 \u00e8 alla guida di IsaiX Technologies Inc., un'azienda specializzata in sviluppo organizzativo e tecnologia per le vendite. Inoltre, siede come amministratore nei consigli di amministrazione di due societ\u00e0 pubbliche quotate alla TSX.<\/p><p>Nel 2006 ha co-fondato la \"3rd Battery of Montreal Artillery\", un'associazione di beneficenza che sostiene cadetti e veterani. Nel 2015 ha co-fondato la campagna Respect, che facilita un'iniziativa di rete nazionale che coinvolge forum in pi\u00f9 di 20 citt\u00e0 canadesi. Questa rete promuove la collaborazione tra le parti interessate che sostengono la salute mentale dei nostri uomini e donne in servizio in uniforme. A vario titolo, ha contribuito alla raccolta di oltre 3 milioni di dollari per le famiglie delle nostre truppe e a varie iniziative di sensibilizzazione della comunit\u00e0.<\/p><p>Steve, supportato da squadre di volontari in Canada, Sicilia e Olanda, ha organizzato marce di 325 km attraverso la Sicilia nel 2013, 2018 e 2023. Le marce hanno reso onore a coloro che hanno combattuto e sono morti da tutte le parti durante l'Operazione Husky, la campagna alleata in Sicilia nel 1943. Tre documentari sull'Operazione Husky sono ora trasmessi in Italia e in Canada, mantenendo viva la memoria dei caduti e la storia della campagna alleata. Nel 2023, Steve e il suo team di volontari siciliani hanno inaugurato il Walk for Remembrance &amp; Peace (Il percorso per il ricordo e la pace), un percorso a piedi di 325 km completamente mappato, progettato per evidenziare il fatto che la Sicilia \u00e8 il primo esempio di successo nella costruzione della pace da parte degli eserciti alleati, dopo l'invasione della Sicilia e la successiva liberazione dell'Italia nel 1943.<\/p>\t\t\t\t\t\t\t\t<\/div>\n\t\t\t\t<\/div>\n\t\t\t\t\t<\/div>\n\t\t<\/div>\n\t\t\t\t<div class=\"elementor-column elementor-col-50 elementor-inner-column elementor-element elementor-element-3a30622\" data-id=\"3a30622\" data-element_type=\"column\" data-e-type=\"column\">\n\t\t\t<div class=\"elementor-widget-wrap elementor-element-populated\">\n\t\t\t\t\t\t<div class=\"elementor-element elementor-element-c406743 elementor-widget elementor-widget-image\" data-id=\"c406743\" data-element_type=\"widget\" data-e-type=\"widget\" data-widget_type=\"image.default\">\n\t\t\t\t<div class=\"elementor-widget-container\">\n\t\t\t\t\t\t\t\t\t\t\t\t\t\t\t<img fetchpriority=\"high\" decoding=\"async\" width=\"413\" height=\"413\" src=\"https:\/\/psp-forum.org\/wp-content\/uploads\/2020\/10\/gregory-steve-small-e1674260666522.jpg\" class=\"attachment-full size-full wp-image-319\" alt=\"\" srcset=\"https:\/\/psp-forum.org\/wp-content\/uploads\/2020\/10\/gregory-steve-small-e1674260666522.jpg 413w, https:\/\/psp-forum.org\/wp-content\/uploads\/2020\/10\/gregory-steve-small-e1674260666522-300x300.jpg 300w, https:\/\/psp-forum.org\/wp-content\/uploads\/2020\/10\/gregory-steve-small-e1674260666522-150x150.jpg 150w, https:\/\/psp-forum.org\/wp-content\/uploads\/2020\/10\/gregory-steve-small-e1674260666522-12x12.jpg 12w\" sizes=\"(max-width: 413px) 100vw, 413px\" \/>\t\t\t\t\t\t\t\t\t\t\t\t\t\t\t<\/div>\n\t\t\t\t<\/div>\n\t\t\t\t\t<\/div>\n\t\t<\/div>\n\t\t\t\t\t<\/div>\n\t\t<\/section>\n\t\t\t\t<div class=\"elementor-element elementor-element-2c38dea elementor-widget elementor-widget-theme-post-title elementor-page-title elementor-widget-heading\" data-id=\"2c38dea\" data-element_type=\"widget\" data-e-type=\"widget\" data-widget_type=\"theme-post-title.default\">\n\t\t\t\t<div class=\"elementor-widget-container\">\n\t\t\t\t\t<h3 class=\"elementor-heading-title elementor-size-default\">Leadership<\/h3>\t\t\t\t<\/div>\n\t\t\t\t<\/div>\n\t\t\t\t<section class=\"elementor-section elementor-inner-section elementor-element elementor-element-5626af0 elementor-section-boxed elementor-section-height-default elementor-section-height-default\" data-id=\"5626af0\" data-element_type=\"section\" data-e-type=\"section\">\n\t\t\t\t\t\t<div class=\"elementor-container elementor-column-gap-default\">\n\t\t\t\t\t<div class=\"elementor-column elementor-col-50 elementor-inner-column elementor-element elementor-element-71fe756\" data-id=\"71fe756\" data-element_type=\"column\" data-e-type=\"column\">\n\t\t\t<div class=\"elementor-widget-wrap elementor-element-populated\">\n\t\t\t\t\t\t<div class=\"elementor-element elementor-element-de6a266 elementor-widget elementor-widget-image\" data-id=\"de6a266\" data-element_type=\"widget\" data-e-type=\"widget\" data-widget_type=\"image.default\">\n\t\t\t\t<div class=\"elementor-widget-container\">\n\t\t\t\t\t\t\t\t\t\t\t\t\t\t\t<img decoding=\"async\" width=\"457\" height=\"457\" src=\"https:\/\/psp-forum.org\/wp-content\/uploads\/2024\/01\/Brigadier-general-retraite-Richard-Giguere.jpg\" class=\"attachment-large size-large wp-image-4496\" alt=\"\" srcset=\"https:\/\/psp-forum.org\/wp-content\/uploads\/2024\/01\/Brigadier-general-retraite-Richard-Giguere.jpg 457w, https:\/\/psp-forum.org\/wp-content\/uploads\/2024\/01\/Brigadier-general-retraite-Richard-Giguere-300x300.jpg 300w, https:\/\/psp-forum.org\/wp-content\/uploads\/2024\/01\/Brigadier-general-retraite-Richard-Giguere-150x150.jpg 150w, https:\/\/psp-forum.org\/wp-content\/uploads\/2024\/01\/Brigadier-general-retraite-Richard-Giguere-12x12.jpg 12w\" sizes=\"(max-width: 457px) 100vw, 457px\" \/>\t\t\t\t\t\t\t\t\t\t\t\t\t\t\t<\/div>\n\t\t\t\t<\/div>\n\t\t\t\t\t<\/div>\n\t\t<\/div>\n\t\t\t\t<div class=\"elementor-column elementor-col-50 elementor-inner-column elementor-element elementor-element-ff18ea6\" data-id=\"ff18ea6\" data-element_type=\"column\" data-e-type=\"column\">\n\t\t\t<div class=\"elementor-widget-wrap elementor-element-populated\">\n\t\t\t\t\t\t<div class=\"elementor-element elementor-element-896f4be elementor-widget elementor-widget-heading\" data-id=\"896f4be\" data-element_type=\"widget\" data-e-type=\"widget\" data-widget_type=\"heading.default\">\n\t\t\t\t<div class=\"elementor-widget-container\">\n\t\t\t\t\t<h2 class=\"elementor-heading-title elementor-size-default\">BGen (ritirato) Richard Gigu\u00e8re<\/h2>\t\t\t\t<\/div>\n\t\t\t\t<\/div>\n\t\t\t\t<div class=\"elementor-element elementor-element-3272672 elementor-widget elementor-widget-text-editor\" data-id=\"3272672\" data-element_type=\"widget\" data-e-type=\"widget\" data-widget_type=\"text-editor.default\">\n\t\t\t\t<div class=\"elementor-widget-container\">\n\t\t\t\t\t\t\t\t\t<p>Il BGen (ret'd) Richard Gigu\u00e8re ha oltre 35 anni di esperienza nell'esercito canadese.  Schierato in Germania, Haiti, Kabul e Kandahar, \u00e8 stato anche addetto militare a Washington.  Ha avuto il privilegio di comandare il 2\u00b0 Battaglione, Royal 22e R\u00e9giment e La Citadelle de Qu\u00e9bec, la Land Force Quebec Area e la Joint Task Force East, nonch\u00e9 il Canadian Forces College di Toronto.\u00a0<\/p><p>Dopo il congedo militare, \u00e8 diventato esperto in residenza presso l'\u00c9cole sup\u00e9rieure d'\u00e9tudes internationales dell'Universit\u00e0 Laval, professore associato presso l'\u00c9cole nationale d'administration publique (ENAP) e docente presso l'Universit\u00e9 du Qu\u00e9bec \u00e0 Chicoutimi.  Diplomato all'\u00c9cole de Guerre de Paris, ha conseguito una laurea in studi militari e strategici presso il Coll\u00e8ge militaire royal de Saint-Jean e un diploma di specializzazione in studi strategici presso l'Universit\u00e9 Paris XIII (Sorbonne Paris-Nord).  Ha completato la formazione presso la Harvard Kennedy School e la United States Joint and Combined Warfighting School di Norfolk, in Virginia.\u00a0\u00a0<\/p><p>Nel 2019 \u00e8 stato nominato colonnello onorario del R\u00e9giment du Saguenay, un'unit\u00e0 di fanteria della Canadian Army Reserve.<\/p>\t\t\t\t\t\t\t\t<\/div>\n\t\t\t\t<\/div>\n\t\t\t\t\t<\/div>\n\t\t<\/div>\n\t\t\t\t\t<\/div>\n\t\t<\/section>\n\t\t\t\t<section class=\"elementor-section elementor-inner-section elementor-element elementor-element-4550ac4 elementor-section-boxed elementor-section-height-default elementor-section-height-default\" data-id=\"4550ac4\" data-element_type=\"section\" data-e-type=\"section\">\n\t\t\t\t\t\t<div class=\"elementor-container elementor-column-gap-default\">\n\t\t\t\t\t<div class=\"elementor-column elementor-col-50 elementor-inner-column elementor-element elementor-element-316d7df\" data-id=\"316d7df\" data-element_type=\"column\" data-e-type=\"column\">\n\t\t\t<div class=\"elementor-widget-wrap elementor-element-populated\">\n\t\t\t\t\t\t<div class=\"elementor-element elementor-element-6971a3b elementor-widget elementor-widget-heading\" data-id=\"6971a3b\" data-element_type=\"widget\" data-e-type=\"widget\" data-widget_type=\"heading.default\">\n\t\t\t\t<div class=\"elementor-widget-container\">\n\t\t\t\t\t<h2 class=\"elementor-heading-title elementor-size-default\">John Mac E. Hannan, CD<\/h2>\t\t\t\t<\/div>\n\t\t\t\t<\/div>\n\t\t\t\t<div class=\"elementor-element elementor-element-6464f9f elementor-widget elementor-widget-text-editor\" data-id=\"6464f9f\" data-element_type=\"widget\" data-e-type=\"widget\" data-widget_type=\"text-editor.default\">\n\t\t\t\t<div class=\"elementor-widget-container\">\n\t\t\t\t\t\t\t\t\t<h4>Direttore per i partenariati internazionali del Forum internazionale per la pace, la sicurezza e la prosperit\u00e0<\/h4>\t\t\t\t\t\t\t\t<\/div>\n\t\t\t\t<\/div>\n\t\t\t\t<div class=\"elementor-element elementor-element-fd448b4 elementor-widget elementor-widget-text-editor\" data-id=\"fd448b4\" data-element_type=\"widget\" data-e-type=\"widget\" data-widget_type=\"text-editor.default\">\n\t\t\t\t<div class=\"elementor-widget-container\">\n\t\t\t\t\t\t\t\t\t<p><span style=\"font-weight: 400;\">Dal 2020 John \u00e8 direttore dei partenariati internazionali del Forum internazionale per la pace, la sicurezza e la prosperit\u00e0.\u00a0 Ha avuto una carriera trentennale come consulente di gestione internazionale e continua a servire come ufficiale delle forze armate canadesi.\u00a0 Con la moglie Marianna risiede a Kirkland, Quebec Canada, e ha due figlie grandi.<\/span><\/p>\t\t\t\t\t\t\t\t<\/div>\n\t\t\t\t<\/div>\n\t\t\t\t\t<\/div>\n\t\t<\/div>\n\t\t\t\t<div class=\"elementor-column elementor-col-50 elementor-inner-column elementor-element elementor-element-166c07f\" data-id=\"166c07f\" data-element_type=\"column\" data-e-type=\"column\">\n\t\t\t<div class=\"elementor-widget-wrap elementor-element-populated\">\n\t\t\t\t\t\t<div class=\"elementor-element elementor-element-a0a5d9e elementor-widget elementor-widget-image\" data-id=\"a0a5d9e\" data-element_type=\"widget\" data-e-type=\"widget\" data-widget_type=\"image.default\">\n\t\t\t\t<div class=\"elementor-widget-container\">\n\t\t\t\t\t\t\t\t\t\t\t\t\t\t\t<img decoding=\"async\" width=\"500\" height=\"485\" src=\"https:\/\/psp-forum.org\/wp-content\/uploads\/2023\/10\/John-Hannon-500-x-485.jpg\" class=\"attachment-full size-full wp-image-4418\" alt=\"\" srcset=\"https:\/\/psp-forum.org\/wp-content\/uploads\/2023\/10\/John-Hannon-500-x-485.jpg 500w, https:\/\/psp-forum.org\/wp-content\/uploads\/2023\/10\/John-Hannon-500-x-485-300x291.jpg 300w, https:\/\/psp-forum.org\/wp-content\/uploads\/2023\/10\/John-Hannon-500-x-485-12x12.jpg 12w\" sizes=\"(max-width: 500px) 100vw, 500px\" \/>\t\t\t\t\t\t\t\t\t\t\t\t\t\t\t<\/div>\n\t\t\t\t<\/div>\n\t\t\t\t\t<\/div>\n\t\t<\/div>\n\t\t\t\t\t<\/div>\n\t\t<\/section>\n\t\t\t\t<section class=\"elementor-section elementor-inner-section elementor-element elementor-element-905e09c elementor-section-boxed elementor-section-height-default elementor-section-height-default\" data-id=\"905e09c\" data-element_type=\"section\" data-e-type=\"section\">\n\t\t\t\t\t\t<div class=\"elementor-container elementor-column-gap-default\">\n\t\t\t\t\t<div class=\"elementor-column elementor-col-50 elementor-inner-column elementor-element elementor-element-5d3ce36\" data-id=\"5d3ce36\" data-element_type=\"column\" data-e-type=\"column\">\n\t\t\t<div class=\"elementor-widget-wrap\">\n\t\t\t\t\t\t\t<\/div>\n\t\t<\/div>\n\t\t\t\t<div class=\"elementor-column elementor-col-50 elementor-inner-column elementor-element elementor-element-3b873f0\" data-id=\"3b873f0\" data-element_type=\"column\" data-e-type=\"column\">\n\t\t\t<div class=\"elementor-widget-wrap elementor-element-populated\">\n\t\t\t\t\t\t<div class=\"elementor-element elementor-element-3872931 elementor-widget elementor-widget-heading\" data-id=\"3872931\" data-element_type=\"widget\" data-e-type=\"widget\" data-widget_type=\"heading.default\">\n\t\t\t\t<div class=\"elementor-widget-container\">\n\t\t\t\t\t<h2 class=\"elementor-heading-title elementor-size-default\">Maggiore Provenza<\/h2>\t\t\t\t<\/div>\n\t\t\t\t<\/div>\n\t\t\t\t<div class=\"elementor-element elementor-element-33a4b09 elementor-widget elementor-widget-text-editor\" data-id=\"33a4b09\" data-element_type=\"widget\" data-e-type=\"widget\" data-widget_type=\"text-editor.default\">\n\t\t\t\t<div class=\"elementor-widget-container\">\n\t\t\t\t\t\t\t\t\t<p>Bio da seguire<\/p>\t\t\t\t\t\t\t\t<\/div>\n\t\t\t\t<\/div>\n\t\t\t\t\t<\/div>\n\t\t<\/div>\n\t\t\t\t\t<\/div>\n\t\t<\/section>\n\t\t\t\t<div class=\"elementor-element elementor-element-a0a2bbf elementor-widget elementor-widget-spacer\" data-id=\"a0a2bbf\" data-element_type=\"widget\" data-e-type=\"widget\" data-widget_type=\"spacer.default\">\n\t\t\t\t<div class=\"elementor-widget-container\">\n\t\t\t\t\t\t\t<div class=\"elementor-spacer\">\n\t\t\t<div class=\"elementor-spacer-inner\"><\/div>\n\t\t<\/div>\n\t\t\t\t\t\t<\/div>\n\t\t\t\t<\/div>\n\t\t\t\t\t<\/div>\n\t\t<\/div>\n\t\t\t\t\t<\/div>\n\t\t<\/section>\n\t\t\t\t<\/div>","protected":false},"excerpt":{"rendered":"<p>Leadership Steve Gregory Founder and Chairman Stephen (Steve) Gregory, MSM has led IsaiX Technologies Inc., a firm specializes in organizational development and technology for sales, since 1989. In addition, he sits as a director on the boards of two TSX-listed public companies. In 2006, he co-founded the \u201c3rd Battery of Montreal Artillery,\u201d a charity which [&hellip;]<\/p>\n","protected":false},"author":3,"featured_media":2755,"parent":0,"menu_order":0,"comment_status":"closed","ping_status":"closed","template":"elementor_header_footer","meta":{"footnotes":""},"class_list":["post-19","page","type-page","status-publish","has-post-thumbnail","hentry","entry","has-media"],"_links":{"self":[{"href":"https:\/\/psp-forum.org\/it\/wp-json\/wp\/v2\/pages\/19","targetHints":{"allow":["GET"]}}],"collection":[{"href":"https:\/\/psp-forum.org\/it\/wp-json\/wp\/v2\/pages"}],"about":[{"href":"https:\/\/psp-forum.org\/it\/wp-json\/wp\/v2\/types\/page"}],"author":[{"embeddable":true,"href":"https:\/\/psp-forum.org\/it\/wp-json\/wp\/v2\/users\/3"}],"replies":[{"embeddable":true,"href":"https:\/\/psp-forum.org\/it\/wp-json\/wp\/v2\/comments?post=19"}],"version-history":[{"count":5,"href":"https:\/\/psp-forum.org\/it\/wp-json\/wp\/v2\/pages\/19\/revisions"}],"predecessor-version":[{"id":5633,"href":"https:\/\/psp-forum.org\/it\/wp-json\/wp\/v2\/pages\/19\/revisions\/5633"}],"wp:featuredmedia":[{"embeddable":true,"href":"https:\/\/psp-forum.org\/it\/wp-json\/wp\/v2\/media\/2755"}],"wp:attachment":[{"href":"https:\/\/psp-forum.org\/it\/wp-json\/wp\/v2\/media?parent=19"}],"curies":[{"name":"wp","href":"https:\/\/api.w.org\/{rel}","templated":true}]}}