{"id":20,"date":"2020-09-24T10:12:47","date_gmt":"2020-09-24T14:12:47","guid":{"rendered":"https:\/\/psp-forum.org\/?page_id=20"},"modified":"2024-02-02T14:22:20","modified_gmt":"2024-02-02T19:22:20","slug":"advisory-council","status":"publish","type":"page","link":"https:\/\/psp-forum.org\/it\/advisory-council\/","title":{"rendered":"Consiglio consultivo"},"content":{"rendered":"<div data-elementor-type=\"wp-page\" data-elementor-id=\"20\" class=\"elementor elementor-20\" data-elementor-post-type=\"page\">\n\t\t\t\t\t\t<section class=\"elementor-section elementor-top-section elementor-element elementor-element-4664388 elementor-section-height-min-height elementor-section-boxed elementor-section-height-default elementor-section-items-middle\" data-id=\"4664388\" data-element_type=\"section\" data-e-type=\"section\" data-settings=\"{&quot;background_background&quot;:&quot;classic&quot;}\">\n\t\t\t\t\t\t\t<div class=\"elementor-background-overlay\"><\/div>\n\t\t\t\t\t\t\t<div class=\"elementor-container elementor-column-gap-default\">\n\t\t\t\t\t<div class=\"elementor-column elementor-col-100 elementor-top-column elementor-element elementor-element-df994c1\" data-id=\"df994c1\" data-element_type=\"column\" data-e-type=\"column\">\n\t\t\t<div class=\"elementor-widget-wrap elementor-element-populated\">\n\t\t\t\t\t\t<section class=\"elementor-section elementor-inner-section elementor-element elementor-element-41ec143 elementor-section-height-min-height elementor-section-boxed elementor-section-height-default\" data-id=\"41ec143\" data-element_type=\"section\" data-e-type=\"section\">\n\t\t\t\t\t\t<div class=\"elementor-container elementor-column-gap-default\">\n\t\t\t\t\t<div class=\"elementor-column elementor-col-100 elementor-inner-column elementor-element elementor-element-e8ffee5\" data-id=\"e8ffee5\" data-element_type=\"column\" data-e-type=\"column\">\n\t\t\t<div class=\"elementor-widget-wrap elementor-element-populated\">\n\t\t\t\t\t\t<div class=\"elementor-element elementor-element-233a891 elementor-widget elementor-widget-heading\" data-id=\"233a891\" data-element_type=\"widget\" data-e-type=\"widget\" data-widget_type=\"heading.default\">\n\t\t\t\t<div class=\"elementor-widget-container\">\n\t\t\t\t\t<h1 class=\"elementor-heading-title elementor-size-default\">Comitato consultivo accademico<\/h1>\t\t\t\t<\/div>\n\t\t\t\t<\/div>\n\t\t\t\t\t<\/div>\n\t\t<\/div>\n\t\t\t\t\t<\/div>\n\t\t<\/section>\n\t\t\t\t\t<\/div>\n\t\t<\/div>\n\t\t\t\t\t<\/div>\n\t\t<\/section>\n\t\t\t\t<section class=\"elementor-section elementor-top-section elementor-element elementor-element-613d419 elementor-section-boxed elementor-section-height-default elementor-section-height-default\" data-id=\"613d419\" data-element_type=\"section\" data-e-type=\"section\">\n\t\t\t\t\t\t<div class=\"elementor-container elementor-column-gap-default\">\n\t\t\t\t\t<div class=\"elementor-column elementor-col-100 elementor-top-column elementor-element elementor-element-b008311\" data-id=\"b008311\" data-element_type=\"column\" data-e-type=\"column\">\n\t\t\t<div class=\"elementor-widget-wrap elementor-element-populated\">\n\t\t\t\t\t\t<div class=\"elementor-element elementor-element-9144e82 elementor-widget elementor-widget-text-editor\" data-id=\"9144e82\" data-element_type=\"widget\" data-e-type=\"widget\" data-widget_type=\"text-editor.default\">\n\t\t\t\t<div class=\"elementor-widget-container\">\n\t\t\t\t\t\t\t\t\t<p>Il comitato consultivo accademico \u00e8 guidato dall'ex generale di brigata Richard Gigu\u00e8re e docente ospite e militare (in pensione) presso l'\u00c9cole sup\u00e9rieure d'\u00e9tudes internationales (ESEI) presso l'Universit\u00e0 di Laval.<\/p><p>Il suo team internazionale di accademici ed esperti in materia definisce ogni anno gli argomenti e il programma del Forum Internazionale per la Pace, la Sicurezza e la Prosperit\u00e0. Il comitato definisce la natura delle attivit\u00e0 didattiche e i criteri per i concorsi studenteschi. Di seguito sono elencati i membri attuali del comitato (cliccare sui nomi per maggiori informazioni).<\/p>\t\t\t\t\t\t\t\t<\/div>\n\t\t\t\t<\/div>\n\t\t\t\t\t<\/div>\n\t\t<\/div>\n\t\t\t\t\t<\/div>\n\t\t<\/section>\n\t\t\t\t<section class=\"elementor-section elementor-top-section elementor-element elementor-element-321a9a73 elementor-section-boxed elementor-section-height-default elementor-section-height-default\" data-id=\"321a9a73\" data-element_type=\"section\" data-e-type=\"section\">\n\t\t\t\t\t\t<div class=\"elementor-container elementor-column-gap-default\">\n\t\t\t\t\t<div class=\"elementor-column elementor-col-100 elementor-top-column elementor-element elementor-element-6a31ff80\" data-id=\"6a31ff80\" data-element_type=\"column\" data-e-type=\"column\">\n\t\t\t<div class=\"elementor-widget-wrap elementor-element-populated\">\n\t\t\t\t\t\t<div class=\"elementor-element elementor-element-5fbee0ae elementor-widget elementor-widget-toggle\" data-id=\"5fbee0ae\" data-element_type=\"widget\" data-e-type=\"widget\" data-widget_type=\"toggle.default\">\n\t\t\t\t<div class=\"elementor-widget-container\">\n\t\t\t\t\t\t\t<div class=\"elementor-toggle\">\n\t\t\t\t\t\t\t<div class=\"elementor-toggle-item\">\n\t\t\t\t\t<div id=\"elementor-tab-title-1601\" class=\"elementor-tab-title\" data-tab=\"1\" role=\"button\" aria-controls=\"elementor-tab-content-1601\" aria-expanded=\"false\">\n\t\t\t\t\t\t\t\t\t\t\t\t<span class=\"elementor-toggle-icon elementor-toggle-icon-left\" aria-hidden=\"true\">\n\t\t\t\t\t\t\t\t\t\t\t\t\t\t\t<span class=\"elementor-toggle-icon-closed\"><i class=\"fas fa-caret-right\"><\/i><\/span>\n\t\t\t\t\t\t\t\t<span class=\"elementor-toggle-icon-opened\"><i class=\"elementor-toggle-icon-opened fas fa-caret-up\"><\/i><\/span>\n\t\t\t\t\t\t\t\t\t\t\t\t\t<\/span>\n\t\t\t\t\t\t\t\t\t\t\t\t<a class=\"elementor-toggle-title\" tabindex=\"0\">Tenente colonnello Symeon Zambas - direttore dell'Accademia di sicurezza e difesa cipriota e presidente dell'EUMSSF<\/a>\n\t\t\t\t\t<\/div>\n\n\t\t\t\t\t<div id=\"elementor-tab-content-1601\" class=\"elementor-tab-content elementor-clearfix\" data-tab=\"1\" role=\"region\" aria-labelledby=\"elementor-tab-title-1601\"><p><img fetchpriority=\"high\" decoding=\"async\" class=\"size-medium wp-image-2083 alignleft\" src=\"https:\/\/psp-forum.org\/wp-content\/uploads\/2021\/08\/Background-268x300.png\" alt=\"\" width=\"268\" height=\"300\" srcset=\"https:\/\/psp-forum.org\/wp-content\/uploads\/2021\/08\/Background-268x300.png 268w, https:\/\/psp-forum.org\/wp-content\/uploads\/2021\/08\/Background-11x12.png 11w, https:\/\/psp-forum.org\/wp-content\/uploads\/2021\/08\/Background.png 480w\" sizes=\"(max-width: 268px) 100vw, 268px\" \/><\/p><p><span style=\"font-weight: 400;\">Il tenente colonnello Symeon Zambas si \u00e8 laureato presso l'Accademia Aeronautica Ellenica e si \u00e8 unito alla Forza Aerea di Cipro nel 1993. Nella prima parte della sua carriera ha occupato posti operativi in unit\u00e0 di difesa aerea ed \u00e8 stato comandante del centro di addestramento della difesa aerea di Cipro.\u00a0\u00a0<\/span><\/p><p><span style=\"font-weight: 400;\">Dal 31 luglio 2009 al 28 febbraio 2014 ha prestato servizio presso la direzione della politica di difesa e delle relazioni internazionali del ministero della difesa di Cipro nel team della presidenza del Consiglio dell'UE di Cipro e come funzionario di scrivania per le attivit\u00e0 ESDC, Erasmus militare, Istituto UE di studi sulla sicurezza, cielo unico europeo ed Eurocontrol.\u00a0<\/span><\/p><p><span style=\"font-weight: 400;\">Durante questo periodo ha progettato le Olimpiadi CSDP e ha organizzato la prima Olimpiade CSDP a Cipro.\u00a0 Ha servito due volte come direttore del corso di orientamento CSDP ed \u00e8 stato anche il direttore del quarto modulo del corso di alto livello CSDP 2013-14. \u00c8 stato membro del gruppo di attuazione dell'iniziativa europea per lo scambio di giovani funzionari, ispirata da Erasmus e membro del consiglio accademico esecutivo dell'ESDC dal 2009. \u00c8 stato nominato presidente della comunicazione strategica e redattore della newsletter sull'iniziativa Erasmus militare dal 2012 al 2014.\u00a0<\/span><\/p><p><span style=\"font-weight: 400;\">\u00c8 stato il responsabile della formazione militare dell'ESDC da marzo 2014 a febbraio 2020 e in questa veste ha coordinato l'iniziativa Erasmus militare, \u00e8 stato il co-creatore della Scuola di dottorato PSDC nel 2017 e il suo coordinatore fino a settembre 2019, e l'ideatore e primo presidente del Forum delle scuole secondarie militari dell'UE dal 15 ottobre 2019. Durante questo periodo, \u00e8 stato anche il coordinatore dei corsi di sicurezza marittima, sicurezza energetica e cooperazione europea in materia di armamenti e della Scuola estiva di dottorato PSDC 2019.\u00a0<\/span><\/p><p><span style=\"font-weight: 400;\">Ha seguito l'Economic and Social Research Council E.S.R.C. dell'Universit\u00e0 di Nottingham. <\/span><i><span style=\"font-weight: 400;\">\u2018Programma \u2019Leader d'impatto\u2019 <\/span><\/i><span style=\"font-weight: 400;\">da settembre 2019 a gennaio 2020.\u00a0<\/span><\/p><p><span style=\"font-weight: 400;\">\u00c8 co-fondatore e primo presidente dell'Associazione dei cittadini europei dal 5<\/span><span style=\"font-weight: 400;\">a <\/span><span style=\"font-weight: 400;\">Febbraio 2020 <\/span><span style=\"font-weight: 400;\">https:\/\/www.european-citizens-association.eu\/ <\/span><span style=\"font-weight: 400;\">.\u00a0<\/span><\/p><p><span style=\"font-weight: 400;\">Da marzo 2020 \u00e8 tornato al ministero della difesa di Cipro ed \u00e8 stato nominato direttore dell'Accademia di sicurezza e difesa.<\/span><\/p><\/div>\n\t\t\t\t<\/div>\n\t\t\t\t\t\t\t<div class=\"elementor-toggle-item\">\n\t\t\t\t\t<div id=\"elementor-tab-title-1602\" class=\"elementor-tab-title\" data-tab=\"2\" role=\"button\" aria-controls=\"elementor-tab-content-1602\" aria-expanded=\"false\">\n\t\t\t\t\t\t\t\t\t\t\t\t<span class=\"elementor-toggle-icon elementor-toggle-icon-left\" aria-hidden=\"true\">\n\t\t\t\t\t\t\t\t\t\t\t\t\t\t\t<span class=\"elementor-toggle-icon-closed\"><i class=\"fas fa-caret-right\"><\/i><\/span>\n\t\t\t\t\t\t\t\t<span class=\"elementor-toggle-icon-opened\"><i class=\"elementor-toggle-icon-opened fas fa-caret-up\"><\/i><\/span>\n\t\t\t\t\t\t\t\t\t\t\t\t\t<\/span>\n\t\t\t\t\t\t\t\t\t\t\t\t<a class=\"elementor-toggle-title\" tabindex=\"0\">Serge Stroobants - Direttore del programma, Europa e MENA, Istituto per l'Economia e la Pace<\/a>\n\t\t\t\t\t<\/div>\n\n\t\t\t\t\t<div id=\"elementor-tab-content-1602\" class=\"elementor-tab-content elementor-clearfix\" data-tab=\"2\" role=\"region\" aria-labelledby=\"elementor-tab-title-1602\"><p><img decoding=\"async\" class=\"size-medium wp-image-4104 alignleft\" src=\"https:\/\/psp-forum.org\/wp-content\/uploads\/2023\/08\/Serge-Stroobants-500-x-500-300x300.jpg\" alt=\"\" width=\"300\" height=\"300\" srcset=\"https:\/\/psp-forum.org\/wp-content\/uploads\/2023\/08\/Serge-Stroobants-500-x-500-300x300.jpg 300w, https:\/\/psp-forum.org\/wp-content\/uploads\/2023\/08\/Serge-Stroobants-500-x-500-150x150.jpg 150w, https:\/\/psp-forum.org\/wp-content\/uploads\/2023\/08\/Serge-Stroobants-500-x-500-12x12.jpg 12w, https:\/\/psp-forum.org\/wp-content\/uploads\/2023\/08\/Serge-Stroobants-500-x-500.jpg 500w\" sizes=\"(max-width: 300px) 100vw, 300px\" \/><\/p><p>Serge Stroobants \u00e8 direttore per l'Europa e la regione MENA e direttore globale per la sicurezza, la difesa e l'intelligence dell'Institute for Economics and Peace. La sua specializzazione accademica \u00e8 in scienze politiche, relazioni internazionali, sicurezza e difesa, analisi del rischio globale, previsione e gestione delle crisi.<\/p><p>\u00c8 professore ospite presso la Riga Graduate School of Law, il Trocadero Forum Institute di Parigi e la Brussels School of Governance. \u00c8 inoltre senior fellow presso l'Irish College della KU Leuven e senior associate presso l'Istituto europeo di studi asiatici, nonch\u00e9 alumnus dell'International Visitors Leadership Program del Dipartimento di Stato americano.<\/p><\/div>\n\t\t\t\t<\/div>\n\t\t\t\t\t\t\t<div class=\"elementor-toggle-item\">\n\t\t\t\t\t<div id=\"elementor-tab-title-1603\" class=\"elementor-tab-title\" data-tab=\"3\" role=\"button\" aria-controls=\"elementor-tab-content-1603\" aria-expanded=\"false\">\n\t\t\t\t\t\t\t\t\t\t\t\t<span class=\"elementor-toggle-icon elementor-toggle-icon-left\" aria-hidden=\"true\">\n\t\t\t\t\t\t\t\t\t\t\t\t\t\t\t<span class=\"elementor-toggle-icon-closed\"><i class=\"fas fa-caret-right\"><\/i><\/span>\n\t\t\t\t\t\t\t\t<span class=\"elementor-toggle-icon-opened\"><i class=\"elementor-toggle-icon-opened fas fa-caret-up\"><\/i><\/span>\n\t\t\t\t\t\t\t\t\t\t\t\t\t<\/span>\n\t\t\t\t\t\t\t\t\t\t\t\t<a class=\"elementor-toggle-title\" tabindex=\"0\">John M. Melkon, Direttore, Centro per lo studio delle operazioni civili e militari<\/a>\n\t\t\t\t\t<\/div>\n\n\t\t\t\t\t<div id=\"elementor-tab-content-1603\" class=\"elementor-tab-content elementor-clearfix\" data-tab=\"3\" role=\"region\" aria-labelledby=\"elementor-tab-title-1603\"><p><span style=\"font-weight: 400;\"><img decoding=\"async\" class=\"size-medium wp-image-2276 alignleft\" src=\"https:\/\/psp-forum.org\/wp-content\/uploads\/2021\/10\/John-Melkon-300x258.jpeg\" alt=\"\" width=\"300\" height=\"258\" srcset=\"https:\/\/psp-forum.org\/wp-content\/uploads\/2021\/10\/John-Melkon-300x258.jpeg 300w, https:\/\/psp-forum.org\/wp-content\/uploads\/2021\/10\/John-Melkon-14x12.jpeg 14w, https:\/\/psp-forum.org\/wp-content\/uploads\/2021\/10\/John-Melkon.jpeg 559w\" sizes=\"(max-width: 300px) 100vw, 300px\" \/> John Melkon \u00e8 un professore assistente presso l'Accademia Militare degli Stati Uniti ed \u00e8 stato incaricato di costruire e guidare il Centro per lo studio delle operazioni civili-militari a West Point dal 2012. In questa veste \u00e8 responsabile di facilitare il coordinamento, la pianificazione e l'esecuzione della visione strategica e della missione del Centro per educare la facolt\u00e0, i cadetti e la comunit\u00e0 di pratica. Insegna anche seminari sulla geografia dell'Africa subsahariana e sulla geografia del Medio Oriente e del Nord Africa. \u00c8 co-autore di un capitolo del libro di testo Effective Civil-Military Interaction in Peace Operations ed \u00e8 apparso in commissioni presso l'Universit\u00e0 di Princeton, USAFRICOM, l'Istituto di Pace degli Stati Uniti e l'US Naval War College. \u00c8 assistente per il corso di contrasto al crimine organizzato transnazionale presso il Marshall Center di Garmisch in Germania. Attualmente fa parte dei consigli di amministrazione della George Bush School of Government and Public Service, dell'Alumni and Friends of Princeton ROTC ed \u00e8 un membro dell'Associazione dei Veterani di Princeton.<\/span><\/p><p><span style=\"font-weight: 400;\">Prima del suo servizio al CSCMO, il signor Melkon ha servito come consulente operativo senior per l'esercito degli Stati Uniti in Africa a Vicenza, Italia, dal 2009 al 2012. Era responsabile del collegamento strategico con i partner inter-agenzie e multinazionali e della consulenza al comando sulla pianificazione operativa critica. Durante questo incarico ha servito il comando nell'OPERAZIONE ODYSSEY DAWN. \u00c8 stato anche un ufficiale delle operazioni strategiche per il Dipartimento della Difesa dal 2006 al 2009 con servizio all'OPERAZIONE ENDURING FREEDOM. Prima di rientrare nel servizio pubblico, il signor Melkon ha lavorato come socio bancario internazionale per Credit Suisse First Boston a Francoforte, in Germania. Prima del suo servizio civile, il signor Melkon era un ufficiale delle forze speciali dell'esercito che ha servito per oltre tredici anni in cinque continenti e decine di paesi prima di andare in pensione.<\/span><\/p><p><span style=\"font-weight: 400;\">In oltre trent'anni di servizio per la sicurezza nazionale degli Stati Uniti d'America, Melkon ha avuto esperienze operative e di combattimento in Europa, Africa, Medio Oriente e Asia centrale e sudorientale. La sua esperienza abbraccia una vasta gamma di operazioni civili-militari, guerra non convenzionale, antiterrorismo, controinsurrezione e difesa interna estera. Dall'11 settembre il signor Melkon ha prestato servizio in Afghanistan in diversi tour di combattimento come membro del servizio civile e in uniforme. Durante questo periodo ha pianificato ed eseguito operazioni di combattimento con elementi delle Joint Special Operations Task Forces e altre forze per operazioni speciali contro elementi di Al Qaeda, i talebani e varie organizzazioni terroristiche. Ha ricevuto numerosi riconoscimenti tra cui la medaglia della campagna in Afghanistan, il Combat Infantry Badge, la medaglia del Segretario della Difesa per la guerra globale al terrorismo e il Joint Civilian Service Commendation Award da una Joint Special Operations Task Force. \u00c8 qualificato per le Forze Speciali, Ranger e Airborne. \u00c8 diplomato al National Senior Intelligence Course ed \u00e8 anche un negoziatore di crisi certificato dall'FBI. \u00c8 un investigatore privato con licenza a New York, New Jersey ed \u00e8 un partner di DDCues, una societ\u00e0 di sicurezza e mitigazione del rischio su misura con uffici a New York e Washington e operazioni sul campo a livello globale.<\/span><\/p><\/div>\n\t\t\t\t<\/div>\n\t\t\t\t\t\t\t<div class=\"elementor-toggle-item\">\n\t\t\t\t\t<div id=\"elementor-tab-title-1604\" class=\"elementor-tab-title\" data-tab=\"4\" role=\"button\" aria-controls=\"elementor-tab-content-1604\" aria-expanded=\"false\">\n\t\t\t\t\t\t\t\t\t\t\t\t<span class=\"elementor-toggle-icon elementor-toggle-icon-left\" aria-hidden=\"true\">\n\t\t\t\t\t\t\t\t\t\t\t\t\t\t\t<span class=\"elementor-toggle-icon-closed\"><i class=\"fas fa-caret-right\"><\/i><\/span>\n\t\t\t\t\t\t\t\t<span class=\"elementor-toggle-icon-opened\"><i class=\"elementor-toggle-icon-opened fas fa-caret-up\"><\/i><\/span>\n\t\t\t\t\t\t\t\t\t\t\t\t\t<\/span>\n\t\t\t\t\t\t\t\t\t\t\t\t<a class=\"elementor-toggle-title\" tabindex=\"0\">Lobna Ch\u00e9rif, PhD, CAPP, CRT, PPCC, MBSP - Fondatore e Direttore del programma Resilience Plus, Royal Military College<\/a>\n\t\t\t\t\t<\/div>\n\n\t\t\t\t\t<div id=\"elementor-tab-content-1604\" class=\"elementor-tab-content elementor-clearfix\" data-tab=\"4\" role=\"region\" aria-labelledby=\"elementor-tab-title-1604\"><p>Lobna Ch\u00e9rif \u00e8 fondatrice e direttrice del programma Resilience Plus presso il Royal Military College, dove \u00e8 professore associato presso il Dipartimento di Psicologia Militare e Leadership e dove detiene anche la cattedra di Resilienza. La ricerca attuale della dott.ssa Ch\u00e9rif si concentra sui punti di forza del carattere, sulla mindfulness, sulla resilienza e sulla realizzazione - e su come applicare questa comprensione per migliorare il benessere e le prestazioni.<\/p><\/div>\n\t\t\t\t<\/div>\n\t\t\t\t\t\t\t<div class=\"elementor-toggle-item\">\n\t\t\t\t\t<div id=\"elementor-tab-title-1605\" class=\"elementor-tab-title\" data-tab=\"5\" role=\"button\" aria-controls=\"elementor-tab-content-1605\" aria-expanded=\"false\">\n\t\t\t\t\t\t\t\t\t\t\t\t<span class=\"elementor-toggle-icon elementor-toggle-icon-left\" aria-hidden=\"true\">\n\t\t\t\t\t\t\t\t\t\t\t\t\t\t\t<span class=\"elementor-toggle-icon-closed\"><i class=\"fas fa-caret-right\"><\/i><\/span>\n\t\t\t\t\t\t\t\t<span class=\"elementor-toggle-icon-opened\"><i class=\"elementor-toggle-icon-opened fas fa-caret-up\"><\/i><\/span>\n\t\t\t\t\t\t\t\t\t\t\t\t\t<\/span>\n\t\t\t\t\t\t\t\t\t\t\t\t<a class=\"elementor-toggle-title\" tabindex=\"0\">Dott. Evert Kleynhans, PhD, - Docente senior presso il Dipartimento di Storia militare dell'Universit\u00e0 di Stellenbosch<\/a>\n\t\t\t\t\t<\/div>\n\n\t\t\t\t\t<div id=\"elementor-tab-content-1605\" class=\"elementor-tab-content elementor-clearfix\" data-tab=\"5\" role=\"region\" aria-labelledby=\"elementor-tab-title-1605\"><p><img loading=\"lazy\" decoding=\"async\" class=\"size-full wp-image-4100 alignleft\" src=\"https:\/\/psp-forum.org\/wp-content\/uploads\/2023\/08\/Evert-Kleynhans-200-x-222.jpg\" alt=\"\" width=\"200\" height=\"222\" srcset=\"https:\/\/psp-forum.org\/wp-content\/uploads\/2023\/08\/Evert-Kleynhans-200-x-222.jpg 200w, https:\/\/psp-forum.org\/wp-content\/uploads\/2023\/08\/Evert-Kleynhans-200-x-222-11x12.jpg 11w\" sizes=\"(max-width: 200px) 100vw, 200px\" \/>Evert Kleynhans, PhD, \u00e8 docente senior presso il Dipartimento di Storia militare della Facolt\u00e0 di Scienze militari dell'Universit\u00e0 di Stellenbosch in Sudafrica. \u00c8 redattore di Scientia Militaria: South African Journal of Military Studies. Numerosi suoi articoli e capitoli sono stati pubblicati in riviste accademiche e libri.<\/p><\/div>\n\t\t\t\t<\/div>\n\t\t\t\t\t\t\t<div class=\"elementor-toggle-item\">\n\t\t\t\t\t<div id=\"elementor-tab-title-1606\" class=\"elementor-tab-title\" data-tab=\"6\" role=\"button\" aria-controls=\"elementor-tab-content-1606\" aria-expanded=\"false\">\n\t\t\t\t\t\t\t\t\t\t\t\t<span class=\"elementor-toggle-icon elementor-toggle-icon-left\" aria-hidden=\"true\">\n\t\t\t\t\t\t\t\t\t\t\t\t\t\t\t<span class=\"elementor-toggle-icon-closed\"><i class=\"fas fa-caret-right\"><\/i><\/span>\n\t\t\t\t\t\t\t\t<span class=\"elementor-toggle-icon-opened\"><i class=\"elementor-toggle-icon-opened fas fa-caret-up\"><\/i><\/span>\n\t\t\t\t\t\t\t\t\t\t\t\t\t<\/span>\n\t\t\t\t\t\t\t\t\t\t\t\t<a class=\"elementor-toggle-title\" tabindex=\"0\">Dr. Ian Parenteau, PhD - Professore di Scienze Politiche, Collegio Reale Militare di Saint-Jean<\/a>\n\t\t\t\t\t<\/div>\n\n\t\t\t\t\t<div id=\"elementor-tab-content-1606\" class=\"elementor-tab-content elementor-clearfix\" data-tab=\"6\" role=\"region\" aria-labelledby=\"elementor-tab-title-1606\"><p><img loading=\"lazy\" decoding=\"async\" class=\"size-medium wp-image-4140 alignleft\" src=\"https:\/\/psp-forum.org\/wp-content\/uploads\/2023\/09\/Ian-PARENTEAU-Portrait-III-septembre-2023-500-x-500-300x300.jpg\" alt=\"\" width=\"300\" height=\"300\" srcset=\"https:\/\/psp-forum.org\/wp-content\/uploads\/2023\/09\/Ian-PARENTEAU-Portrait-III-septembre-2023-500-x-500-300x300.jpg 300w, https:\/\/psp-forum.org\/wp-content\/uploads\/2023\/09\/Ian-PARENTEAU-Portrait-III-septembre-2023-500-x-500-150x150.jpg 150w, https:\/\/psp-forum.org\/wp-content\/uploads\/2023\/09\/Ian-PARENTEAU-Portrait-III-septembre-2023-500-x-500-12x12.jpg 12w, https:\/\/psp-forum.org\/wp-content\/uploads\/2023\/09\/Ian-PARENTEAU-Portrait-III-septembre-2023-500-x-500.jpg 500w\" sizes=\"(max-width: 300px) 100vw, 300px\" \/>Ian Parenteau, PhD, \u00e8 professore di scienze politiche presso il Royal Military College Saint-Jean. La sua ricerca si concentra sulle ideologie politiche e sui rischi elettorali. \u00c8 segretario dell'Associazione internazionale delle accademie militari (IAMA) ed ex ufficiale di cavalleria.<\/p><\/div>\n\t\t\t\t<\/div>\n\t\t\t\t\t\t\t<div class=\"elementor-toggle-item\">\n\t\t\t\t\t<div id=\"elementor-tab-title-1607\" class=\"elementor-tab-title\" data-tab=\"7\" role=\"button\" aria-controls=\"elementor-tab-content-1607\" aria-expanded=\"false\">\n\t\t\t\t\t\t\t\t\t\t\t\t<span class=\"elementor-toggle-icon elementor-toggle-icon-left\" aria-hidden=\"true\">\n\t\t\t\t\t\t\t\t\t\t\t\t\t\t\t<span class=\"elementor-toggle-icon-closed\"><i class=\"fas fa-caret-right\"><\/i><\/span>\n\t\t\t\t\t\t\t\t<span class=\"elementor-toggle-icon-opened\"><i class=\"elementor-toggle-icon-opened fas fa-caret-up\"><\/i><\/span>\n\t\t\t\t\t\t\t\t\t\t\t\t\t<\/span>\n\t\t\t\t\t\t\t\t\t\t\t\t<a class=\"elementor-toggle-title\" tabindex=\"0\">Dr. Howard G. Coombs, PhD - Professore associato di storia, Royal Military College of Canada<\/a>\n\t\t\t\t\t<\/div>\n\n\t\t\t\t\t<div id=\"elementor-tab-content-1607\" class=\"elementor-tab-content elementor-clearfix\" data-tab=\"7\" role=\"region\" aria-labelledby=\"elementor-tab-title-1607\"><p><img loading=\"lazy\" decoding=\"async\" class=\"size-full wp-image-4387 alignleft\" src=\"https:\/\/psp-forum.org\/wp-content\/uploads\/2023\/09\/COOMBS-Howard-220.jpg\" alt=\"\" width=\"220\" height=\"283\" srcset=\"https:\/\/psp-forum.org\/wp-content\/uploads\/2023\/09\/COOMBS-Howard-220.jpg 220w, https:\/\/psp-forum.org\/wp-content\/uploads\/2023\/09\/COOMBS-Howard-220-9x12.jpg 9w\" sizes=\"(max-width: 220px) 100vw, 220px\" \/>Howard Coombs, PhD, \u00e8 professore associato di storia presso il Royal Military College of Canada e vicedirettore del Centro per la politica internazionale e di difesa della Queen's University, entrambi a Kingston, Ontario. Coombs \u00e8 anche riservista part-time dell'esercito canadese presso l'Accademia di Difesa canadese, sempre a Kingston. Coombs ha conseguito il dottorato di ricerca in Storia militare presso la Queen's University e i suoi principali interessi di ricerca sono l'istruzione militare professionale canadese, oltre alle operazioni militari e all'addestramento della Guerra fredda canadese.<\/p><\/div>\n\t\t\t\t<\/div>\n\t\t\t\t\t\t\t\t<\/div>\n\t\t\t\t\t\t<\/div>\n\t\t\t\t<\/div>\n\t\t\t\t\t<\/div>\n\t\t<\/div>\n\t\t\t\t\t<\/div>\n\t\t<\/section>\n\t\t\t\t<\/div>","protected":false},"excerpt":{"rendered":"<p>Academic Advisory Committee The Academic Advisory Committee is led by former Brigadier General Richard Gigu\u00e8re, and Guest Lecturer and Military (ret) in residence, \u00c9cole sup\u00e9rieure d&#8217;\u00e9tudes internationales (ESEI) at Laval University. His international team of Academics and subject matter experts, determine the topics and program each year for the International Forum for Peace, Security &amp; [&hellip;]<\/p>\n","protected":false},"author":3,"featured_media":2755,"parent":0,"menu_order":0,"comment_status":"closed","ping_status":"closed","template":"elementor_header_footer","meta":{"footnotes":""},"class_list":["post-20","page","type-page","status-publish","has-post-thumbnail","hentry","entry","has-media"],"_links":{"self":[{"href":"https:\/\/psp-forum.org\/it\/wp-json\/wp\/v2\/pages\/20","targetHints":{"allow":["GET"]}}],"collection":[{"href":"https:\/\/psp-forum.org\/it\/wp-json\/wp\/v2\/pages"}],"about":[{"href":"https:\/\/psp-forum.org\/it\/wp-json\/wp\/v2\/types\/page"}],"author":[{"embeddable":true,"href":"https:\/\/psp-forum.org\/it\/wp-json\/wp\/v2\/users\/3"}],"replies":[{"embeddable":true,"href":"https:\/\/psp-forum.org\/it\/wp-json\/wp\/v2\/comments?post=20"}],"version-history":[{"count":5,"href":"https:\/\/psp-forum.org\/it\/wp-json\/wp\/v2\/pages\/20\/revisions"}],"predecessor-version":[{"id":4510,"href":"https:\/\/psp-forum.org\/it\/wp-json\/wp\/v2\/pages\/20\/revisions\/4510"}],"wp:featuredmedia":[{"embeddable":true,"href":"https:\/\/psp-forum.org\/it\/wp-json\/wp\/v2\/media\/2755"}],"wp:attachment":[{"href":"https:\/\/psp-forum.org\/it\/wp-json\/wp\/v2\/media?parent=20"}],"curies":[{"name":"wp","href":"https:\/\/api.w.org\/{rel}","templated":true}]}}