{"id":2481,"date":"2021-11-13T08:30:40","date_gmt":"2021-11-13T13:30:40","guid":{"rendered":"https:\/\/psp-forum.org\/?page_id=2481"},"modified":"2022-03-15T23:08:14","modified_gmt":"2022-03-16T03:08:14","slug":"summary-of-student-contest-rules","status":"publish","type":"page","link":"https:\/\/psp-forum.org\/it\/summary-of-student-contest-rules\/","title":{"rendered":"Summary of Student Contest Rules"},"content":{"rendered":"<div data-elementor-type=\"wp-page\" data-elementor-id=\"2481\" class=\"elementor elementor-2481\" data-elementor-post-type=\"page\">\n\t\t\t\t\t\t<section class=\"elementor-section elementor-top-section elementor-element elementor-element-10cd17ce elementor-section-height-min-height elementor-section-boxed elementor-section-height-default elementor-section-items-middle\" data-id=\"10cd17ce\" data-element_type=\"section\" data-e-type=\"section\" data-settings=\"{&quot;background_background&quot;:&quot;classic&quot;}\">\n\t\t\t\t\t\t\t<div class=\"elementor-background-overlay\"><\/div>\n\t\t\t\t\t\t\t<div class=\"elementor-container elementor-column-gap-default\">\n\t\t\t\t\t<div class=\"elementor-column elementor-col-100 elementor-top-column elementor-element elementor-element-374f30c0\" data-id=\"374f30c0\" data-element_type=\"column\" data-e-type=\"column\">\n\t\t\t<div class=\"elementor-widget-wrap elementor-element-populated\">\n\t\t\t\t\t\t<div class=\"elementor-element elementor-element-a18f000 elementor-widget elementor-widget-spacer\" data-id=\"a18f000\" data-element_type=\"widget\" data-e-type=\"widget\" data-widget_type=\"spacer.default\">\n\t\t\t\t<div class=\"elementor-widget-container\">\n\t\t\t\t\t\t\t<div class=\"elementor-spacer\">\n\t\t\t<div class=\"elementor-spacer-inner\"><\/div>\n\t\t<\/div>\n\t\t\t\t\t\t<\/div>\n\t\t\t\t<\/div>\n\t\t\t\t<div class=\"elementor-element elementor-element-5103266d elementor-widget elementor-widget-heading\" data-id=\"5103266d\" data-element_type=\"widget\" data-e-type=\"widget\" data-widget_type=\"heading.default\">\n\t\t\t\t<div class=\"elementor-widget-container\">\n\t\t\t\t\t<h1 class=\"elementor-heading-title elementor-size-default\">Riassunto delle regole del concorso per studenti - 29 ottobre 2021<\/h1>\t\t\t\t<\/div>\n\t\t\t\t<\/div>\n\t\t\t\t<div class=\"elementor-element elementor-element-961528f elementor-widget elementor-widget-spacer\" data-id=\"961528f\" data-element_type=\"widget\" data-e-type=\"widget\" data-widget_type=\"spacer.default\">\n\t\t\t\t<div class=\"elementor-widget-container\">\n\t\t\t\t\t\t\t<div class=\"elementor-spacer\">\n\t\t\t<div class=\"elementor-spacer-inner\"><\/div>\n\t\t<\/div>\n\t\t\t\t\t\t<\/div>\n\t\t\t\t<\/div>\n\t\t\t\t\t<\/div>\n\t\t<\/div>\n\t\t\t\t\t<\/div>\n\t\t<\/section>\n\t\t\t\t<section class=\"elementor-section elementor-top-section elementor-element elementor-element-6d0b92f elementor-section-boxed elementor-section-height-default elementor-section-height-default\" data-id=\"6d0b92f\" data-element_type=\"section\" data-e-type=\"section\">\n\t\t\t\t\t\t<div class=\"elementor-container elementor-column-gap-default\">\n\t\t\t\t\t<div class=\"elementor-column elementor-col-100 elementor-top-column elementor-element elementor-element-4042051\" data-id=\"4042051\" data-element_type=\"column\" data-e-type=\"column\">\n\t\t\t<div class=\"elementor-widget-wrap elementor-element-populated\">\n\t\t\t\t\t\t<div class=\"elementor-element elementor-element-eec0f11 elementor-widget elementor-widget-text-editor\" data-id=\"eec0f11\" data-element_type=\"widget\" data-e-type=\"widget\" data-widget_type=\"text-editor.default\">\n\t\t\t\t<div class=\"elementor-widget-container\">\n\t\t\t\t\t\t\t\t\t<ol><li style=\"font-weight: 400;\" aria-level=\"1\"><span style=\"font-weight: 400;\">1.\tIl concorso \u00e8 aperto agli studenti delle scuole superiori che attualmente frequentano le classi 10 - 12 o equivalenti.<\/span><\/li><li style=\"font-weight: 400;\" aria-level=\"1\"><span style=\"font-weight: 400;\">2.\tGli studenti sono invitati a presentare un saggio tra 750 e 1.500 parole o un video di lunghezza compresa tra 2 e 3 minuti al massimo, in formato MP4, che sia basato su uno dei tre temi del Forum di quest'anno:<\/span><ol><li style=\"font-weight: 400;\" aria-level=\"2\"><span style=\"font-weight: 400;\">Descrivere il significato storico degli sforzi civili alleati e italiani per ristabilire la pace, fornire sicurezza e porre le basi per la prosperit\u00e0 della societ\u00e0 siciliana subito dopo la battaglia per la Sicilia nel 1943;<\/span><\/li><li style=\"font-weight: 400;\" aria-level=\"2\"><span style=\"font-weight: 400;\">Descrivere l'importanza per la pace, la sicurezza e la prosperit\u00e0 di una recente operazione sanzionata dall'ONU \/ NATO \/ Coalizione, evidenziando in particolare la cooperazione civile \/ militare e la leadership; o<\/span><\/li><li style=\"font-weight: 400;\" aria-level=\"2\"><span style=\"font-weight: 400;\">Esplorare l'impatto delle collaborazioni tra governi e organizzazioni civili e la professione delle armi, nell'instaurazione di una pace positiva.<\/span><\/li><\/ol><\/li><li style=\"font-weight: 400;\" aria-level=\"1\"><span style=\"font-weight: 400;\">Gli studenti possono presentare solo una voce in una categoria.<\/span><\/li><li style=\"font-weight: 400;\" aria-level=\"1\" class=\"translation-block\">La data ultima per la registrazione e la presentazione del concorso \u00e8 il <b>15 gennaio 2022.  Nessuna iscrizione sar\u00e0 accettata o considerata dopo questa data.<\/b><\/li><li style=\"font-weight: 400;\" aria-level=\"1\"><span style=\"font-weight: 400;\">Le scuole superiori partecipanti non sono limitate nel numero di candidature degli studenti. Tuttavia, \u00e8 consentita una sola presentazione per studente o gruppo di studenti e gli studenti devono scegliere quale categoria presentare, poich\u00e9 non sono ammesse iscrizioni per entrambe le categorie.<\/span><\/li><li style=\"font-weight: 400;\" aria-level=\"1\"><span style=\"font-weight: 400;\">Tutte le proposte devono essere approvate dal preside o da chi ne fa le veci prima di essere presentate.  Le proposte ricevute senza tale approvazione non saranno accettate o considerate.<\/span><\/li><li style=\"font-weight: 400;\" aria-level=\"1\" class=\"translation-block\">La selezione dei finalisti sia per i saggi che per i video sar\u00e0 fatta da una giuria la cui decisione sar\u00e0 definitiva e non soggetta ad appello.<\/li><li style=\"font-weight: 400;\" aria-level=\"1\"><span style=\"font-weight: 400;\">E' inteso da tutti i partecipanti che le opere presentate sono considerate di propriet\u00e0 dell'IFPSP ai fini della pubblicazione.<\/span><\/li><li style=\"font-weight: 400;\" aria-level=\"1\"><span style=\"font-weight: 400;\">I finalisti dell'opzione saggio hanno il diritto di essere invitati a diventare panellisti in una delle tre commissioni.  Ai finalisti della categoria video sar\u00e0 offerta l'opportunit\u00e0 di presentare il loro video durante il Panel 4.<\/span><\/li><li style=\"font-weight: 400;\" aria-level=\"1\"><span style=\"font-weight: 400;\">Le presentazioni di gruppo sono consentite solo se il gruppo non \u00e8 pi\u00f9 grande di 3 studenti. Tuttavia, solo 1 membro del gruppo sar\u00e0 selezionato per presentare la voce del gruppo al Forum.<\/span><\/li><li style=\"font-weight: 400;\" aria-level=\"1\"><span style=\"font-weight: 400;\">L'annuncio dei vincitori del Primo, Secondo e Terzo Posto per entrambe le categorie saggio e video sar\u00e0 fatto alla fine del Panel 4.<\/span><\/li><li style=\"font-weight: 400;\" aria-level=\"1\"><span style=\"font-weight: 400;\">L'IFPSP pubblicher\u00e0 tutti i saggi e i video meritevoli sul sito web del Forum, evidenziando i nomi degli autori.<\/span><\/li><\/ol>\t\t\t\t\t\t\t\t<\/div>\n\t\t\t\t<\/div>\n\t\t\t\t<section class=\"elementor-section elementor-inner-section elementor-element elementor-element-d719b67 elementor-section-boxed elementor-section-height-default elementor-section-height-default\" data-id=\"d719b67\" data-element_type=\"section\" data-e-type=\"section\">\n\t\t\t\t\t\t<div class=\"elementor-container elementor-column-gap-default\">\n\t\t\t\t\t<div class=\"elementor-column elementor-col-50 elementor-inner-column elementor-element elementor-element-dcb5753\" data-id=\"dcb5753\" data-element_type=\"column\" data-e-type=\"column\">\n\t\t\t<div class=\"elementor-widget-wrap elementor-element-populated\">\n\t\t\t\t\t\t<div class=\"elementor-element elementor-element-200e95e7 elementor-align-center elementor-widget elementor-widget-button\" data-id=\"200e95e7\" data-element_type=\"widget\" data-e-type=\"widget\" data-widget_type=\"button.default\">\n\t\t\t\t<div class=\"elementor-widget-container\">\n\t\t\t\t\t\t\t\t\t<div class=\"elementor-button-wrapper\">\n\t\t\t\t\t<a class=\"elementor-button elementor-button-link elementor-size-sm elementor-animation-grow\" href=\"https:\/\/psp-forum.org\/wp-content\/uploads\/2021\/11\/Student-Contest-Rules-RM-8-Nov-IT.docx-1.pdf\" target=\"_blank\">\n\t\t\t\t\t\t<span class=\"elementor-button-content-wrapper\">\n\t\t\t\t\t\t\t\t\t<span class=\"elementor-button-text\">Scarica il riassunto del concorso<\/span>\n\t\t\t\t\t<\/span>\n\t\t\t\t\t<\/a>\n\t\t\t\t<\/div>\n\t\t\t\t\t\t\t\t<\/div>\n\t\t\t\t<\/div>\n\t\t\t\t\t<\/div>\n\t\t<\/div>\n\t\t\t\t<div class=\"elementor-column elementor-col-50 elementor-inner-column elementor-element elementor-element-f65747d\" data-id=\"f65747d\" data-element_type=\"column\" data-e-type=\"column\">\n\t\t\t<div class=\"elementor-widget-wrap elementor-element-populated\">\n\t\t\t\t\t\t<div class=\"elementor-element elementor-element-465e6d5 elementor-align-center elementor-widget elementor-widget-button\" data-id=\"465e6d5\" data-element_type=\"widget\" data-e-type=\"widget\" data-widget_type=\"button.default\">\n\t\t\t\t<div class=\"elementor-widget-container\">\n\t\t\t\t\t\t\t\t\t<div class=\"elementor-button-wrapper\">\n\t\t\t\t\t<a class=\"elementor-button elementor-button-link elementor-size-sm elementor-animation-grow\" href=\"https:\/\/psp-forum.org\/wp-content\/uploads\/2021\/10\/2021-regolamento-concorso.pdf\" target=\"_blank\">\n\t\t\t\t\t\t<span class=\"elementor-button-content-wrapper\">\n\t\t\t\t\t\t\t\t\t<span class=\"elementor-button-text\">Scarica la versione completa<\/span>\n\t\t\t\t\t<\/span>\n\t\t\t\t\t<\/a>\n\t\t\t\t<\/div>\n\t\t\t\t\t\t\t\t<\/div>\n\t\t\t\t<\/div>\n\t\t\t\t\t<\/div>\n\t\t<\/div>\n\t\t\t\t\t<\/div>\n\t\t<\/section>\n\t\t\t\t<div class=\"elementor-element elementor-element-3bf68a04 elementor-align-center elementor-widget elementor-widget-button\" data-id=\"3bf68a04\" data-element_type=\"widget\" data-e-type=\"widget\" data-widget_type=\"button.default\">\n\t\t\t\t<div class=\"elementor-widget-container\">\n\t\t\t\t\t\t\t\t\t<div class=\"elementor-button-wrapper\">\n\t\t\t\t\t<a class=\"elementor-button elementor-button-link elementor-size-lg elementor-animation-grow\" href=\"https:\/\/psp-forum.org\/it\/register\/\">\n\t\t\t\t\t\t<span class=\"elementor-button-content-wrapper\">\n\t\t\t\t\t\t\t\t\t<span class=\"elementor-button-text\">Voglio partecipare<\/span>\n\t\t\t\t\t<\/span>\n\t\t\t\t\t<\/a>\n\t\t\t\t<\/div>\n\t\t\t\t\t\t\t\t<\/div>\n\t\t\t\t<\/div>\n\t\t\t\t\t<\/div>\n\t\t<\/div>\n\t\t\t\t\t<\/div>\n\t\t<\/section>\n\t\t\t\t<\/div>","protected":false},"excerpt":{"rendered":"<p>Summary of Student Contest Rules \u2013 29 October 2021 The contest is open to high school students who are currently in grades 10 to 12 or equivalent. Students are invited to submit one of either an essay of between 750 and 1,500 words, or a video of between 2 and 3 minutes, maximum, in length [&hellip;]<\/p>\n","protected":false},"author":3,"featured_media":2755,"parent":0,"menu_order":0,"comment_status":"closed","ping_status":"closed","template":"elementor_header_footer","meta":{"footnotes":""},"class_list":["post-2481","page","type-page","status-publish","has-post-thumbnail","hentry","entry","has-media"],"_links":{"self":[{"href":"https:\/\/psp-forum.org\/it\/wp-json\/wp\/v2\/pages\/2481","targetHints":{"allow":["GET"]}}],"collection":[{"href":"https:\/\/psp-forum.org\/it\/wp-json\/wp\/v2\/pages"}],"about":[{"href":"https:\/\/psp-forum.org\/it\/wp-json\/wp\/v2\/types\/page"}],"author":[{"embeddable":true,"href":"https:\/\/psp-forum.org\/it\/wp-json\/wp\/v2\/users\/3"}],"replies":[{"embeddable":true,"href":"https:\/\/psp-forum.org\/it\/wp-json\/wp\/v2\/comments?post=2481"}],"version-history":[{"count":0,"href":"https:\/\/psp-forum.org\/it\/wp-json\/wp\/v2\/pages\/2481\/revisions"}],"wp:featuredmedia":[{"embeddable":true,"href":"https:\/\/psp-forum.org\/it\/wp-json\/wp\/v2\/media\/2755"}],"wp:attachment":[{"href":"https:\/\/psp-forum.org\/it\/wp-json\/wp\/v2\/media?parent=2481"}],"curies":[{"name":"wp","href":"https:\/\/api.w.org\/{rel}","templated":true}]}}